{"id":2749,"date":"2020-07-07T13:48:26","date_gmt":"2020-07-07T11:48:26","guid":{"rendered":"http:\/\/agora.xtec.cat\/institutbisbesivilla\/?page_id=2749"},"modified":"2026-02-03T12:45:42","modified_gmt":"2026-02-03T11:45:42","slug":"secretaria","status":"publish","type":"page","link":"https:\/\/agora.xtec.cat\/institutbisbesivilla\/secretaria\/","title":{"rendered":"Secretaria"},"content":{"rendered":"<p>&nbsp;<\/p>\n<div class=\"row\">\n<div class=\"columns small-12 large-2\"><img decoding=\"async\" src=\"https:\/\/img.icons8.com\/color\/90\/000000\/overtime.png\" \/><\/div>\n<div class=\"columns small-12 large-10\">\n<h2>Horari de secretaria<\/h2>\n<p>Matins de 8:00 a 14:00. Tel\u00e8fon de contacte: 937661201<\/p>\n<p>Per a tramitar els vostres t\u00edtols acad\u00e8mics heu d&#8217;entrar al web de <a href=\"https:\/\/tramits.gencat.cat\/ca\/tramits\/tramits-temes\/titols-academics-no-universitaris?category=742b7874-a82c-11e3-a972-000c29052e2c\">Tramitaci\u00f3 de t\u00edtols acad\u00e8mics i professionals no universitaris. <\/a>En aquest web tamb\u00e9 podreu consultar l&#8217;estat de les vostres tramitacions, per a verificar si el t\u00edtol est\u00e0 ja disponible o no.<\/p>\n<div style=\"text-align: right;\"><\/div>\n<\/div>\n<\/div>\n","protected":false},"excerpt":{"rendered":"<p>&nbsp;<\/p>\n<p>Horari de secretaria<br \/>\nMatins de 8:00 a 14:00. Tel\u00e8fon de contacte: 937661201<br \/>\nPer a tramitar els vostres t\u00edtols acad\u00e8mics heu d&#8217;entrar al web de <a href=\"https:\/\/tramits.gencat.cat\/ca\/tramits\/tramits-temes\/titols-academics-no-universitaris?category=742b7874-a82c-11e3-a972-000c29052e2c\">Tramitaci\u00f3 de t\u00edtols acad\u00e8mics i professionals no universitaris. <\/a>En aquest web tamb\u00e9 podreu consultar l&#8217;estat de les vostres tramitacions, per a verificar&hellip;  <a href=\"https:\/\/agora.xtec.cat\/institutbisbesivilla\/secretaria\/\" title=\"Read Secretaria\">Llegeix m\u00e9s\u00bb<\/a><\/p>\n","protected":false},"author":93,"featured_media":0,"parent":0,"menu_order":0,"comment_status":"closed","ping_status":"closed","template":"page-templates\/side-menu.php","meta":{"_bbp_topic_count":0,"_bbp_reply_count":0,"_bbp_total_topic_count":0,"_bbp_total_reply_count":0,"_bbp_voice_count":0,"_bbp_anonymous_reply_count":0,"_bbp_topic_count_hidden":0,"_bbp_reply_count_hidden":0,"_bbp_forum_subforum_count":0,"footnotes":""},"class_list":["post-2749","page","type-page","status-publish","hentry"],"post_mailing_queue_ids":[],"_links":{"self":[{"href":"https:\/\/agora.xtec.cat\/institutbisbesivilla\/wp-json\/wp\/v2\/pages\/2749","targetHints":{"allow":["GET"]}}],"collection":[{"href":"https:\/\/agora.xtec.cat\/institutbisbesivilla\/wp-json\/wp\/v2\/pages"}],"about":[{"href":"https:\/\/agora.xtec.cat\/institutbisbesivilla\/wp-json\/wp\/v2\/types\/page"}],"author":[{"embeddable":true,"href":"https:\/\/agora.xtec.cat\/institutbisbesivilla\/wp-json\/wp\/v2\/users\/93"}],"replies":[{"embeddable":true,"href":"https:\/\/agora.xtec.cat\/institutbisbesivilla\/wp-json\/wp\/v2\/comments?post=2749"}],"version-history":[{"count":6,"href":"https:\/\/agora.xtec.cat\/institutbisbesivilla\/wp-json\/wp\/v2\/pages\/2749\/revisions"}],"predecessor-version":[{"id":4301,"href":"https:\/\/agora.xtec.cat\/institutbisbesivilla\/wp-json\/wp\/v2\/pages\/2749\/revisions\/4301"}],"wp:attachment":[{"href":"https:\/\/agora.xtec.cat\/institutbisbesivilla\/wp-json\/wp\/v2\/media?parent=2749"}],"curies":[{"name":"wp","href":"https:\/\/api.w.org\/{rel}","templated":true}]}}