{"id":1421,"date":"2017-06-13T13:45:33","date_gmt":"2017-06-13T11:45:33","guid":{"rendered":"http:\/\/agora.xtec.cat\/institutbisbesivilla\/?page_id=1421"},"modified":"2026-03-30T16:49:30","modified_gmt":"2026-03-30T14:49:30","slug":"beques","status":"publish","type":"page","link":"https:\/\/agora.xtec.cat\/institutbisbesivilla\/secretaria\/beques\/","title":{"rendered":"Beques"},"content":{"rendered":"<h4>Per a qualsevol consulta sobre les beques cliqueu al seg\u00fcent enlla\u00e7: <em><strong><a href=\"http:\/\/ensenyament.gencat.cat\/ca\/serveis-tramits\/beques\/\" target=\"_blank\" rel=\"noopener noreferrer\">Beques (GENCAT)<\/a><\/strong><\/em><\/h4>\n<ul>\n<li><a href=\"https:\/\/educacio.gencat.cat\/ca\/tramits\/tramits-temes\/358-ajuts-ministerio-NEE\">Beques alumnes NEE<\/a> curs 2025-26 (<a href=\"https:\/\/www.boe.es\/diario_boe\/txt.php?id=BOE-B-2025-15040\">BOE<\/a> &#8211; <a href=\"https:\/\/www.infosubvenciones.es\/bdnstrans\/GE\/es\/convocatoria\/828444\">BDNS<\/a>)<\/li>\n<li>Beques de car\u00e0cter general pels alumnes que cursin ensenyaments postobligatoris <strong>2026-27<\/strong> (batxillerat &#8211; cicles formatius) (<a href=\"https:\/\/www.boe.es\/diario_boe\/txt.php?id=BOE-B-2026-9261\">BOE<\/a> &#8211; <a href=\"https:\/\/www.infosubvenciones.es\/bdnstrans\/GE\/es\/convocatoria\/894743\">BDNS<\/a> &#8211; <a href=\"https:\/\/dogc.gencat.cat\/ca\/document-del-dogc\/?documentId=1040593\">DOGC<\/a>)<\/li>\n<li>Es recorda que els alumnes de CFGS que hagin pagat \u00edntegrament l&#8217;import oficial de matr\u00edcula i que rebin beca durant el curs, han de demanar la devoluci\u00f3 del 50% de l&#8217;import pagat a secretaria, abans de final del final de juliol de l&#8217;any corresponent al curs. Tingueu en compte el tancament del centre, que es produeix a la darrera setmana de juliol.<\/li>\n<\/ul>\n","protected":false},"excerpt":{"rendered":"<p>Per a qualsevol consulta sobre les beques cliqueu al seg\u00fcent enlla\u00e7: <a href=\"http:\/\/ensenyament.gencat.cat\/ca\/serveis-tramits\/beques\/\" target=\"_blank\" rel=\"noopener noreferrer\">Beques (GENCAT)<\/a><\/p>\n<ul>\n<li><a href=\"https:\/\/educacio.gencat.cat\/ca\/tramits\/tramits-temes\/358-ajuts-ministerio-NEE\">Beques alumnes NEE<\/a> curs 2025-26 (<a href=\"https:\/\/www.boe.es\/diario_boe\/txt.php?id=BOE-B-2025-15040\">BOE<\/a> &#8211; <a href=\"https:\/\/www.infosubvenciones.es\/bdnstrans\/GE\/es\/convocatoria\/828444\">BDNS<\/a>)<\/li>\n<li>Beques de car\u00e0cter general pels alumnes que cursin ensenyaments postobligatoris 2026-27 (batxillerat &#8211; cicles formatius) (<a href=\"https:\/\/www.boe.es\/diario_boe\/txt.php?id=BOE-B-2026-9261\">BOE<\/a> &#8211; <a&hellip;  <a href=\"https:\/\/agora.xtec.cat\/institutbisbesivilla\/secretaria\/beques\/\" title=\"Read Beques\">Llegeix m\u00e9s\u00bb<\/a><br \/>\n","protected":false},"author":7,"featured_media":0,"parent":2749,"menu_order":3,"comment_status":"closed","ping_status":"closed","template":"page-templates\/side-menu.php","meta":{"_bbp_topic_count":0,"_bbp_reply_count":0,"_bbp_total_topic_count":0,"_bbp_total_reply_count":0,"_bbp_voice_count":0,"_bbp_anonymous_reply_count":0,"_bbp_topic_count_hidden":0,"_bbp_reply_count_hidden":0,"_bbp_forum_subforum_count":0,"footnotes":""},"class_list":["post-1421","page","type-page","status-publish","hentry"],"post_mailing_queue_ids":[],"_links":{"self":[{"href":"https:\/\/agora.xtec.cat\/institutbisbesivilla\/wp-json\/wp\/v2\/pages\/1421","targetHints":{"allow":["GET"]}}],"collection":[{"href":"https:\/\/agora.xtec.cat\/institutbisbesivilla\/wp-json\/wp\/v2\/pages"}],"about":[{"href":"https:\/\/agora.xtec.cat\/institutbisbesivilla\/wp-json\/wp\/v2\/types\/page"}],"author":[{"embeddable":true,"href":"https:\/\/agora.xtec.cat\/institutbisbesivilla\/wp-json\/wp\/v2\/users\/7"}],"replies":[{"embeddable":true,"href":"https:\/\/agora.xtec.cat\/institutbisbesivilla\/wp-json\/wp\/v2\/comments?post=1421"}],"version-history":[{"count":7,"href":"https:\/\/agora.xtec.cat\/institutbisbesivilla\/wp-json\/wp\/v2\/pages\/1421\/revisions"}],"predecessor-version":[{"id":4316,"href":"https:\/\/agora.xtec.cat\/institutbisbesivilla\/wp-json\/wp\/v2\/pages\/1421\/revisions\/4316"}],"up":[{"embeddable":true,"href":"https:\/\/agora.xtec.cat\/institutbisbesivilla\/wp-json\/wp\/v2\/pages\/2749"}],"wp:attachment":[{"href":"https:\/\/agora.xtec.cat\/institutbisbesivilla\/wp-json\/wp\/v2\/media?parent=1421"}],"curies":[{"name":"wp","href":"https:\/\/api.w.org\/{rel}","templated":true}]}}