{"id":8257,"date":"2020-04-07T15:33:47","date_gmt":"2020-04-07T13:33:47","guid":{"rendered":"http:\/\/agora.xtec.cat\/institut-torrefarrera\/?page_id=8257"},"modified":"2020-06-06T18:35:50","modified_gmt":"2020-06-06T16:35:50","slug":"linstitut-des-de-casa","status":"publish","type":"page","link":"https:\/\/agora.xtec.cat\/institut-torrefarrera\/linstitut-des-de-casa\/","title":{"rendered":"L&#8217;Institut des de casa"},"content":{"rendered":"<p><a href=\"https:\/\/agora.xtec.cat\/institut-torrefarrera\/wp-content\/uploads\/usu847\/2020\/04\/vista_sudest.jpg\"><img loading=\"lazy\" decoding=\"async\" class=\"wp-image-8355 aligncenter\" src=\"https:\/\/agora.xtec.cat\/institut-torrefarrera\/wp-content\/uploads\/usu847\/2020\/04\/vista_sudest.jpg\" alt=\"\" width=\"438\" height=\"152\" srcset=\"https:\/\/agora.xtec.cat\/institut-torrefarrera\/wp-content\/uploads\/usu847\/2020\/04\/vista_sudest.jpg 875w, https:\/\/agora.xtec.cat\/institut-torrefarrera\/wp-content\/uploads\/usu847\/2020\/04\/vista_sudest-300x104.jpg 300w, https:\/\/agora.xtec.cat\/institut-torrefarrera\/wp-content\/uploads\/usu847\/2020\/04\/vista_sudest-768x265.jpg 768w\" sizes=\"auto, (max-width: 438px) 100vw, 438px\" \/><\/a>Des d&#8217;aquesta p\u00e0gina podeu accedir a enlla\u00e7os d&#8217;inter\u00e8s informatiu pel que fa a diversos \u00e0mbits i, pel que fa al treball a casa de l&#8217;alumnat, l&#8217;agenda de previsi\u00f3 d&#8217;entrega de tasques per cursos, i l&#8217;horari d&#8217;atenci\u00f3 per videoconfer\u00e8ncia a l&#8217;alumnat, tamb\u00e9 per cursos.<\/p>\n<table class=\" aligncenter\" style=\"width: 587px; height: 592px;\">\n<tbody>\n<tr style=\"height: 173px;\">\n<td style=\"width: 168.8px; border-style: none; height: 173px;\"><a href=\"http:\/\/agora.xtec.cat\/institut-torrefarrera\/families-linstitut-des-de-casa\/\"><img loading=\"lazy\" decoding=\"async\" class=\"alignnone size-full wp-image-8258\" src=\"https:\/\/agora.xtec.cat\/institut-torrefarrera\/wp-content\/uploads\/usu847\/2020\/04\/FAM\u00cdLIES.jpg\" alt=\"\" width=\"500\" height=\"500\" srcset=\"https:\/\/agora.xtec.cat\/institut-torrefarrera\/wp-content\/uploads\/usu847\/2020\/04\/FAM\u00cdLIES.jpg 500w, https:\/\/agora.xtec.cat\/institut-torrefarrera\/wp-content\/uploads\/usu847\/2020\/04\/FAM\u00cdLIES-150x150.jpg 150w, https:\/\/agora.xtec.cat\/institut-torrefarrera\/wp-content\/uploads\/usu847\/2020\/04\/FAM\u00cdLIES-300x300.jpg 300w\" sizes=\"auto, (max-width: 500px) 100vw, 500px\" \/><\/a><\/td>\n<td style=\"width: 241.6px; border-style: none; text-align: center; height: 173px;\"><a href=\"http:\/\/agora.xtec.cat\/institut-torrefarrera\/previsio-de-tasques-i-horari-de-consultes\/\"><img loading=\"lazy\" decoding=\"async\" class=\"alignnone size-full wp-image-8267\" src=\"https:\/\/agora.xtec.cat\/institut-torrefarrera\/wp-content\/uploads\/usu847\/2020\/04\/AGENDA2-1.jpg\" alt=\"\" width=\"500\" height=\"500\" srcset=\"https:\/\/agora.xtec.cat\/institut-torrefarrera\/wp-content\/uploads\/usu847\/2020\/04\/AGENDA2-1.jpg 500w, https:\/\/agora.xtec.cat\/institut-torrefarrera\/wp-content\/uploads\/usu847\/2020\/04\/AGENDA2-1-150x150.jpg 150w, https:\/\/agora.xtec.cat\/institut-torrefarrera\/wp-content\/uploads\/usu847\/2020\/04\/AGENDA2-1-300x300.jpg 300w\" sizes=\"auto, (max-width: 500px) 100vw, 500px\" \/><\/a><\/td>\n<td style=\"width: 168px; border-style: none; height: 173px;\"><a href=\"http:\/\/agora.xtec.cat\/institut-torrefarrera\/recursos-per-aprendre-linstitut-des-de-casa\/\"><img loading=\"lazy\" decoding=\"async\" class=\"alignnone size-full wp-image-8260\" src=\"https:\/\/agora.xtec.cat\/institut-torrefarrera\/wp-content\/uploads\/usu847\/2020\/04\/RECURSO.jpg\" alt=\"\" width=\"500\" height=\"500\" srcset=\"https:\/\/agora.xtec.cat\/institut-torrefarrera\/wp-content\/uploads\/usu847\/2020\/04\/RECURSO.jpg 500w, https:\/\/agora.xtec.cat\/institut-torrefarrera\/wp-content\/uploads\/usu847\/2020\/04\/RECURSO-150x150.jpg 150w, https:\/\/agora.xtec.cat\/institut-torrefarrera\/wp-content\/uploads\/usu847\/2020\/04\/RECURSO-300x300.jpg 300w\" sizes=\"auto, (max-width: 500px) 100vw, 500px\" \/><\/a><\/td>\n<\/tr>\n<tr>\n<td style=\"width: 168.8px; border-style: none;\" colspan=\"3\"><a href=\"https:\/\/agora.xtec.cat\/institut-torrefarrera\/i-a-lestiu-que\/\"><img loading=\"lazy\" decoding=\"async\" class=\"wp-image-8632 aligncenter\" src=\"https:\/\/agora.xtec.cat\/institut-torrefarrera\/wp-content\/uploads\/usu847\/2020\/06\/icona.png\" alt=\"\" width=\"413\" height=\"174\" srcset=\"https:\/\/agora.xtec.cat\/institut-torrefarrera\/wp-content\/uploads\/usu847\/2020\/06\/icona.png 774w, https:\/\/agora.xtec.cat\/institut-torrefarrera\/wp-content\/uploads\/usu847\/2020\/06\/icona-300x127.png 300w, https:\/\/agora.xtec.cat\/institut-torrefarrera\/wp-content\/uploads\/usu847\/2020\/06\/icona-768x324.png 768w\" sizes=\"auto, (max-width: 413px) 100vw, 413px\" \/><\/a><\/td>\n<\/tr>\n<tr style=\"height: 173px;\">\n<td style=\"width: 168.8px; border-style: none; height: 173px;\"><a href=\"http:\/\/agora.xtec.cat\/institut-torrefarrera\/joves-linstitut-des-de-casa\/\"><img loading=\"lazy\" decoding=\"async\" class=\"alignnone size-full wp-image-8269\" src=\"https:\/\/agora.xtec.cat\/institut-torrefarrera\/wp-content\/uploads\/usu847\/2020\/04\/JOVES2.jpg\" alt=\"\" width=\"500\" height=\"500\" srcset=\"https:\/\/agora.xtec.cat\/institut-torrefarrera\/wp-content\/uploads\/usu847\/2020\/04\/JOVES2.jpg 500w, https:\/\/agora.xtec.cat\/institut-torrefarrera\/wp-content\/uploads\/usu847\/2020\/04\/JOVES2-150x150.jpg 150w, https:\/\/agora.xtec.cat\/institut-torrefarrera\/wp-content\/uploads\/usu847\/2020\/04\/JOVES2-300x300.jpg 300w\" sizes=\"auto, (max-width: 500px) 100vw, 500px\" \/><\/a><\/td>\n<td style=\"width: 241.6px; border-style: none; height: 173px;\"><a href=\"http:\/\/ensenyament.gencat.cat\/ca\/actualitat\/coronavirus\/\" target=\"_blank\" rel=\"noopener noreferrer\"><img loading=\"lazy\" decoding=\"async\" class=\"alignnone size-full wp-image-8361\" src=\"https:\/\/agora.xtec.cat\/institut-torrefarrera\/wp-content\/uploads\/usu847\/2020\/04\/comunicats.jpg\" alt=\"\" width=\"266\" height=\"185\" \/><\/a><\/td>\n<td style=\"width: 168px; border-style: none; height: 173px;\"><a href=\"http:\/\/agora.xtec.cat\/institut-torrefarrera\/salut-linstitut-des-de-casa\/\"><img loading=\"lazy\" decoding=\"async\" class=\"alignnone size-full wp-image-8262\" src=\"https:\/\/agora.xtec.cat\/institut-torrefarrera\/wp-content\/uploads\/usu847\/2020\/04\/SALUT.jpg\" alt=\"\" width=\"500\" height=\"500\" srcset=\"https:\/\/agora.xtec.cat\/institut-torrefarrera\/wp-content\/uploads\/usu847\/2020\/04\/SALUT.jpg 500w, https:\/\/agora.xtec.cat\/institut-torrefarrera\/wp-content\/uploads\/usu847\/2020\/04\/SALUT-150x150.jpg 150w, https:\/\/agora.xtec.cat\/institut-torrefarrera\/wp-content\/uploads\/usu847\/2020\/04\/SALUT-300x300.jpg 300w\" sizes=\"auto, (max-width: 500px) 100vw, 500px\" \/><\/a><\/td>\n<\/tr>\n<\/tbody>\n<\/table>\n<p>&nbsp;<\/p>\n","protected":false},"excerpt":{"rendered":"<p><a href=\"https:\/\/agora.xtec.cat\/institut-torrefarrera\/wp-content\/uploads\/usu847\/2020\/04\/vista_sudest.jpg\"><\/a>Des d&#8217;aquesta p\u00e0gina podeu accedir a enlla\u00e7os d&#8217;inter\u00e8s informatiu pel que fa a diversos \u00e0mbits i, pel que fa al treball a casa de l&#8217;alumnat, l&#8217;agenda de previsi\u00f3 d&#8217;entrega de tasques per cursos, i l&#8217;horari d&#8217;atenci\u00f3 per videoconfer\u00e8ncia a l&#8217;alumnat, tamb\u00e9 per cursos.<\/p>\n<p><a href=\"http:\/\/agora.xtec.cat\/institut-torrefarrera\/families-linstitut-des-de-casa\/\"><\/a><br \/>\n<a&hellip;  <a href=\"https:\/\/agora.xtec.cat\/institut-torrefarrera\/linstitut-des-de-casa\/\" title=\"Read L&#8217;Institut des de casa\">Llegeix m\u00e9s\u00bb<\/a><\/p>\n","protected":false},"author":1,"featured_media":0,"parent":0,"menu_order":0,"comment_status":"closed","ping_status":"closed","template":"","meta":{"_bbp_topic_count":0,"_bbp_reply_count":0,"_bbp_total_topic_count":0,"_bbp_total_reply_count":0,"_bbp_voice_count":0,"_bbp_anonymous_reply_count":0,"_bbp_topic_count_hidden":0,"_bbp_reply_count_hidden":0,"_bbp_forum_subforum_count":0,"footnotes":""},"class_list":["post-8257","page","type-page","status-publish","hentry"],"post_mailing_queue_ids":[],"_links":{"self":[{"href":"https:\/\/agora.xtec.cat\/institut-torrefarrera\/wp-json\/wp\/v2\/pages\/8257","targetHints":{"allow":["GET"]}}],"collection":[{"href":"https:\/\/agora.xtec.cat\/institut-torrefarrera\/wp-json\/wp\/v2\/pages"}],"about":[{"href":"https:\/\/agora.xtec.cat\/institut-torrefarrera\/wp-json\/wp\/v2\/types\/page"}],"author":[{"embeddable":true,"href":"https:\/\/agora.xtec.cat\/institut-torrefarrera\/wp-json\/wp\/v2\/users\/1"}],"replies":[{"embeddable":true,"href":"https:\/\/agora.xtec.cat\/institut-torrefarrera\/wp-json\/wp\/v2\/comments?post=8257"}],"version-history":[{"count":3,"href":"https:\/\/agora.xtec.cat\/institut-torrefarrera\/wp-json\/wp\/v2\/pages\/8257\/revisions"}],"predecessor-version":[{"id":8644,"href":"https:\/\/agora.xtec.cat\/institut-torrefarrera\/wp-json\/wp\/v2\/pages\/8257\/revisions\/8644"}],"wp:attachment":[{"href":"https:\/\/agora.xtec.cat\/institut-torrefarrera\/wp-json\/wp\/v2\/media?parent=8257"}],"curies":[{"name":"wp","href":"https:\/\/api.w.org\/{rel}","templated":true}]}}