{"id":6431,"date":"2019-10-20T16:33:18","date_gmt":"2019-10-20T14:33:18","guid":{"rendered":"http:\/\/agora.xtec.cat\/institut-torrefarrera\/?page_id=6431"},"modified":"2020-03-20T14:11:17","modified_gmt":"2020-03-20T13:11:17","slug":"estructura-organitzativa","status":"publish","type":"page","link":"https:\/\/agora.xtec.cat\/institut-torrefarrera\/documents-de-centre\/estructura-organitzativa\/","title":{"rendered":"Estructura organitzativa"},"content":{"rendered":"<p><a href=\"https:\/\/agora.xtec.cat\/institut-torrefarrera\/wp-content\/uploads\/usu847\/2019\/10\/Organigrama.png\"><img loading=\"lazy\" decoding=\"async\" class=\"alignnone wp-image-6428\" src=\"https:\/\/agora.xtec.cat\/institut-torrefarrera\/wp-content\/uploads\/usu847\/2019\/10\/Organigrama.png\" alt=\"\" width=\"485\" height=\"307\" srcset=\"https:\/\/agora.xtec.cat\/institut-torrefarrera\/wp-content\/uploads\/usu847\/2019\/10\/Organigrama.png 817w, https:\/\/agora.xtec.cat\/institut-torrefarrera\/wp-content\/uploads\/usu847\/2019\/10\/Organigrama-300x190.png 300w, https:\/\/agora.xtec.cat\/institut-torrefarrera\/wp-content\/uploads\/usu847\/2019\/10\/Organigrama-768x486.png 768w\" sizes=\"auto, (max-width: 485px) 100vw, 485px\" \/><\/a><\/p>\n<p><strong>Traject\u00f2ria professional de l&#8217;equip directiu<\/strong><\/p>\n<p><sub><a href=\"https:\/\/drive.google.com\/file\/d\/17ZZ2xdqcy0Sz8uitUE52dEgQtgcks5Fs\/view?usp=sharing\" target=\"_blank\" rel=\"noopener noreferrer\">Directora (Ester Llovera Thomas)<\/a><\/sub><\/p>\n<p><sub><a href=\"https:\/\/drive.google.com\/file\/d\/1Wiavsm0ZwthwTcvFhZU5nH9wCLBcFvum\/view?usp=sharing\" target=\"_blank\" rel=\"noopener noreferrer\">Cap d\u2019Estudis (Jordi Lab\u00e8rnia Descarrega)<\/a><\/sub><\/p>\n<p><sub>Coordinadora Pedag\u00f2gica (S\u00f2nia Calv\u00eds Semis)<\/sub><\/p>\n<p><a href=\"https:\/\/drive.google.com\/open?id=1CeDWdbGo5MrQomgJk3D16P89vQ89HMbA\" target=\"_blank\" rel=\"noopener noreferrer\"><sub>Secretari (Albert Rom\u00e0 Maza)<\/sub><\/a><\/p>\n","protected":false},"excerpt":{"rendered":"<p><a href=\"https:\/\/agora.xtec.cat\/institut-torrefarrera\/wp-content\/uploads\/usu847\/2019\/10\/Organigrama.png\"><\/a><br \/>\nTraject\u00f2ria professional de l&#8217;equip directiu<br \/>\n<a href=\"https:\/\/drive.google.com\/file\/d\/17ZZ2xdqcy0Sz8uitUE52dEgQtgcks5Fs\/view?usp=sharing\" target=\"_blank\" rel=\"noopener noreferrer\">Directora (Ester Llovera Thomas)<\/a><br \/>\n<a href=\"https:\/\/drive.google.com\/file\/d\/1Wiavsm0ZwthwTcvFhZU5nH9wCLBcFvum\/view?usp=sharing\" target=\"_blank\" rel=\"noopener noreferrer\">Cap d\u2019Estudis (Jordi Lab\u00e8rnia Descarrega)<\/a><br \/>\nCoordinadora Pedag\u00f2gica (S\u00f2nia Calv\u00eds Semis)<br \/>\n<a href=\"https:\/\/drive.google.com\/open?id=1CeDWdbGo5MrQomgJk3D16P89vQ89HMbA\" target=\"_blank\" rel=\"noopener noreferrer\">Secretari (Albert Rom\u00e0 Maza)<\/a><\/p>\n","protected":false},"author":1,"featured_media":0,"parent":533,"menu_order":0,"comment_status":"closed","ping_status":"closed","template":"","meta":{"_bbp_topic_count":0,"_bbp_reply_count":0,"_bbp_total_topic_count":0,"_bbp_total_reply_count":0,"_bbp_voice_count":0,"_bbp_anonymous_reply_count":0,"_bbp_topic_count_hidden":0,"_bbp_reply_count_hidden":0,"_bbp_forum_subforum_count":0,"footnotes":""},"class_list":["post-6431","page","type-page","status-publish","hentry"],"post_mailing_queue_ids":[],"_links":{"self":[{"href":"https:\/\/agora.xtec.cat\/institut-torrefarrera\/wp-json\/wp\/v2\/pages\/6431","targetHints":{"allow":["GET"]}}],"collection":[{"href":"https:\/\/agora.xtec.cat\/institut-torrefarrera\/wp-json\/wp\/v2\/pages"}],"about":[{"href":"https:\/\/agora.xtec.cat\/institut-torrefarrera\/wp-json\/wp\/v2\/types\/page"}],"author":[{"embeddable":true,"href":"https:\/\/agora.xtec.cat\/institut-torrefarrera\/wp-json\/wp\/v2\/users\/1"}],"replies":[{"embeddable":true,"href":"https:\/\/agora.xtec.cat\/institut-torrefarrera\/wp-json\/wp\/v2\/comments?post=6431"}],"version-history":[{"count":4,"href":"https:\/\/agora.xtec.cat\/institut-torrefarrera\/wp-json\/wp\/v2\/pages\/6431\/revisions"}],"predecessor-version":[{"id":8248,"href":"https:\/\/agora.xtec.cat\/institut-torrefarrera\/wp-json\/wp\/v2\/pages\/6431\/revisions\/8248"}],"up":[{"embeddable":true,"href":"https:\/\/agora.xtec.cat\/institut-torrefarrera\/wp-json\/wp\/v2\/pages\/533"}],"wp:attachment":[{"href":"https:\/\/agora.xtec.cat\/institut-torrefarrera\/wp-json\/wp\/v2\/media?parent=6431"}],"curies":[{"name":"wp","href":"https:\/\/api.w.org\/{rel}","templated":true}]}}