{"id":5919,"date":"2019-07-16T11:55:28","date_gmt":"2019-07-16T09:55:28","guid":{"rendered":"http:\/\/agora.xtec.cat\/institut-torrefarrera\/?page_id=5919"},"modified":"2026-03-13T19:37:35","modified_gmt":"2026-03-13T18:37:35","slug":"informacio-publica-del-centre","status":"publish","type":"page","link":"https:\/\/agora.xtec.cat\/institut-torrefarrera\/informacio-publica-del-centre\/","title":{"rendered":"Informaci\u00f3 p\u00fablica del centre"},"content":{"rendered":"<h4><img loading=\"lazy\" decoding=\"async\" class=\"wp-image-3597 aligncenter\" src=\"http:\/\/agora.xtec.cat\/institut-torrefarrera\/wp-content\/uploads\/usu847\/2015\/08\/PEC.jpg\" alt=\"\" width=\"467\" height=\"183\" srcset=\"https:\/\/agora.xtec.cat\/institut-torrefarrera\/wp-content\/uploads\/usu847\/2015\/08\/PEC.jpg 871w, https:\/\/agora.xtec.cat\/institut-torrefarrera\/wp-content\/uploads\/usu847\/2015\/08\/PEC-300x117.jpg 300w, https:\/\/agora.xtec.cat\/institut-torrefarrera\/wp-content\/uploads\/usu847\/2015\/08\/PEC-768x301.jpg 768w\" sizes=\"auto, (max-width: 467px) 100vw, 467px\" \/><\/h4>\n<h4 style=\"text-align: left;\"><span style=\"color: #0000ff;\"><span style=\"font-size: 18pt;\">Aqu\u00ed podreu consultar:<\/span><\/span><\/h4>\n<h3><a href=\"https:\/\/drive.google.com\/drive\/folders\/1QkIjv3SkqSGhayBxPDAd-KYYcbl9AXaS?usp=sharing\" target=\"_blank\" rel=\"noopener noreferrer\">&#8211; <\/a><a href=\"https:\/\/drive.google.com\/file\/d\/1DiFEXs0BwNfy3MIvj-eIfJSmhQgTTKNE\/view?usp=sharing\">Projecte Educatiu deCentre<\/a><a href=\"https:\/\/drive.google.com\/drive\/folders\/1QkIjv3SkqSGhayBxPDAd-KYYcbl9AXaS?usp=sharing\" target=\"_blank\" rel=\"noopener noreferrer\">,<\/a><a href=\"https:\/\/drive.google.com\/drive\/folders\/1QkIjv3SkqSGhayBxPDAd-KYYcbl9AXaS?usp=sharing\" target=\"_blank\" rel=\"noopener noreferrer\"> PdD i documents annexos<\/a><\/h3>\n<h3><a href=\"https:\/\/drive.google.com\/file\/d\/1Yc-4QKhT5Qu6doEK29ErVZ8K4j1nEgVH\/view?usp=sharing\">&#8211; Normes d&#8217;organitzaci\u00f3 i funcionament de centre (NOFC)<\/a><\/h3>\n<h3><a href=\"https:\/\/drive.google.com\/file\/d\/186MLE0xAT0OJqHa3zG0JNYVho1rBSkr1\/view?usp=sharing\">&#8211; Carta de Comprom\u00eds Educatiu<\/a><\/h3>\n<h3>&#8211; <a href=\"https:\/\/drive.google.com\/open?id=1FoV-ijIiWPFB_pq7qwgWWRRkTImv_nqk\" target=\"_blank\" rel=\"noopener noreferrer\">Acords del Consell Escolar (a partir del curs 2019-20)<\/a><\/h3>\n<h3><a href=\"https:\/\/agora.xtec.cat\/institut-torrefarrera\/?page_id=6431&amp;preview=true\">&#8211; Estructura Organitzativa interna<\/a><\/h3>\n<h3>&#8211; <a href=\"https:\/\/drive.google.com\/open?id=15mTM-FakBAZwGv2VVqU99cQzm0r1yquR\" target=\"_blank\" rel=\"noopener noreferrer\">Pressupost (a partir del curs 2019-20)<\/a><\/h3>\n<h3>&#8211; <a href=\"https:\/\/docs.google.com\/document\/d\/100Q_mbUEE-Iz5HE7C37TgkIjm-qaiJcKgqr7SzrvFWY\/edit?usp=sharing\">Convenis vigents<\/a><\/h3>\n<h3>&#8211; <a href=\"https:\/\/docs.google.com\/document\/d\/1qYYBhhR_bBIhXKsTEV4DD9-o7WngRZkr_hfxVLvtMds\/edit?usp=sharing\">Aportacions fam\u00edlies per material i sortides<\/a><\/h3>\n<h3><a href=\"http:\/\/mapaescolar.gencat.cat\/\">&#8211; Oferta de places : Veure apartat Preinscripci\u00f3 i matr\u00edcula<\/a><\/h3>\n<h3>&#8211; <a href=\"https:\/\/drive.google.com\/drive\/folders\/1rgnEqfkRZq0y2vPvznMoUqU3JHsmVeSI?usp=sharing\">Criteris d&#8217;avaluaci\u00f3 d&#8217;ESO i Batxillerat Curs 25.26. Criteris de promoci\u00f3 i titulaci\u00f3.<\/a><\/h3>\n<h3><a href=\"https:\/\/drive.google.com\/file\/d\/17VsaEIhu75dPpYVzrKKArRoCuh4CqvGB\/view?usp=sharing\">&#8211; Calendari escolar 2025-2026<\/a><\/h3>\n<h3>&#8211; <a href=\"https:\/\/drive.google.com\/file\/d\/1pmxE9OPoaqyNoWEKWGg1znEAix4a-Tu5\/view?usp=sharing\">Pla d&#8217;emerg\u00e8ncia<\/a><\/h3>\n<h3><\/h3>\n","protected":false},"excerpt":{"rendered":"<p>Aqu\u00ed podreu consultar:<br \/>\n<a href=\"https:\/\/drive.google.com\/drive\/folders\/1QkIjv3SkqSGhayBxPDAd-KYYcbl9AXaS?usp=sharing\" target=\"_blank\" rel=\"noopener noreferrer\">&#8211; <\/a><a href=\"https:\/\/drive.google.com\/file\/d\/1DiFEXs0BwNfy3MIvj-eIfJSmhQgTTKNE\/view?usp=sharing\">Projecte Educatiu deCentre<\/a><a href=\"https:\/\/drive.google.com\/drive\/folders\/1QkIjv3SkqSGhayBxPDAd-KYYcbl9AXaS?usp=sharing\" target=\"_blank\" rel=\"noopener noreferrer\">,<\/a><a href=\"https:\/\/drive.google.com\/drive\/folders\/1QkIjv3SkqSGhayBxPDAd-KYYcbl9AXaS?usp=sharing\" target=\"_blank\" rel=\"noopener noreferrer\"> PdD i documents annexos<\/a><br \/>\n<a href=\"https:\/\/drive.google.com\/file\/d\/1Yc-4QKhT5Qu6doEK29ErVZ8K4j1nEgVH\/view?usp=sharing\">&#8211; Normes d&#8217;organitzaci\u00f3 i funcionament de centre (NOFC)<\/a><br \/>\n<a href=\"https:\/\/drive.google.com\/file\/d\/186MLE0xAT0OJqHa3zG0JNYVho1rBSkr1\/view?usp=sharing\">&#8211; Carta de Comprom\u00eds Educatiu<\/a><br \/>\n&#8211; <a href=\"https:\/\/drive.google.com\/open?id=1FoV-ijIiWPFB_pq7qwgWWRRkTImv_nqk\" target=\"_blank\" rel=\"noopener noreferrer\">Acords del Consell Escolar (a&hellip;  <a href=\"https:\/\/agora.xtec.cat\/institut-torrefarrera\/informacio-publica-del-centre\/\" title=\"Read Informaci\u00f3 p\u00fablica del centre\">Llegeix m\u00e9s\u00bb<\/a><\/p>\n","protected":false},"author":1,"featured_media":0,"parent":0,"menu_order":0,"comment_status":"closed","ping_status":"closed","template":"","meta":{"_bbp_topic_count":0,"_bbp_reply_count":0,"_bbp_total_topic_count":0,"_bbp_total_reply_count":0,"_bbp_voice_count":0,"_bbp_anonymous_reply_count":0,"_bbp_topic_count_hidden":0,"_bbp_reply_count_hidden":0,"_bbp_forum_subforum_count":0,"footnotes":""},"class_list":["post-5919","page","type-page","status-publish","hentry"],"post_mailing_queue_ids":[],"_links":{"self":[{"href":"https:\/\/agora.xtec.cat\/institut-torrefarrera\/wp-json\/wp\/v2\/pages\/5919","targetHints":{"allow":["GET"]}}],"collection":[{"href":"https:\/\/agora.xtec.cat\/institut-torrefarrera\/wp-json\/wp\/v2\/pages"}],"about":[{"href":"https:\/\/agora.xtec.cat\/institut-torrefarrera\/wp-json\/wp\/v2\/types\/page"}],"author":[{"embeddable":true,"href":"https:\/\/agora.xtec.cat\/institut-torrefarrera\/wp-json\/wp\/v2\/users\/1"}],"replies":[{"embeddable":true,"href":"https:\/\/agora.xtec.cat\/institut-torrefarrera\/wp-json\/wp\/v2\/comments?post=5919"}],"version-history":[{"count":6,"href":"https:\/\/agora.xtec.cat\/institut-torrefarrera\/wp-json\/wp\/v2\/pages\/5919\/revisions"}],"predecessor-version":[{"id":14777,"href":"https:\/\/agora.xtec.cat\/institut-torrefarrera\/wp-json\/wp\/v2\/pages\/5919\/revisions\/14777"}],"wp:attachment":[{"href":"https:\/\/agora.xtec.cat\/institut-torrefarrera\/wp-json\/wp\/v2\/media?parent=5919"}],"curies":[{"name":"wp","href":"https:\/\/api.w.org\/{rel}","templated":true}]}}