{"id":525,"date":"2012-02-09T17:45:00","date_gmt":"2012-02-09T16:45:00","guid":{"rendered":"http:\/\/agora.xtec.cat\/institut-torrefarrera\/intraweb\/mediacio-a-linstitut-joan-sola\/"},"modified":"2016-06-28T18:28:20","modified_gmt":"2016-06-28T17:28:20","slug":"mediacio-a-linstitut-joan-sola","status":"publish","type":"page","link":"https:\/\/agora.xtec.cat\/institut-torrefarrera\/projecte-educatiu\/mediacio-a-linstitut-joan-sola\/","title":{"rendered":"Mediaci\u00f3 a l&#8217;institut Joan Sol\u00e0"},"content":{"rendered":"<div align=\"center\" style=\"color: #090b96;\"><font size=\"4\" face=\"arial,helvetica,sans-serif\"><strong>MEDIACI\u00d3 A L&#8217;INSTITUT JOAN SOL\u00c0<\/strong><\/font><\/div>\n<hr width=\"100%\" size=\"2\" \/>\n<div align=\"center\">\n<p> <img decoding=\"async\" src=\"https:\/\/lh5.googleusercontent.com\/-H0snSX4Y5_Q\/TzP5QZBTiNI\/AAAAAAAABbI\/1CD5FRdIZf0\/s800\/mediacio3.jpg\" \/><\/p>\n<div>\n<p><img decoding=\"async\" src=\"https:\/\/lh4.googleusercontent.com\/-IRzNpo6UhPc\/TzP5QnCJmPI\/AAAAAAAABbM\/HkzQlG0_ZWo\/s800\/mediacio4.jpg\" \/><\/p>\n<p align=\"justify\"><font size=\"3\" face=\"arial,helvetica,sans-serif\">Aqu\u00ed teniu la presentaci\u00f3 que els alumnes de mediaci\u00f3 hem preparat per als companys de l&#8217;institut. Aquesta setmana hem passat per totes les classes per tal d&#8217;explicar a tot l&#8217;alumnat en qu\u00e8 consisteix la mediaci\u00f3 i&nbsp; presentar l&#8217;equip de mediadors a tothom:<br \/>\n<\/font><\/p>\n<div id=\"__ss_11500591\" style=\"width: 425px;\"><font size=\"3\" face=\"arial,helvetica,sans-serif\"><strong style=\"display: block; margin: 12px 0pt 4px;\"><a title=\"Mediaci\u00f3 a l'institut Joan Sol\u00e0\" href=\"http:\/\/www.slideshare.net\/susanatecno\/mediaci-a-linstitut-joan-sol\">Mediaci\u00f3 a l&#8217;institut Joan Sol\u00e0<\/a><\/strong><object width=\"425\" height=\"355\" id=\"__sse11500591\"><param value=\"http:\/\/static.slidesharecdn.com\/swf\/ssplayer2.swf?doc=powermediaci-120209105628-phpapp02&amp;stripped_title=mediaci-a-linstitut-joan-sol&amp;userName=susanatecno\" name=\"movie\" \/><param value=\"true\" name=\"allowFullScreen\" \/><param value=\"always\" name=\"allowScriptAccess\" \/><param value=\"transparent\" name=\"wmode\" \/><embed width=\"425\" height=\"355\" wmode=\"transparent\" allowfullscreen=\"true\" allowscriptaccess=\"always\" type=\"application\/x-shockwave-flash\" src=\"http:\/\/static.slidesharecdn.com\/swf\/ssplayer2.swf?doc=powermediaci-120209105628-phpapp02&amp;stripped_title=mediaci-a-linstitut-joan-sol&amp;userName=susanatecno\" name=\"__sse11500591\" \/><\/object> <\/p>\n<p><\/p>\n<p> <\/font><\/div>\n<p><font size=\"3\" face=\"arial,helvetica,sans-serif\"> <\/font>\n    <\/div>\n<p><font size=\"3\" face=\"arial,helvetica,sans-serif\"> <\/font>\n  <\/div>\n<p> <\/p>\n","protected":false},"excerpt":{"rendered":"<p>MEDIACI\u00d3 A L&#8217;INSTITUT JOAN SOL\u00c0<\/p>\n<p>Aqu\u00ed teniu la presentaci\u00f3 que els alumnes de mediaci\u00f3 hem preparat per als companys de l&#8217;institut. Aquesta setmana hem passat per totes les classes per tal d&#8217;explicar a tot l&#8217;alumnat en qu\u00e8 consisteix la mediaci\u00f3 i&nbsp; presentar l&#8217;equip de mediadors&hellip;  <a href=\"https:\/\/agora.xtec.cat\/institut-torrefarrera\/projecte-educatiu\/mediacio-a-linstitut-joan-sola\/\" title=\"Read Mediaci\u00f3 a l&#8217;institut Joan Sol\u00e0\">Llegeix m\u00e9s\u00bb<\/a><\/p>\n","protected":false},"author":1,"featured_media":0,"parent":57,"menu_order":0,"comment_status":"closed","ping_status":"closed","template":"page-templates\/side-menu.php","meta":{"_bbp_topic_count":0,"_bbp_reply_count":0,"_bbp_total_topic_count":0,"_bbp_total_reply_count":0,"_bbp_voice_count":0,"_bbp_anonymous_reply_count":0,"_bbp_topic_count_hidden":0,"_bbp_reply_count_hidden":0,"_bbp_forum_subforum_count":0,"footnotes":""},"class_list":["post-525","page","type-page","status-publish","hentry"],"post_mailing_queue_ids":[],"_links":{"self":[{"href":"https:\/\/agora.xtec.cat\/institut-torrefarrera\/wp-json\/wp\/v2\/pages\/525","targetHints":{"allow":["GET"]}}],"collection":[{"href":"https:\/\/agora.xtec.cat\/institut-torrefarrera\/wp-json\/wp\/v2\/pages"}],"about":[{"href":"https:\/\/agora.xtec.cat\/institut-torrefarrera\/wp-json\/wp\/v2\/types\/page"}],"author":[{"embeddable":true,"href":"https:\/\/agora.xtec.cat\/institut-torrefarrera\/wp-json\/wp\/v2\/users\/1"}],"replies":[{"embeddable":true,"href":"https:\/\/agora.xtec.cat\/institut-torrefarrera\/wp-json\/wp\/v2\/comments?post=525"}],"version-history":[{"count":1,"href":"https:\/\/agora.xtec.cat\/institut-torrefarrera\/wp-json\/wp\/v2\/pages\/525\/revisions"}],"predecessor-version":[{"id":1391,"href":"https:\/\/agora.xtec.cat\/institut-torrefarrera\/wp-json\/wp\/v2\/pages\/525\/revisions\/1391"}],"up":[{"embeddable":true,"href":"https:\/\/agora.xtec.cat\/institut-torrefarrera\/wp-json\/wp\/v2\/pages\/57"}],"wp:attachment":[{"href":"https:\/\/agora.xtec.cat\/institut-torrefarrera\/wp-json\/wp\/v2\/media?parent=525"}],"curies":[{"name":"wp","href":"https:\/\/api.w.org\/{rel}","templated":true}]}}