{"id":1404,"date":"2016-06-29T15:43:37","date_gmt":"2016-06-29T14:43:37","guid":{"rendered":"http:\/\/agora.xtec.cat\/institut-torrefarrera\/?page_id=1404"},"modified":"2016-06-29T16:05:42","modified_gmt":"2016-06-29T15:05:42","slug":"impulsem-la-lectura","status":"publish","type":"page","link":"https:\/\/agora.xtec.cat\/institut-torrefarrera\/projecte-educatiu\/impulsem-la-lectura\/","title":{"rendered":"Impulsem la lectura"},"content":{"rendered":"<p><i><b><span style=\"font-size: x-large;\">Benvingut tothom a l&#8217;espai del Projecte ILEC del nostre Institut!<\/span><\/b><\/i><\/p>\n<div><span style=\"font-size: large;\"><br \/>\n<\/span><\/div>\n<div><span style=\"font-size: large;\">Aqu\u00ed hi volem encabir informacions i aportacions diverses sobre les actuacions que anem tirant endavant per fomentar i incentivar la lectura a la nostra vida, ja siguem alumnes, professorat, fam\u00edlies&#8230;<\/span><\/div>\n<div><\/div>\n<div><a href=\"https:\/\/sites.google.com\/site\/projecteilecalinsjoansola\/\" target=\"_blank\">Aquest \u00e9s el lloc web ILEC<\/a><\/div>\n<div><span style=\"font-size: large;\"><br \/>\n<\/span><\/div>\n<div><span style=\"font-size: large;\">Com podreu llegir en alguns dels enlla\u00e7os que adjuntem, la lectura \u00e9s la porta per millorar en molts aspectes personals. Volem que tothom ens n&#8217;aprofitem!<\/span><\/div>\n<div><span style=\"font-size: large;\"><br \/>\n<\/span><\/div>\n<div><span style=\"font-size: large;\">Per aix\u00f2, el nostre Institut s&#8217;ha implicat en el <b><span style=\"color: #0000ff;\"><a href=\"https:\/\/sites.google.com\/site\/projecteilecalinsjoansola\/\" target=\"_blank\">Projecte Impuls a la Lectura (ILEC)<\/a><\/span><\/b>. Aix\u00ed,\u00a0augmentem la lectura a les aules i fora d&#8217;elles,\u00a0millorem la formaci\u00f3 del professorat en la gesti\u00f3 d&#8217;activitats de lectura i proposem iniciatives per afavorir la lectura en qualsevol situaci\u00f3.<\/span><\/div>\n","protected":false},"excerpt":{"rendered":"<p>Benvingut tothom a l&#8217;espai del Projecte ILEC del nostre Institut!<\/p>\n<p>Aqu\u00ed hi volem encabir informacions i aportacions diverses sobre les actuacions que anem tirant endavant per fomentar i incentivar la lectura a la nostra vida, ja siguem alumnes, professorat, fam\u00edlies&#8230;<\/p>\n<p><a href=\"https:\/\/sites.google.com\/site\/projecteilecalinsjoansola\/\" target=\"_blank\">Aquest \u00e9s el lloc web&hellip;  <a href=\"https:\/\/agora.xtec.cat\/institut-torrefarrera\/projecte-educatiu\/impulsem-la-lectura\/\" title=\"Read Impulsem la lectura\">Llegeix m\u00e9s\u00bb<\/a><\/p>\n","protected":false},"author":1,"featured_media":0,"parent":57,"menu_order":0,"comment_status":"closed","ping_status":"closed","template":"page-templates\/side-menu.php","meta":{"_bbp_topic_count":0,"_bbp_reply_count":0,"_bbp_total_topic_count":0,"_bbp_total_reply_count":0,"_bbp_voice_count":0,"_bbp_anonymous_reply_count":0,"_bbp_topic_count_hidden":0,"_bbp_reply_count_hidden":0,"_bbp_forum_subforum_count":0,"footnotes":""},"class_list":["post-1404","page","type-page","status-publish","hentry"],"post_mailing_queue_ids":[],"_links":{"self":[{"href":"https:\/\/agora.xtec.cat\/institut-torrefarrera\/wp-json\/wp\/v2\/pages\/1404","targetHints":{"allow":["GET"]}}],"collection":[{"href":"https:\/\/agora.xtec.cat\/institut-torrefarrera\/wp-json\/wp\/v2\/pages"}],"about":[{"href":"https:\/\/agora.xtec.cat\/institut-torrefarrera\/wp-json\/wp\/v2\/types\/page"}],"author":[{"embeddable":true,"href":"https:\/\/agora.xtec.cat\/institut-torrefarrera\/wp-json\/wp\/v2\/users\/1"}],"replies":[{"embeddable":true,"href":"https:\/\/agora.xtec.cat\/institut-torrefarrera\/wp-json\/wp\/v2\/comments?post=1404"}],"version-history":[{"count":3,"href":"https:\/\/agora.xtec.cat\/institut-torrefarrera\/wp-json\/wp\/v2\/pages\/1404\/revisions"}],"predecessor-version":[{"id":1412,"href":"https:\/\/agora.xtec.cat\/institut-torrefarrera\/wp-json\/wp\/v2\/pages\/1404\/revisions\/1412"}],"up":[{"embeddable":true,"href":"https:\/\/agora.xtec.cat\/institut-torrefarrera\/wp-json\/wp\/v2\/pages\/57"}],"wp:attachment":[{"href":"https:\/\/agora.xtec.cat\/institut-torrefarrera\/wp-json\/wp\/v2\/media?parent=1404"}],"curies":[{"name":"wp","href":"https:\/\/api.w.org\/{rel}","templated":true}]}}