{"id":1398,"date":"2016-06-28T18:55:12","date_gmt":"2016-06-28T17:55:12","guid":{"rendered":"http:\/\/agora.xtec.cat\/institut-torrefarrera\/?page_id=1398"},"modified":"2016-06-28T18:58:22","modified_gmt":"2016-06-28T17:58:22","slug":"escola-verda-joan-sola","status":"publish","type":"page","link":"https:\/\/agora.xtec.cat\/institut-torrefarrera\/projecte-educatiu\/escola-verda-joan-sola\/","title":{"rendered":"Escola verda Joan Sol\u00e0"},"content":{"rendered":"<div><\/div>\n<div>\n<div style=\"text-align: center; margin-right: auto; margin-left: auto;\">\n<p><a href=\"https:\/\/sites.google.com\/site\/escolaverdainstitutjoansola\/home\/butsenittallat1.JPG?attredirects=0\"><img loading=\"lazy\" decoding=\"async\" src=\"https:\/\/sites.google.com\/site\/escolaverdainstitutjoansola\/home\/butsenittallat1.JPG\" alt=\"\" width=\"800\" height=\"170\" border=\"0\" \/><\/a><\/p>\n<h3><em><span style=\"color: #008000;\">Som Escola verda<\/span><\/em><br \/>\n<em><span style=\"color: #008000;\">Institut Joan Sol\u00e0<\/span><\/em><\/h3>\n<\/div>\n<div style=\"text-align: center; margin-right: auto; margin-left: auto;\"><span style=\"color: #999999; font-family: verdana,sans-serif; font-size: large;\">Com a Escola Verda, des de l&#8217;Institut Joan Sol\u00e0 fem diverses accions per reduir el nostre impacte sobre el medi ambient i per prendre consci\u00e8ncia del nostre paper front la conservaci\u00f3 del nostre entorn.<\/span><\/div>\n<\/div>\n<div style=\"text-align: center; margin-right: auto; margin-left: auto;\"><span style=\"color: #999999; font-family: verdana,sans-serif; font-size: large;\">\u00a0<\/span><\/div>\n<div style=\"text-align: center; margin-right: auto; margin-left: auto;\">\n<p><span style=\"color: #6aa84f;\"><b><span style=\"font-size: x-large;\">Quins s\u00f3n els punts clau del nostre Pla d&#8217;Acci\u00f3 2016-2018?<\/span><\/b><\/span><\/p>\n<div>\n<div><span style=\"color: #6aa84f; font-family: trebuchet ms,sans-serif; font-size: x-large;\"><b>Estalvi, reutilitzaci\u00f3 i reciclatge<br \/>\n<\/b><\/span><\/div>\n<div>\u00das del Boc&#8217;n Roll; Recollida selectiva de pl\u00e0stic, paper, cartr\u00f3, fusta; reutilitzaci\u00f3 de paper.<\/div>\n<\/div>\n<div><span style=\"color: #3d85c6; font-family: trebuchet ms,sans-serif; font-size: x-large;\"><b>\u00a0<\/b><\/span><\/div>\n<div><span style=\"color: #6aa84f; font-family: trebuchet ms,sans-serif; font-size: x-large;\"><b>Hort ecol\u00f2gic i alimentaci\u00f3 saludable<br \/>\n<\/b><\/span><\/div>\n<div>L&#8217;hort com a eina d&#8217;aprenentatge i d&#8217;obtenci\u00f3 d&#8217;aliments saludables. Pensem en la nostra alimentaci\u00f3<\/div>\n<div><\/div>\n<div>\n<div><span style=\"color: #6aa84f; font-family: trebuchet ms,sans-serif; font-size: x-large;\"><b>Vivim el nostre entorn<br \/>\n<\/b><\/span><\/div>\n<div>\n<p>Sortides en l&#8217;entorn proper o en contacte amb la natura. \u00das d&#8217;equipaments propers i participaci\u00f3 de la poblaci\u00f3 de l&#8217;entorn en actes de l&#8217;institut.<\/p>\n<\/div>\n<div>\n<div><span style=\"color: #6aa84f; font-family: trebuchet ms,sans-serif; font-size: x-large;\"><b>Decorem reciclant<br \/>\n<\/b><\/span><\/div>\n<div>\n<p>Per les celebracions o si dissenyem i construim, \u00fas preferent de material reciclat<\/p>\n<div><span style=\"color: #6aa84f; font-family: trebuchet ms,sans-serif; font-size: x-large;\"><b>Transport sostenible<br \/>\n<\/b><\/span><\/div>\n<p>Volem emprendre iniciatives per fomentar el transport no contaminant i saludable.<\/p>\n<\/div>\n<\/div>\n<\/div>\n<\/div>\n<div><\/div>\n<h3 style=\"text-align: center;\"><strong><span style=\"color: #008000;\"><em><a href=\"https:\/\/sites.google.com\/site\/escolaverdainstitutjoansola\/\" target=\"_blank\">VISTA EL NOSTRE WEB D&#8217;ESCOLA VERDA!<\/a><\/em><\/span><\/strong><\/h3>\n","protected":false},"excerpt":{"rendered":"<p><a href=\"https:\/\/sites.google.com\/site\/escolaverdainstitutjoansola\/home\/butsenittallat1.JPG?attredirects=0\"><\/a><br \/>\nSom Escola verda<br \/>\nInstitut Joan Sol\u00e0<\/p>\n<p>Com a Escola Verda, des de l&#8217;Institut Joan Sol\u00e0 fem diverses accions per reduir el nostre impacte sobre el medi ambient i per prendre consci\u00e8ncia del nostre paper front la conservaci\u00f3 del nostre entorn.<\/p>\n<p>\u00a0<\/p>\n<p>Quins s\u00f3n els punts clau del nostre&hellip;  <a href=\"https:\/\/agora.xtec.cat\/institut-torrefarrera\/projecte-educatiu\/escola-verda-joan-sola\/\" title=\"Read Escola verda Joan Sol\u00e0\">Llegeix m\u00e9s\u00bb<\/a><\/p>\n","protected":false},"author":1,"featured_media":0,"parent":57,"menu_order":0,"comment_status":"closed","ping_status":"closed","template":"page-templates\/side-menu.php","meta":{"_bbp_topic_count":0,"_bbp_reply_count":0,"_bbp_total_topic_count":0,"_bbp_total_reply_count":0,"_bbp_voice_count":0,"_bbp_anonymous_reply_count":0,"_bbp_topic_count_hidden":0,"_bbp_reply_count_hidden":0,"_bbp_forum_subforum_count":0,"footnotes":""},"class_list":["post-1398","page","type-page","status-publish","hentry"],"post_mailing_queue_ids":[],"_links":{"self":[{"href":"https:\/\/agora.xtec.cat\/institut-torrefarrera\/wp-json\/wp\/v2\/pages\/1398","targetHints":{"allow":["GET"]}}],"collection":[{"href":"https:\/\/agora.xtec.cat\/institut-torrefarrera\/wp-json\/wp\/v2\/pages"}],"about":[{"href":"https:\/\/agora.xtec.cat\/institut-torrefarrera\/wp-json\/wp\/v2\/types\/page"}],"author":[{"embeddable":true,"href":"https:\/\/agora.xtec.cat\/institut-torrefarrera\/wp-json\/wp\/v2\/users\/1"}],"replies":[{"embeddable":true,"href":"https:\/\/agora.xtec.cat\/institut-torrefarrera\/wp-json\/wp\/v2\/comments?post=1398"}],"version-history":[{"count":4,"href":"https:\/\/agora.xtec.cat\/institut-torrefarrera\/wp-json\/wp\/v2\/pages\/1398\/revisions"}],"predecessor-version":[{"id":1402,"href":"https:\/\/agora.xtec.cat\/institut-torrefarrera\/wp-json\/wp\/v2\/pages\/1398\/revisions\/1402"}],"up":[{"embeddable":true,"href":"https:\/\/agora.xtec.cat\/institut-torrefarrera\/wp-json\/wp\/v2\/pages\/57"}],"wp:attachment":[{"href":"https:\/\/agora.xtec.cat\/institut-torrefarrera\/wp-json\/wp\/v2\/media?parent=1398"}],"curies":[{"name":"wp","href":"https:\/\/api.w.org\/{rel}","templated":true}]}}