{"id":11537,"date":"2023-01-05T17:36:46","date_gmt":"2023-01-05T16:36:46","guid":{"rendered":"https:\/\/agora.xtec.cat\/institut-torrefarrera\/?page_id=11537"},"modified":"2025-12-21T18:42:32","modified_gmt":"2025-12-21T17:42:32","slug":"espai-families-de-linstitut-joan-sola","status":"publish","type":"page","link":"https:\/\/agora.xtec.cat\/institut-torrefarrera\/espai-families-de-linstitut-joan-sola\/","title":{"rendered":"Espai fam\u00edlies de l&#8217;Institut Joan Sol\u00e0"},"content":{"rendered":"<h3><span style=\"color: #993300;\">Cliqueu per tenir acc\u00e9s a la informaci\u00f3, documents o aplicaci\u00f3 que necessiteu<\/span><\/h3>\n<table style=\"height: 669px; width: 100%; border-collapse: collapse; border-style: solid; border-color: #702222; background-color: #f2bbbb;\">\n<tbody>\n<tr style=\"height: 32px;\">\n<td style=\"width: 50%; height: 32px; border-style: solid; border-color: #803b3b; text-align: center;\">\n<h3><a href=\"https:\/\/tpv.institutjoansola.cat\/categoria-producto\/cursos\/\" target=\"_blank\" rel=\"noopener\"><span style=\"color: #993300;\">Pagaments<\/span><\/a><\/h3>\n<p><a href=\"https:\/\/tpv.institutjoansola.cat\/categoria-producto\/cursos\/\" target=\"_blank\" rel=\"noopener\"><img loading=\"lazy\" decoding=\"async\" class=\"alignnone size-full wp-image-2219\" src=\"https:\/\/agora.xtec.cat\/institut-torrefarrera\/wp-content\/uploads\/usu847\/2017\/03\/logopagament1.jpg\" alt=\"\" width=\"205\" height=\"65\" \/><\/a><\/td>\n<td style=\"width: 50%; height: 32px; border-style: solid; border-color: #803b3b; text-align: center;\">\n<h3><span style=\"color: #993300;\">Secretaria Virtual (sol\u00b7licituds i impresos)<\/span><\/h3>\n<h3><a href=\"https:\/\/drive.google.com\/drive\/folders\/1lsL2xqngxTaJcxkXLGf_JgIGbEQXjsdU?usp=sharing\" target=\"_blank\" rel=\"noopener\"><img loading=\"lazy\" decoding=\"async\" class=\"alignnone wp-image-11582\" src=\"https:\/\/agora.xtec.cat\/institut-torrefarrera\/wp-content\/uploads\/usu847\/2023\/01\/secretariavirtual.png\" alt=\"\" width=\"116\" height=\"110\" \/><\/a><\/h3>\n<\/td>\n<\/tr>\n<tr style=\"height: 210px;\">\n<td style=\"width: 50%; border-style: solid; border-color: #803b3b; text-align: center; height: 210px;\">\n<h3><\/h3>\n<h3><span style=\"color: #993300;\">Acc\u00e9s a Gescola<\/span><\/h3>\n<h3><span style=\"color: #993300;\"><a href=\"https:\/\/joansola.gescola.com\/\" target=\"_blank\" rel=\"noopener\"><img loading=\"lazy\" decoding=\"async\" class=\"alignnone size-full wp-image-11555\" src=\"https:\/\/agora.xtec.cat\/institut-torrefarrera\/wp-content\/uploads\/usu847\/2023\/01\/gescola.jpg\" alt=\"\" width=\"156\" height=\"72\" \/><\/a><br \/>\n<\/span><\/h3>\n<\/td>\n<td style=\"width: 50%; border-style: solid; border-color: #803b3b; text-align: center; height: 210px;\">\n<h3><a href=\"https:\/\/joansola.gescola.com\/inicio\/manualusuario\/abrir?op=d2lKT21SOU1ubm1vQkZLZ0tCY3JBdz09\" target=\"_blank\" rel=\"noopener\"><img loading=\"lazy\" decoding=\"async\" class=\"alignnone wp-image-11583\" src=\"https:\/\/agora.xtec.cat\/institut-torrefarrera\/wp-content\/uploads\/usu847\/2023\/01\/gescola-manual2.jpg\" alt=\"\" width=\"256\" height=\"176\" \/><\/a><\/h3>\n<\/td>\n<\/tr>\n<tr style=\"height: 32px;\">\n<td style=\"width: 50%; height: 32px; border-style: solid; border-color: #803b3b; text-align: center;\">\n<h3><span style=\"color: #993300;\">Documents de centre<\/span><\/h3>\n<p><a href=\"http:\/\/agora.xtec.cat\/institut-torrefarrera\/informacio-publica-del-centre\/\" target=\"_blank\" rel=\"noopener\"><img loading=\"lazy\" decoding=\"async\" class=\"alignnone wp-image-11581\" src=\"https:\/\/agora.xtec.cat\/institut-torrefarrera\/wp-content\/uploads\/usu847\/2023\/01\/PEC.jpg\" alt=\"\" width=\"251\" height=\"163\" srcset=\"https:\/\/agora.xtec.cat\/institut-torrefarrera\/wp-content\/uploads\/usu847\/2023\/01\/PEC.jpg 653w, https:\/\/agora.xtec.cat\/institut-torrefarrera\/wp-content\/uploads\/usu847\/2023\/01\/PEC-300x195.jpg 300w\" sizes=\"auto, (max-width: 251px) 100vw, 251px\" \/><\/a><\/td>\n<td style=\"width: 50%; height: 32px; border-style: solid; border-color: #803b3b; text-align: center;\">\n<h3><span style=\"color: #993300;\">Projectes de centre<\/span><\/h3>\n<p><a href=\"https:\/\/agora.xtec.cat\/institut-torrefarrera\/projectes-de-centre\/\" target=\"_blank\" rel=\"noopener\"><img loading=\"lazy\" decoding=\"async\" class=\"alignnone size-full wp-image-11560\" src=\"https:\/\/agora.xtec.cat\/institut-torrefarrera\/wp-content\/uploads\/usu847\/2023\/01\/Projectes-de-centre-e1673464021663.png\" alt=\"\" width=\"500\" height=\"207\" srcset=\"https:\/\/agora.xtec.cat\/institut-torrefarrera\/wp-content\/uploads\/usu847\/2023\/01\/Projectes-de-centre-e1673464021663.png 500w, https:\/\/agora.xtec.cat\/institut-torrefarrera\/wp-content\/uploads\/usu847\/2023\/01\/Projectes-de-centre-e1673464021663-300x124.png 300w\" sizes=\"auto, (max-width: 500px) 100vw, 500px\" \/><\/a><\/td>\n<\/tr>\n<tr style=\"height: 32px;\">\n<td style=\"width: 50%; height: 32px; border-style: solid; border-color: #803b3b; text-align: center;\">\n<h3><span style=\"color: #993300;\">Cultura Digital del centre<\/span><\/h3>\n<p><a href=\"https:\/\/sites.google.com\/xtec.cat\/digitalinsjoansola\/estrat%C3%A8gia-digital-de-centre-de-linstitut-joan-sol%C3%A0\" target=\"_blank\" rel=\"noopener\"><img loading=\"lazy\" decoding=\"async\" class=\"alignnone size-full wp-image-10828\" src=\"https:\/\/agora.xtec.cat\/institut-torrefarrera\/wp-content\/uploads\/usu847\/2022\/03\/estrategia-digital.png\" alt=\"\" width=\"820\" height=\"298\" srcset=\"https:\/\/agora.xtec.cat\/institut-torrefarrera\/wp-content\/uploads\/usu847\/2022\/03\/estrategia-digital.png 820w, https:\/\/agora.xtec.cat\/institut-torrefarrera\/wp-content\/uploads\/usu847\/2022\/03\/estrategia-digital-300x109.png 300w, https:\/\/agora.xtec.cat\/institut-torrefarrera\/wp-content\/uploads\/usu847\/2022\/03\/estrategia-digital-768x279.png 768w\" sizes=\"auto, (max-width: 820px) 100vw, 820px\" \/><\/a><\/td>\n<td style=\"width: 50%; height: 32px; border-style: solid; border-color: #803b3b; text-align: center;\">\n<h3><span style=\"color: #993300;\">AMPA<\/span><\/h3>\n<p><a href=\"http:\/\/ampajoansola.cat\/\" target=\"_blank\" rel=\"noopener\"><img loading=\"lazy\" decoding=\"async\" class=\"alignnone size-full wp-image-11557\" src=\"https:\/\/agora.xtec.cat\/institut-torrefarrera\/wp-content\/uploads\/usu847\/2023\/01\/logo-ampa-nou-2.png\" alt=\"\" width=\"169\" height=\"141\" \/><\/a><\/td>\n<\/tr>\n<tr style=\"height: 32px;\">\n<td style=\"width: 50%; height: 32px; border-style: solid; border-color: #803b3b; text-align: center;\">\n<h3><span style=\"color: #993300;\">Preinscripci\u00f3 i matr\u00edcula<\/span><\/h3>\n<p><a href=\"https:\/\/agora.xtec.cat\/institut-torrefarrera\/?p=10689&amp;preview=true\"><img loading=\"lazy\" decoding=\"async\" class=\"alignnone wp-image-11695\" src=\"https:\/\/agora.xtec.cat\/institut-torrefarrera\/wp-content\/uploads\/usu847\/2022\/03\/PREINSCRIPCIO-1-scaled.jpg\" alt=\"\" width=\"502\" height=\"251\" srcset=\"https:\/\/agora.xtec.cat\/institut-torrefarrera\/wp-content\/uploads\/usu847\/2022\/03\/PREINSCRIPCIO-1-scaled.jpg 2560w, https:\/\/agora.xtec.cat\/institut-torrefarrera\/wp-content\/uploads\/usu847\/2022\/03\/PREINSCRIPCIO-1-300x150.jpg 300w, https:\/\/agora.xtec.cat\/institut-torrefarrera\/wp-content\/uploads\/usu847\/2022\/03\/PREINSCRIPCIO-1-1024x512.jpg 1024w, https:\/\/agora.xtec.cat\/institut-torrefarrera\/wp-content\/uploads\/usu847\/2022\/03\/PREINSCRIPCIO-1-768x384.jpg 768w, https:\/\/agora.xtec.cat\/institut-torrefarrera\/wp-content\/uploads\/usu847\/2022\/03\/PREINSCRIPCIO-1-1536x768.jpg 1536w, https:\/\/agora.xtec.cat\/institut-torrefarrera\/wp-content\/uploads\/usu847\/2022\/03\/PREINSCRIPCIO-1-2048x1024.jpg 2048w\" sizes=\"auto, (max-width: 502px) 100vw, 502px\" \/><\/a><\/td>\n<td style=\"width: 50%; height: 32px; border-style: solid; border-color: #803b3b; text-align: center;\">\n<h3><a href=\"https:\/\/agora.xtec.cat\/institut-torrefarrera\/general\/llibres-i-materials-2025-2026\/\"><span style=\"color: #993300;\">Llistat de llibres<\/span><\/a><\/h3>\n<p><a href=\"https:\/\/agora.xtec.cat\/institut-torrefarrera\/general\/llibres-i-materials-2025-2026\/\"><img decoding=\"async\" src=\"https:\/\/agora.xtec.cat\/institut-torrefarrera\/wp-content\/uploads\/usu847\/2025\/06\/Portada-de-Facebook-Promocion-Dia-del-Maestro-Moderno-Negro-y-Azul.png\" \/><\/a><\/td>\n<\/tr>\n<tr style=\"height: 331px;\">\n<td style=\"border-style: solid; border-color: #803b3b; text-align: center; height: 331px; width: 50%;\">\n<h3><a style=\"color: #2795b6;\" href=\"https:\/\/drive.google.com\/file\/d\/17VsaEIhu75dPpYVzrKKArRoCuh4CqvGB\/view?usp=drive_link\"><span style=\"color: #993300;\">Calendari del curs 2025-2026<\/span><\/a><\/h3>\n<p>&nbsp;<\/p>\n<h3><a href=\"https:\/\/drive.google.com\/file\/d\/1jEGOiTrf--QE8oaU808I3PkFGhOx7AvN\/view\"><img loading=\"lazy\" decoding=\"async\" class=\"alignnone size-full wp-image-13267\" src=\"https:\/\/agora.xtec.cat\/institut-torrefarrera\/wp-content\/uploads\/usu847\/2024\/08\/calendar-1990453_640.jpg\" alt=\"\" width=\"640\" height=\"427\" srcset=\"https:\/\/agora.xtec.cat\/institut-torrefarrera\/wp-content\/uploads\/usu847\/2024\/08\/calendar-1990453_640.jpg 640w, https:\/\/agora.xtec.cat\/institut-torrefarrera\/wp-content\/uploads\/usu847\/2024\/08\/calendar-1990453_640-300x200.jpg 300w\" sizes=\"auto, (max-width: 640px) 100vw, 640px\" \/><\/a><\/h3>\n<\/td>\n<td style=\"border-style: solid; border-color: #803b3b; text-align: center; width: 50%;\">\n<h3>\u00a0<a style=\"color: #2795b6;\" href=\"https:\/\/agora.xtec.cat\/institut-torrefarrera\/les-nostres-imatges\/activitats-destacades\/sortides-i-activitats\/\"><span style=\"color: #993300;\">Arxiu hist\u00f2ric d\u2019imatges d\u2019activitats i sortides<\/span><\/a><a href=\"https:\/\/agora.xtec.cat\/institut-torrefarrera\/les-nostres-imatges\/activitats-destacades\/sortides-i-activitats\/\"><img loading=\"lazy\" decoding=\"async\" class=\"wp-image-11561 aligncenter\" src=\"https:\/\/agora.xtec.cat\/institut-torrefarrera\/wp-content\/uploads\/usu847\/2023\/01\/puzzle-5812875_640-e1673464286259.png\" alt=\"\" width=\"256\" height=\"330\" \/><\/a><\/h3>\n<\/td>\n<\/tr>\n<tr>\n<td style=\"border-style: solid; border-color: #803b3b; text-align: center; width: 50%;\">\n<h3><a href=\"https:\/\/drive.google.com\/drive\/u\/1\/folders\/1lsL2xqngxTaJcxkXLGf_JgIGbEQXjsdU\" target=\"_blank\" rel=\"noopener\"><span style=\"color: #993300;\">Informaci\u00f3 inici de curs 2025-2026<\/span><\/a><\/h3>\n<p><a href=\"https:\/\/drive.google.com\/drive\/u\/1\/folders\/1lsL2xqngxTaJcxkXLGf_JgIGbEQXjsdU\" target=\"_blank\" rel=\"noopener\"><img loading=\"lazy\" decoding=\"async\" class=\"alignnone wp-image-14312\" src=\"https:\/\/agora.xtec.cat\/institut-torrefarrera\/wp-content\/uploads\/usu847\/2025\/09\/25-26-informacio.jpg\" alt=\"\" width=\"429\" height=\"359\" srcset=\"https:\/\/agora.xtec.cat\/institut-torrefarrera\/wp-content\/uploads\/usu847\/2025\/09\/25-26-informacio.jpg 940w, https:\/\/agora.xtec.cat\/institut-torrefarrera\/wp-content\/uploads\/usu847\/2025\/09\/25-26-informacio-300x250.jpg 300w, https:\/\/agora.xtec.cat\/institut-torrefarrera\/wp-content\/uploads\/usu847\/2025\/09\/25-26-informacio-768x644.jpg 768w\" sizes=\"auto, (max-width: 429px) 100vw, 429px\" \/><\/a><\/td>\n<td style=\"border-style: solid; border-color: #803b3b; text-align: center; width: 50%;\">\n<h3><\/h3>\n<\/td>\n<\/tr>\n<\/tbody>\n<\/table>\n","protected":false},"excerpt":{"rendered":"<p>Cliqueu per tenir acc\u00e9s a la informaci\u00f3, documents o aplicaci\u00f3 que necessiteu<\/p>\n<p><a href=\"https:\/\/tpv.institutjoansola.cat\/categoria-producto\/cursos\/\" target=\"_blank\" rel=\"noopener\">Pagaments<\/a><br \/>\n<a href=\"https:\/\/tpv.institutjoansola.cat\/categoria-producto\/cursos\/\" target=\"_blank\" rel=\"noopener\"><\/a><\/p>\n<p>Secretaria Virtual (sol\u00b7licituds i impresos)<br \/>\n<a href=\"https:\/\/drive.google.com\/drive\/folders\/1lsL2xqngxTaJcxkXLGf_JgIGbEQXjsdU?usp=sharing\" target=\"_blank\" rel=\"noopener\"><\/a><\/p>\n<p>Acc\u00e9s a Gescola<br \/>\n<a href=\"https:\/\/joansola.gescola.com\/\" target=\"_blank\" rel=\"noopener\"><\/a><\/p>\n<p><a href=\"https:\/\/joansola.gescola.com\/inicio\/manualusuario\/abrir?op=d2lKT21SOU1ubm1vQkZLZ0tCY3JBdz09\" target=\"_blank\" rel=\"noopener\"><\/a><\/p>\n<p>Documents de centre<br \/>\n<a href=\"http:\/\/agora.xtec.cat\/institut-torrefarrera\/informacio-publica-del-centre\/\" target=\"_blank\" rel=\"noopener\"><\/a><\/p>\n<p>Projectes de centre<br \/>\n<a href=\"https:\/\/agora.xtec.cat\/institut-torrefarrera\/projectes-de-centre\/\" target=\"_blank\" rel=\"noopener\"><\/a><\/p>\n<p>Cultura Digital del&hellip;  <a href=\"https:\/\/agora.xtec.cat\/institut-torrefarrera\/espai-families-de-linstitut-joan-sola\/\" title=\"Read Espai fam\u00edlies de l&#8217;Institut Joan Sol\u00e0\">Llegeix m\u00e9s\u00bb<\/a><\/p>\n","protected":false},"author":1,"featured_media":0,"parent":0,"menu_order":0,"comment_status":"closed","ping_status":"closed","template":"","meta":{"_bbp_topic_count":0,"_bbp_reply_count":0,"_bbp_total_topic_count":0,"_bbp_total_reply_count":0,"_bbp_voice_count":0,"_bbp_anonymous_reply_count":0,"_bbp_topic_count_hidden":0,"_bbp_reply_count_hidden":0,"_bbp_forum_subforum_count":0,"footnotes":""},"class_list":["post-11537","page","type-page","status-publish","hentry"],"post_mailing_queue_ids":[],"_links":{"self":[{"href":"https:\/\/agora.xtec.cat\/institut-torrefarrera\/wp-json\/wp\/v2\/pages\/11537","targetHints":{"allow":["GET"]}}],"collection":[{"href":"https:\/\/agora.xtec.cat\/institut-torrefarrera\/wp-json\/wp\/v2\/pages"}],"about":[{"href":"https:\/\/agora.xtec.cat\/institut-torrefarrera\/wp-json\/wp\/v2\/types\/page"}],"author":[{"embeddable":true,"href":"https:\/\/agora.xtec.cat\/institut-torrefarrera\/wp-json\/wp\/v2\/users\/1"}],"replies":[{"embeddable":true,"href":"https:\/\/agora.xtec.cat\/institut-torrefarrera\/wp-json\/wp\/v2\/comments?post=11537"}],"version-history":[{"count":6,"href":"https:\/\/agora.xtec.cat\/institut-torrefarrera\/wp-json\/wp\/v2\/pages\/11537\/revisions"}],"predecessor-version":[{"id":14624,"href":"https:\/\/agora.xtec.cat\/institut-torrefarrera\/wp-json\/wp\/v2\/pages\/11537\/revisions\/14624"}],"wp:attachment":[{"href":"https:\/\/agora.xtec.cat\/institut-torrefarrera\/wp-json\/wp\/v2\/media?parent=11537"}],"curies":[{"name":"wp","href":"https:\/\/api.w.org\/{rel}","templated":true}]}}