{"id":81,"date":"2014-09-18T10:38:05","date_gmt":"2014-09-18T10:38:05","guid":{"rendered":"http:\/\/agora.xtec.cat\/institut-el-morell\/?page_id=81"},"modified":"2017-06-06T23:02:33","modified_gmt":"2017-06-06T21:02:33","slug":"secretaria","status":"publish","type":"page","link":"https:\/\/agora.xtec.cat\/institut-el-morell\/secretaria\/","title":{"rendered":"Secretaria"},"content":{"rendered":"<ul>\n<li>Horari d&#8217;atenci\u00f3: Horari d&#8217;atenci\u00f3 al p\u00fablic:<br \/>\n<table>\n<tbody>\n<tr>\n<td><b><span style=\"font-size: large;\">Horari d&#8217;hivern<\/span><span style=\"font-size: small;\">\u00a0 (de setembre a maig)<\/span><\/b><span style=\"font-size: small;\">\u00a0\u00a0<\/span><\/td>\n<td>\u00a0<span style=\"font-size: large;\"><b>Horari d&#8217;estiu\u00a0 <\/b><\/span><span style=\"font-size: small;\"><b>(juny i juliol)<\/b><\/span><\/td>\n<\/tr>\n<tr>\n<td>De dilluns a divendres de 10.30 h \u00a0a \u00a013.30 h<\/td>\n<td>De dilluns a divendres de 10.30 h \u00a0a \u00a013.30 h<\/td>\n<\/tr>\n<\/tbody>\n<\/table>\n<\/li>\n<li>Tr\u00e0mits (sol\u00b7licitud de certificats&#8230;)<\/li>\n<li>Preinscripci\u00f3 i Matr\u00edcula<\/li>\n<li><a href=\"http:\/\/agora.xtec.cat\/institut-el-morell\/docs\/?bpd_tag=secretaria\">Documents<\/a> (autoritzaci\u00f3 de sortides, \u00fas de serveis digitals, etc.)<\/li>\n<li>Beques i ajuts<\/li>\n<\/ul>\n<p>&nbsp;<\/p>\n","protected":false},"excerpt":{"rendered":"<ul>\n<li>Horari d&#8217;atenci\u00f3: Horari d&#8217;atenci\u00f3 al p\u00fablic:\n<p>Horari d&#8217;hivern\u00a0 (de setembre a maig)\u00a0\u00a0<br \/>\n\u00a0Horari d&#8217;estiu\u00a0 (juny i juliol)<\/p>\n<p>De dilluns a divendres de 10.30 h \u00a0a \u00a013.30 h<br \/>\nDe dilluns a divendres de 10.30 h \u00a0a \u00a013.30 h<\/p>\n<\/li>\n<li>Tr\u00e0mits (sol\u00b7licitud de certificats&#8230;)<\/li>\n<li>Preinscripci\u00f3 i Matr\u00edcula<\/li>\n<li><a href=\"http:\/\/agora.xtec.cat\/institut-el-morell\/docs\/?bpd_tag=secretaria\">Documents<\/a> (autoritzaci\u00f3 de sortides, \u00fas de serveis&hellip;  <a href=\"https:\/\/agora.xtec.cat\/institut-el-morell\/secretaria\/\" title=\"Read Secretaria\">Llegeix m\u00e9s\u00bb<\/a><br \/>\n","protected":false},"author":1,"featured_media":0,"parent":0,"menu_order":0,"comment_status":"closed","ping_status":"closed","template":"","meta":{"_bbp_topic_count":0,"_bbp_reply_count":0,"_bbp_total_topic_count":0,"_bbp_total_reply_count":0,"_bbp_voice_count":0,"_bbp_anonymous_reply_count":0,"_bbp_topic_count_hidden":0,"_bbp_reply_count_hidden":0,"_bbp_forum_subforum_count":0,"footnotes":""},"class_list":["post-81","page","type-page","status-publish","hentry"],"post_mailing_queue_ids":[],"_links":{"self":[{"href":"https:\/\/agora.xtec.cat\/institut-el-morell\/wp-json\/wp\/v2\/pages\/81","targetHints":{"allow":["GET"]}}],"collection":[{"href":"https:\/\/agora.xtec.cat\/institut-el-morell\/wp-json\/wp\/v2\/pages"}],"about":[{"href":"https:\/\/agora.xtec.cat\/institut-el-morell\/wp-json\/wp\/v2\/types\/page"}],"author":[{"embeddable":true,"href":"https:\/\/agora.xtec.cat\/institut-el-morell\/wp-json\/wp\/v2\/users\/1"}],"replies":[{"embeddable":true,"href":"https:\/\/agora.xtec.cat\/institut-el-morell\/wp-json\/wp\/v2\/comments?post=81"}],"version-history":[{"count":3,"href":"https:\/\/agora.xtec.cat\/institut-el-morell\/wp-json\/wp\/v2\/pages\/81\/revisions"}],"predecessor-version":[{"id":546,"href":"https:\/\/agora.xtec.cat\/institut-el-morell\/wp-json\/wp\/v2\/pages\/81\/revisions\/546"}],"wp:attachment":[{"href":"https:\/\/agora.xtec.cat\/institut-el-morell\/wp-json\/wp\/v2\/media?parent=81"}],"curies":[{"name":"wp","href":"https:\/\/api.w.org\/{rel}","templated":true}]}}