{"id":626,"date":"2017-07-30T23:30:47","date_gmt":"2017-07-30T21:30:47","guid":{"rendered":"http:\/\/agora.xtec.cat\/institut-el-morell\/?page_id=626"},"modified":"2017-11-16T01:24:53","modified_gmt":"2017-11-16T00:24:53","slug":"robotic-stadium-catala","status":"publish","type":"page","link":"https:\/\/agora.xtec.cat\/institut-el-morell\/robotic-stadium-catala\/","title":{"rendered":"ROBOTIC STADIUM (Catal\u00e0)"},"content":{"rendered":"<p>Aqu\u00ed anir\u00e0 la informaci\u00f3 en catal\u00e0.<\/p>\n<p>Enlla\u00e7 a la web <a href=\"https:\/\/minionsrobotics.wordpress.com\/\">MINIONSROBOTICS<\/a><\/p>\n<p>&nbsp;<\/p>\n<p>&nbsp;<\/p>\n<p>&nbsp;<\/p>\n","protected":false},"excerpt":{"rendered":"<p>Aqu\u00ed anir\u00e0 la informaci\u00f3 en catal\u00e0.<br \/>\nEnlla\u00e7 a la web <a href=\"https:\/\/minionsrobotics.wordpress.com\/\">MINIONSROBOTICS<\/a><br \/>\n&nbsp;<br \/>\n&nbsp;<br \/>\n&nbsp;<\/p>\n","protected":false},"author":1,"featured_media":0,"parent":0,"menu_order":0,"comment_status":"closed","ping_status":"closed","template":"","meta":{"_bbp_topic_count":0,"_bbp_reply_count":0,"_bbp_total_topic_count":0,"_bbp_total_reply_count":0,"_bbp_voice_count":0,"_bbp_anonymous_reply_count":0,"_bbp_topic_count_hidden":0,"_bbp_reply_count_hidden":0,"_bbp_forum_subforum_count":0,"footnotes":""},"class_list":["post-626","page","type-page","status-publish","hentry"],"post_mailing_queue_ids":[],"_links":{"self":[{"href":"https:\/\/agora.xtec.cat\/institut-el-morell\/wp-json\/wp\/v2\/pages\/626","targetHints":{"allow":["GET"]}}],"collection":[{"href":"https:\/\/agora.xtec.cat\/institut-el-morell\/wp-json\/wp\/v2\/pages"}],"about":[{"href":"https:\/\/agora.xtec.cat\/institut-el-morell\/wp-json\/wp\/v2\/types\/page"}],"author":[{"embeddable":true,"href":"https:\/\/agora.xtec.cat\/institut-el-morell\/wp-json\/wp\/v2\/users\/1"}],"replies":[{"embeddable":true,"href":"https:\/\/agora.xtec.cat\/institut-el-morell\/wp-json\/wp\/v2\/comments?post=626"}],"version-history":[{"count":3,"href":"https:\/\/agora.xtec.cat\/institut-el-morell\/wp-json\/wp\/v2\/pages\/626\/revisions"}],"predecessor-version":[{"id":787,"href":"https:\/\/agora.xtec.cat\/institut-el-morell\/wp-json\/wp\/v2\/pages\/626\/revisions\/787"}],"wp:attachment":[{"href":"https:\/\/agora.xtec.cat\/institut-el-morell\/wp-json\/wp\/v2\/media?parent=626"}],"curies":[{"name":"wp","href":"https:\/\/api.w.org\/{rel}","templated":true}]}}