{"id":583,"date":"2017-06-07T13:45:35","date_gmt":"2017-06-07T11:45:35","guid":{"rendered":"http:\/\/agora.xtec.cat\/institut-el-morell\/?page_id=583"},"modified":"2023-10-01T23:11:59","modified_gmt":"2023-10-01T21:11:59","slug":"departament-deducacio-visual-i-plastica","status":"publish","type":"page","link":"https:\/\/agora.xtec.cat\/institut-el-morell\/departaments\/departament-deducacio-visual-i-plastica\/","title":{"rendered":"Dept d&#8217;Educaci\u00f3 Visual i Pl\u00e0stica"},"content":{"rendered":"<p style=\"text-align: center;\">Cap de Departament Educaci\u00f3 Visual i Pl\u00e0stica: Marta Mart\u00ed<\/p>\n<p style=\"text-align: center;\">Mage Rubio<\/p>\n","protected":false},"excerpt":{"rendered":"<p>Cap de Departament Educaci\u00f3 Visual i Pl\u00e0stica: Marta Mart\u00ed<br \/>\nMage Rubio<\/p>\n","protected":false},"author":1,"featured_media":0,"parent":568,"menu_order":0,"comment_status":"closed","ping_status":"closed","template":"","meta":{"_bbp_topic_count":0,"_bbp_reply_count":0,"_bbp_total_topic_count":0,"_bbp_total_reply_count":0,"_bbp_voice_count":0,"_bbp_anonymous_reply_count":0,"_bbp_topic_count_hidden":0,"_bbp_reply_count_hidden":0,"_bbp_forum_subforum_count":0,"footnotes":""},"class_list":["post-583","page","type-page","status-publish","hentry"],"post_mailing_queue_ids":[],"_links":{"self":[{"href":"https:\/\/agora.xtec.cat\/institut-el-morell\/wp-json\/wp\/v2\/pages\/583","targetHints":{"allow":["GET"]}}],"collection":[{"href":"https:\/\/agora.xtec.cat\/institut-el-morell\/wp-json\/wp\/v2\/pages"}],"about":[{"href":"https:\/\/agora.xtec.cat\/institut-el-morell\/wp-json\/wp\/v2\/types\/page"}],"author":[{"embeddable":true,"href":"https:\/\/agora.xtec.cat\/institut-el-morell\/wp-json\/wp\/v2\/users\/1"}],"replies":[{"embeddable":true,"href":"https:\/\/agora.xtec.cat\/institut-el-morell\/wp-json\/wp\/v2\/comments?post=583"}],"version-history":[{"count":3,"href":"https:\/\/agora.xtec.cat\/institut-el-morell\/wp-json\/wp\/v2\/pages\/583\/revisions"}],"predecessor-version":[{"id":4675,"href":"https:\/\/agora.xtec.cat\/institut-el-morell\/wp-json\/wp\/v2\/pages\/583\/revisions\/4675"}],"up":[{"embeddable":true,"href":"https:\/\/agora.xtec.cat\/institut-el-morell\/wp-json\/wp\/v2\/pages\/568"}],"wp:attachment":[{"href":"https:\/\/agora.xtec.cat\/institut-el-morell\/wp-json\/wp\/v2\/media?parent=583"}],"curies":[{"name":"wp","href":"https:\/\/api.w.org\/{rel}","templated":true}]}}