{"id":547,"date":"2017-06-06T23:04:55","date_gmt":"2017-06-06T21:04:55","guid":{"rendered":"http:\/\/agora.xtec.cat\/institut-el-morell\/?page_id=547"},"modified":"2020-04-16T21:37:17","modified_gmt":"2020-04-16T19:37:17","slug":"perfil-del-contractant","status":"publish","type":"page","link":"https:\/\/agora.xtec.cat\/institut-el-morell\/perfil-del-contractant\/","title":{"rendered":"Perfil del Contractant"},"content":{"rendered":"<div>\n<div><\/div>\n<div><a href=\"https:\/\/agora.xtec.cat\/institut-el-morell\/wp-content\/uploads\/usu1519\/2020\/04\/Institut-El-Morell-Notificaci\u00f3-suspensi\u00f3-de-contracte_Net-Vime-signat.pdf\" target=\"_blank\" rel=\"noopener noreferrer\">NOTIFICACI\u00d3 SUSPENSI\u00d3 DEL CONTRACTE DEL SERVEI DE NETEJA<\/a><\/div>\n<\/div>\n<div><\/div>\n<div><\/div>\n<div>____________________________________________________________<\/div>\n<div><\/div>\n<div>\n<div><\/div>\n<div><a href=\"https:\/\/drive.google.com\/file\/d\/0B0p0h5DUykXSWmYxZ1dmZV84cTg\/view?usp=sharing\" target=\"_blank\" rel=\"noopener noreferrer\">ANUNCI PERFIL DEL CONTRACTANT<\/a><\/div>\n<div><\/div>\n<div><\/div>\n<div>\n<p><a href=\"https:\/\/drive.google.com\/file\/d\/0B0p0h5DUykXSVnMydjJhanZqM2s\/view?usp=sharing\" target=\"_blank\" rel=\"noopener noreferrer\">RESOLUCI\u00d3 D&#8217;ADJUDICACI\u00d3 DEL CONTRACTE DEL SERVEI DE NETEJA<\/a><\/p>\n<\/div>\n<div><b>Contingut de la publicaci\u00f3 de l\u2019anunci de licitaci\u00f3 al perfil del contractant <\/b><\/div>\n<div><b>1<\/b>&#8211; Entitat adjudicadora<br \/>\n\u2022 Centre i localitat que tramita l\u2019expedient: Institut El Morell del Morell<br \/>\n\u2022 Obtenci\u00f3 de documentaci\u00f3 i informaci\u00f3:<br \/>\nCentre: Institut El Morell<br \/>\nDomicili i codi postal: C\u00e8sar Martinell, 1 (43760 El Morell)<br \/>\nTel\u00e8fon: 977 842 057\/\/977 841 137<br \/>\nFax: 977 842 045<br \/>\nCorreu electr\u00f2nic: e3008407@xtec.cat<br \/>\nData l\u00edmit d\u2019obtenci\u00f3 de documents i informaci\u00f3: durant tot el<br \/>\nper\u00edode de presentaci\u00f3 de proposicions<br \/>\n\u2022 N\u00famero d\u2019expedient 43008407-01-2017<br \/>\n<b>2<\/b>&#8211; Objecte del contracte<br \/>\n\u2022 Tipus de contracte: Contracte de serveis<br \/>\n\u2022 Descripci\u00f3: Servei de neteja de l\u2019institut El Morell<br \/>\n\u2022 Lloc d\u2019execuci\u00f3: Institut El Morell<br \/>\n\u2022 Domicili: C\u00e8sar Martinell, 1<br \/>\n\u2022 Localitat i codi postal: El Morell, 43760<br \/>\n\u2022 Termini d\u2019execuci\u00f3: de l\u20191 de gener de 2017 o data de signatura del<br \/>\ncontracte, al 31 de desembre de 2017<br \/>\n\u2022 Admissi\u00f3 de pr\u00f2rroga: S\u00ed<br \/>\n\u2022 CPV: 90919300-5<br \/>\n<b>3<\/b>&#8211; Tramitaci\u00f3 i procediment<br \/>\n\u2022 Tramitaci\u00f3 ordin\u00e0ria i anticipada<br \/>\n\u2022 Procediment obert<br \/>\n\u2022 Criteris d\u2019adjudicaci\u00f3: els criteris i llur ponderaci\u00f3 es troben detallats<br \/>\na l\u2019annex 5 del Plec de cl\u00e0usules administratives.<br \/>\n<b>4<\/b>&#8211; Valor estimat del contracte<br \/>\n\u2022 59.800,29 \u20ac IVA excl\u00f2s<br \/>\n<b>5<\/b>&#8211; Pressupost base de licitaci\u00f3<br \/>\n\u2022 Import net 27.181,95 \u20ac, IVA excl\u00f2s<br \/>\n\u2022 Import total 32.890,16 \u20ac, IVA incl\u00f2s<br \/>\nAquesta contractaci\u00f3 est\u00e0 supeditada a la condici\u00f3 suspensiva<br \/>\nd\u2019exist\u00e8ncia de cr\u00e8dit adequat i suficient al pressupost del 2017.<br \/>\n<b>6<\/b>&#8211; Garantia<br \/>\n\u2022 5% de l\u2019import d\u2019adjudicaci\u00f3, IVA excl\u00f2s<br \/>\n<b>7<\/b>&#8211; Requisits del contractista<br \/>\n\u2022 Classificaci\u00f3 i solv\u00e8ncia econ\u00f2mica i financera i t\u00e8cnica i professional:<br \/>\nd\u2019acord amb el Plec de cl\u00e0usules administratives.<br \/>\n<b>8<\/b>&#8211; Presentaci\u00f3 de les ofertes<br \/>\n\u2022 Data l\u00edmit de presentaci\u00f3: 15 dies naturals<br \/>\ncomptats del mateix dia de la publicaci\u00f3 fins a les 14:00 hores. Es fa<br \/>\nconstar que si l\u2019\u00faltim dia del termini \u00e9s dissabte o festiu, la<br \/>\npresentaci\u00f3 de proposicions es prorrogar\u00e0 fins al proper dia h\u00e0bil.<br \/>\n\u2022 Modalitat de presentaci\u00f3: presencial<br \/>\n\u2022 Lloc de presentaci\u00f3: Institut El Morell (Secretaria)<br \/>\nHorari de 8 h a 14:30 h<br \/>\nDomicili: C\u00e8sar Martinell, 1<br \/>\nLocalitat i codi postal: El Morell, 43760<br \/>\nLes proposicions tamb\u00e9 es podran trametre per correu dins del<br \/>\ntermini d\u2019admissi\u00f3. Caldr\u00e0, en aquest cas, justificar la data i l\u2019hora<br \/>\nd\u2019imposici\u00f3 de la tramesa a l\u2019oficina de correus i anunciar a l\u2019\u00f2rgan de<br \/>\ncontractaci\u00f3 la remissi\u00f3 de l\u2019oferta mitjan\u00e7ant el fax o el correu<br \/>\nelectr\u00f2nic que s&#8217;esmenten en el plec de cl\u00e0usules, fins a les 23:59 hores de l&#8217;\u00faltim dia determinat com a per\u00edode de presentaci\u00f3 de les<br \/>\nofertes.<br \/>\n\u2022 Admissi\u00f3 de variants: no.<br \/>\n\u2022 Termini durant el qual el licitador est\u00e0 obligat a mantenir la seva<br \/>\noferta: 2 mesos, des de l\u2019obertura de les ofertes.<\/div>\n<\/div>\n<p>&nbsp;<\/p>\n<div>\n<div><a href=\"https:\/\/drive.google.com\/file\/d\/0B0p0h5DUykXSTzUyc2FuYlI4YzQ\/view?usp=sharing\" target=\"_blank\" rel=\"noopener noreferrer\">PLEC DE CL\u00c0USULES ADMINISTRATIVES PARTICULARS CONTRACTE DE SERVEIS <\/a><\/div>\n<div><\/div>\n<\/div>\n<div>\n<p><a href=\"https:\/\/drive.google.com\/file\/d\/0B0p0h5DUykXSLThRNjdwdVhRSkk\/view?usp=sharing\" target=\"_blank\" rel=\"noopener noreferrer\">PRESCRIPCIONS T\u00c8CNIQUES QUE HAN DE REGIR PER A LA CONTRACTACI\u00d3 DEL SERVEI DE NETEJA <\/a><\/p>\n<p><a href=\"https:\/\/drive.google.com\/open?id=0B0p0h5DUykXSeDdIMHJHbGZfc29RaEZZXzVVbmx1YlpIN3Rn\" target=\"_blank\" rel=\"noopener noreferrer\">RESOLUCI\u00d3 DE PR\u00d3RROGA DEL CONTRACTE DE SERVEI DE NETEJA<\/a><\/p>\n<\/div>\n","protected":false},"excerpt":{"rendered":"<p><a href=\"https:\/\/agora.xtec.cat\/institut-el-morell\/wp-content\/uploads\/usu1519\/2020\/04\/Institut-El-Morell-Notificaci\u00f3-suspensi\u00f3-de-contracte_Net-Vime-signat.pdf\" target=\"_blank\" rel=\"noopener noreferrer\">NOTIFICACI\u00d3 SUSPENSI\u00d3 DEL CONTRACTE DEL SERVEI DE NETEJA<\/a><\/p>\n<p>____________________________________________________________<\/p>\n<p><a href=\"https:\/\/drive.google.com\/file\/d\/0B0p0h5DUykXSWmYxZ1dmZV84cTg\/view?usp=sharing\" target=\"_blank\" rel=\"noopener noreferrer\">ANUNCI PERFIL DEL CONTRACTANT<\/a><\/p>\n<p><a href=\"https:\/\/drive.google.com\/file\/d\/0B0p0h5DUykXSVnMydjJhanZqM2s\/view?usp=sharing\" target=\"_blank\" rel=\"noopener noreferrer\">RESOLUCI\u00d3 D&#8217;ADJUDICACI\u00d3 DEL CONTRACTE DEL SERVEI DE NETEJA<\/a><\/p>\n<p>Contingut de la publicaci\u00f3 de l\u2019anunci de licitaci\u00f3 al perfil del contractant<br \/>\n1&#8211; Entitat adjudicadora<br \/>\n\u2022 Centre&hellip;  <a href=\"https:\/\/agora.xtec.cat\/institut-el-morell\/perfil-del-contractant\/\" title=\"Read Perfil del Contractant\">Llegeix m\u00e9s\u00bb<\/a><\/p>\n","protected":false},"author":1,"featured_media":0,"parent":0,"menu_order":0,"comment_status":"closed","ping_status":"closed","template":"","meta":{"_bbp_topic_count":0,"_bbp_reply_count":0,"_bbp_total_topic_count":0,"_bbp_total_reply_count":0,"_bbp_voice_count":0,"_bbp_anonymous_reply_count":0,"_bbp_topic_count_hidden":0,"_bbp_reply_count_hidden":0,"_bbp_forum_subforum_count":0,"footnotes":""},"class_list":["post-547","page","type-page","status-publish","hentry"],"post_mailing_queue_ids":[],"_links":{"self":[{"href":"https:\/\/agora.xtec.cat\/institut-el-morell\/wp-json\/wp\/v2\/pages\/547","targetHints":{"allow":["GET"]}}],"collection":[{"href":"https:\/\/agora.xtec.cat\/institut-el-morell\/wp-json\/wp\/v2\/pages"}],"about":[{"href":"https:\/\/agora.xtec.cat\/institut-el-morell\/wp-json\/wp\/v2\/types\/page"}],"author":[{"embeddable":true,"href":"https:\/\/agora.xtec.cat\/institut-el-morell\/wp-json\/wp\/v2\/users\/1"}],"replies":[{"embeddable":true,"href":"https:\/\/agora.xtec.cat\/institut-el-morell\/wp-json\/wp\/v2\/comments?post=547"}],"version-history":[{"count":3,"href":"https:\/\/agora.xtec.cat\/institut-el-morell\/wp-json\/wp\/v2\/pages\/547\/revisions"}],"predecessor-version":[{"id":2242,"href":"https:\/\/agora.xtec.cat\/institut-el-morell\/wp-json\/wp\/v2\/pages\/547\/revisions\/2242"}],"wp:attachment":[{"href":"https:\/\/agora.xtec.cat\/institut-el-morell\/wp-json\/wp\/v2\/media?parent=547"}],"curies":[{"name":"wp","href":"https:\/\/api.w.org\/{rel}","templated":true}]}}