{"id":962,"date":"2019-02-04T17:13:21","date_gmt":"2019-02-04T16:13:21","guid":{"rendered":"https:\/\/agora.xtec.cat\/instiana\/?page_id=962"},"modified":"2019-02-04T17:20:58","modified_gmt":"2019-02-04T16:20:58","slug":"excellencia","status":"publish","type":"page","link":"https:\/\/agora.xtec.cat\/instiana\/excellencia\/","title":{"rendered":"Excel\u00b7l\u00e8ncia"},"content":{"rendered":"<p style=\"text-align: justify;\">A l&#8217;institut Tiana cerquem l&#8217;excel\u00b7l\u00e8ncia. \u00c9s per aix\u00f2 que intentem, amb diferents propostes pedag\u00f2giques i el continu treball diari, apropar-nos al rendiment m\u00e0xim de tots els nostres alumnes.<\/p>\n<p style=\"text-align: justify;\">Aqu\u00ed podeu veure algunes de les activitats educatives que proposem als nostres alumnes per tal que ofereixin el millor de cada un d&#8217;ells.<\/p>\n<p style=\"text-align: justify;\"><img loading=\"lazy\" decoding=\"async\" class=\"alignleft\" src=\"http:\/\/instiana.cat\/images\/Excell%C3%A8ncia\/LVA.jpg\" alt=\"LVA\" width=\"101\" height=\"100\" \/>Certamen de Lectura en Veu Alta\u00a0(LVA). La lectura i l&#8217;escriptura s\u00f3n considerades eines primordials i b\u00e0siques de la resta d&#8217;aprenentatges i, per tant, han de constituir un objectiu d&#8217;atenci\u00f3 preferent durant tota l&#8217;etapa de l&#8217;educaci\u00f3 obligat\u00f2ria. En aquest sentit, la LVA serveix per practicar l&#8217;entonaci\u00f3, el ritme, les pauses i la fon\u00e8tica; augmenta la comprensi\u00f3 lectora; \u00e9s generadora de debat; ajuda a treballar alguns aspectes gramaticals; afavoreix l&#8217;ampliaci\u00f3 del l\u00e8xic; ajuda a prendre consci\u00e8ncia de l&#8217;organitzaci\u00f3 de la informaci\u00f3&#8230;\u00a0El Certamen de LVA s&#8217;organtiza segons l&#8217;etapa educativa, a l&#8217;Institut Tiana hi participem des del curs 2012-2013 en dues categories: Corsaris (Primer Cicle d&#8217;ESO) i Tropa de Corsaris (Segon Cicle d&#8217;ESO).<\/p>\n<p style=\"text-align: justify;\"><strong><img loading=\"lazy\" decoding=\"async\" class=\"alignleft\" src=\"http:\/\/instiana.cat\/images\/Excell%C3%A8ncia\/Igualtat_g%C3%A8nere.png\" alt=\"Igualtat g\u00e8nere\" width=\"101\" height=\"100\" \/>Concurs per la Igualtat de G\u00e8nere<\/strong>. De la m\u00e0 de l&#8217;Ajuntament de Tiana, i emmarcat en les Jornades contra la viol\u00e8ncia masclista, des dels Departaments de Joventut i Igualtat s&#8217;impulsa, des del l&#8217;any 2012 i coincidint amb el dia internacional contra la viol\u00e8ncia de g\u00e8nere el 25 de novembre, un concurs on l&#8217;alumnat ha de fer un treball utilitzant les tecnologies de la comunicaci\u00f3\u00a0per promoure la reflexi\u00f3 sobre les desigualtats existents en les relacions de parella i\/o oportunitats entre dones i homes. El lliurament dels premis el fa la mateixa alcaldessa, Ester Pujol, a la Sala Alb\u00e9niz, coincidint amb la celebraci\u00f3 del Concert de Nadal de l&#8217;Institut.<\/p>\n<p style=\"text-align: justify;\"><img loading=\"lazy\" decoding=\"async\" class=\"alignleft\" src=\"http:\/\/instiana.cat\/images\/Excell%C3%A8ncia\/Fonix.png\" alt=\"Fonix\" width=\"101\" height=\"100\" \/><strong>The Fonix Competition<\/strong>. Aquest concurs est\u00e0 organitzat per la International House Barcelona, per la Fundaci\u00f3 Catalana de l&#8217;Esplai i per la Secretaria General de Pol\u00edtiques Educatives del Departament d&#8217;Ensenyament de la Generalitat de Catalunya com a activitat organtizada en el marc d&#8217;iniciatives socials d&#8217;accions d&#8217;entorn i d&#8217;activitats vers l&#8217;excel\u00b7l\u00e8ncia i en el Pla d&#8217;Impuls de la Llengua Anglesa als centres educatius catalans. Els concurs \u00e9s una iniciativa que pret\u00e9n complementar els plans de millora de la llengua anglesa als centres educatius de Catalunya i s&#8217;organitza amb la finalitat d&#8217;estimular i motivar l&#8217;aprenentatge d&#8217;aquest idioma, atesa la seva import\u00e0ncia a la societat actual. L&#8217;Institut Tiana va comen\u00e7ar a participar-hi el curs 2013-2014.<\/p>\n<p style=\"text-align: justify;\"><img loading=\"lazy\" decoding=\"async\" class=\"alignleft\" src=\"http:\/\/instiana.cat\/images\/Excell%C3%A8ncia\/ONCE.png\" alt=\"ONCE\" width=\"101\" height=\"100\" \/><strong>Concurs Escolar ONCE<\/strong>. L&#8217;objectiu del Concurs Escolar de l&#8217;ONCE i la seva Fundaci\u00f3 \u00e9s sensibilitzar sobre la import\u00e0ncia de la igualtat d&#8217;oportunitats de totes les persones, i aborden aquest repte a trav\u00e9s d&#8217;una proposta anual. A l&#8217;Institut Tiana, l&#8217;alumnat del Programa de Diversificaci\u00f3 Curricular hi participa a la Categoira C (Ed. Secund\u00e0ria i FP B\u00e0sica) des del curs 2014-2015, any en qu\u00e8 es va posar en marxa el Programa TIAANA.<\/p>\n<p style=\"text-align: justify;\"><img loading=\"lazy\" decoding=\"async\" class=\"alignleft\" src=\"http:\/\/instiana.cat\/images\/Excell%C3%A8ncia\/Coca-cola.png\" alt=\"Coca-cola\" width=\"101\" height=\"100\" \/><strong>Premi Coca-Cola de Relat Breu<\/strong>. L&#8217;objectiu d&#8217;aquest concurs \u00e9s promoure el desenvolupament de l&#8217;expressi\u00f3 escrita i la lectura entre els alumnes de 2n d&#8217;ESO i ajudar els i les participants a intentar complir el seu somni de convertir-se en escriptors, a trav\u00e9s d&#8217;aquest concurs literari que s&#8217;ha consolidat com un dels m\u00e9s importants del pa\u00eds. Al nostre centre hi participen els alumnes de 2n d&#8217;ESO en llengua castellana des del curs 2015-2016.<\/p>\n","protected":false},"excerpt":{"rendered":"<p>A l&#8217;institut Tiana cerquem l&#8217;excel\u00b7l\u00e8ncia. \u00c9s per aix\u00f2 que intentem, amb diferents propostes pedag\u00f2giques i el continu treball diari, apropar-nos al rendiment m\u00e0xim de tots els nostres alumnes.<br \/>\nAqu\u00ed podeu veure algunes de les activitats educatives que proposem als nostres alumnes per tal que ofereixin el&hellip;  <a href=\"https:\/\/agora.xtec.cat\/instiana\/excellencia\/\" title=\"Read Excel\u00b7l\u00e8ncia\">Llegeix m\u00e9s\u00bb<\/a><\/p>\n","protected":false},"author":3,"featured_media":0,"parent":0,"menu_order":0,"comment_status":"closed","ping_status":"closed","template":"","meta":{"_bbp_topic_count":0,"_bbp_reply_count":0,"_bbp_total_topic_count":0,"_bbp_total_reply_count":0,"_bbp_voice_count":0,"_bbp_anonymous_reply_count":0,"_bbp_topic_count_hidden":0,"_bbp_reply_count_hidden":0,"_bbp_forum_subforum_count":0,"footnotes":""},"class_list":["post-962","page","type-page","status-publish","hentry"],"post_mailing_queue_ids":[],"_links":{"self":[{"href":"https:\/\/agora.xtec.cat\/instiana\/wp-json\/wp\/v2\/pages\/962","targetHints":{"allow":["GET"]}}],"collection":[{"href":"https:\/\/agora.xtec.cat\/instiana\/wp-json\/wp\/v2\/pages"}],"about":[{"href":"https:\/\/agora.xtec.cat\/instiana\/wp-json\/wp\/v2\/types\/page"}],"author":[{"embeddable":true,"href":"https:\/\/agora.xtec.cat\/instiana\/wp-json\/wp\/v2\/users\/3"}],"replies":[{"embeddable":true,"href":"https:\/\/agora.xtec.cat\/instiana\/wp-json\/wp\/v2\/comments?post=962"}],"version-history":[{"count":1,"href":"https:\/\/agora.xtec.cat\/instiana\/wp-json\/wp\/v2\/pages\/962\/revisions"}],"predecessor-version":[{"id":963,"href":"https:\/\/agora.xtec.cat\/instiana\/wp-json\/wp\/v2\/pages\/962\/revisions\/963"}],"wp:attachment":[{"href":"https:\/\/agora.xtec.cat\/instiana\/wp-json\/wp\/v2\/media?parent=962"}],"curies":[{"name":"wp","href":"https:\/\/api.w.org\/{rel}","templated":true}]}}