{"id":954,"date":"2019-02-03T19:39:05","date_gmt":"2019-02-03T18:39:05","guid":{"rendered":"https:\/\/agora.xtec.cat\/instiana\/?page_id=954"},"modified":"2025-05-27T11:07:04","modified_gmt":"2025-05-27T09:07:04","slug":"treball-sintesi-eso-3","status":"publish","type":"page","link":"https:\/\/agora.xtec.cat\/instiana\/treball-sintesi-eso-3\/","title":{"rendered":"Treball S\u00edntesi 3r d&#8217;ESO"},"content":{"rendered":"<p><strong><em>Discovering Dublin\u00a0<\/em>&#8211; Treball de S\u00edntesi 3r d&#8217;ESO<\/strong><\/p>\n<div>\n<p data-start=\"193\" data-end=\"514\">Amb el treball de s\u00edntesi de 3r d\u2019ESO, volem oferir als nostres alumnes una experi\u00e8ncia educativa completa que combini l\u2019aprenentatge acad\u00e8mic amb el descobriment cultural. Aquest any, els estudiants tindran l\u2019oportunitat de fer un pas m\u00e9s enll\u00e0 amb un viatge a una de les capitals europees m\u00e9s emblem\u00e0tiques: <strong data-start=\"503\" data-end=\"513\">Dubl\u00edn<\/strong>.<\/p>\n<p data-start=\"516\" data-end=\"866\">La capital irlandesa \u00e9s un escenari viu d\u2019esdeveniments pol\u00edtics, econ\u00f2mics i culturals. Durant l\u2019estada, els alumnes podran endinsar-se en la seva hist\u00f2ria i el seu art, gaudir de l\u2019hospitalitat dels seus habitants, descobrir la seva rica cultura i gastronomia, i ampliar els seus coneixements a trav\u00e9s de les m\u00faltiples propostes dels museus locals.<\/p>\n<p data-start=\"868\" data-end=\"1110\">Aquest viatge no nom\u00e9s els permetr\u00e0 <strong data-start=\"904\" data-end=\"927\">viatjar en el temps<\/strong> i con\u00e8ixer figures c\u00e8lebres de la hist\u00f2ria irlandesa, sin\u00f3 que tamb\u00e9 els ajudar\u00e0 a <strong data-start=\"1011\" data-end=\"1066\">millorar la seva compet\u00e8ncia comunicativa en angl\u00e8s<\/strong>, la llengua internacional per excel\u00b7l\u00e8ncia.<\/p>\n<p data-start=\"1112\" data-end=\"1255\">En definitiva, es tracta d\u2019una experi\u00e8ncia enriquidora, plena de viv\u00e8ncies que complementen i donen sentit a l\u2019aprenentatge realitzat a l\u2019aula.<\/p>\n<\/div>\n","protected":false},"excerpt":{"rendered":"<p>Discovering Dublin\u00a0&#8211; Treball de S\u00edntesi 3r d&#8217;ESO<\/p>\n<p>Amb el treball de s\u00edntesi de 3r d\u2019ESO, volem oferir als nostres alumnes una experi\u00e8ncia educativa completa que combini l\u2019aprenentatge acad\u00e8mic amb el descobriment cultural. Aquest any, els estudiants tindran l\u2019oportunitat de fer un pas m\u00e9s enll\u00e0 amb un&hellip;  <a href=\"https:\/\/agora.xtec.cat\/instiana\/treball-sintesi-eso-3\/\" title=\"Read Treball S\u00edntesi 3r d&#8217;ESO\">Llegeix m\u00e9s\u00bb<\/a><\/p>\n","protected":false},"author":3,"featured_media":0,"parent":0,"menu_order":0,"comment_status":"closed","ping_status":"closed","template":"","meta":{"_bbp_topic_count":0,"_bbp_reply_count":0,"_bbp_total_topic_count":0,"_bbp_total_reply_count":0,"_bbp_voice_count":0,"_bbp_anonymous_reply_count":0,"_bbp_topic_count_hidden":0,"_bbp_reply_count_hidden":0,"_bbp_forum_subforum_count":0,"footnotes":""},"class_list":["post-954","page","type-page","status-publish","hentry"],"post_mailing_queue_ids":[],"_links":{"self":[{"href":"https:\/\/agora.xtec.cat\/instiana\/wp-json\/wp\/v2\/pages\/954","targetHints":{"allow":["GET"]}}],"collection":[{"href":"https:\/\/agora.xtec.cat\/instiana\/wp-json\/wp\/v2\/pages"}],"about":[{"href":"https:\/\/agora.xtec.cat\/instiana\/wp-json\/wp\/v2\/types\/page"}],"author":[{"embeddable":true,"href":"https:\/\/agora.xtec.cat\/instiana\/wp-json\/wp\/v2\/users\/3"}],"replies":[{"embeddable":true,"href":"https:\/\/agora.xtec.cat\/instiana\/wp-json\/wp\/v2\/comments?post=954"}],"version-history":[{"count":4,"href":"https:\/\/agora.xtec.cat\/instiana\/wp-json\/wp\/v2\/pages\/954\/revisions"}],"predecessor-version":[{"id":3742,"href":"https:\/\/agora.xtec.cat\/instiana\/wp-json\/wp\/v2\/pages\/954\/revisions\/3742"}],"wp:attachment":[{"href":"https:\/\/agora.xtec.cat\/instiana\/wp-json\/wp\/v2\/media?parent=954"}],"curies":[{"name":"wp","href":"https:\/\/api.w.org\/{rel}","templated":true}]}}