{"id":916,"date":"2019-01-30T22:14:41","date_gmt":"2019-01-30T21:14:41","guid":{"rendered":"https:\/\/agora.xtec.cat\/instiana\/?page_id=916"},"modified":"2025-05-28T10:54:44","modified_gmt":"2025-05-28T08:54:44","slug":"optatives-eso-1-2","status":"publish","type":"page","link":"https:\/\/agora.xtec.cat\/instiana\/optatives-eso-1-2\/","title":{"rendered":"Optatives 1r d&#8217;ESO"},"content":{"rendered":"<p>L&#8217;institut Tiana ofereix a 1r d&#8217;ESO un total de quatre mat\u00e8ries optatives trimestrals: <span style=\"color: #008080;\">Expressi\u00f3 creativa<span style=\"color: #000000;\">,<\/span> Educaci\u00f3 emocional, Rob\u00f2tica 1 i Segona llengua estrangera: alemany<span style=\"color: #000000;\">.<\/span>\u00a0<\/span><\/p>\n<table style=\"width: 100%;\">\n<tbody>\n<tr>\n<td style=\"width: 16.0594%; text-align: center;\"><strong>Optativa<\/strong><\/td>\n<td style=\"width: 82.996%; text-align: center;\"><strong>Objectius<\/strong><\/td>\n<\/tr>\n<tr>\n<td style=\"width: 16.0594%; text-align: center;\"><strong>Expressi\u00f3 creativa<\/strong><\/td>\n<td style=\"width: 82.996%;\">Sou molt creatius i us agradaria poder posar en pr\u00e0ctica la vostra part m\u00e9s art\u00edstica combinant diferents tipus d\u2019expressi\u00f3: oral, escrita, pl\u00e0stica, corporal? Heu provat de <strong>comunicar-vos<\/strong> amb tot el vostre potencial? En aquesta mat\u00e8ria trimestral, aprendreu a combinar les vostres habilitats per treure\u2019n el m\u00e0xim profit fent que les vostres tasques acad\u00e8miques destaquin. No us ho deixeu perdre!<\/td>\n<\/tr>\n<tr>\n<td style=\"width: 16.0594%; text-align: center;\"><strong>Educaci\u00f3 emocional<\/strong><\/td>\n<td style=\"width: 82.996%;\">En aquesta optativa aprendrem a ser conscients d&#8217;all\u00f2 que sentim nosaltres i tamb\u00e9 la gent del nostre entorn, i hi posarem nom tot prenent consci\u00e8ncia dels diferents estats comprenent el significat de cadascuna de les <strong>emocions<\/strong>. D&#8217;aquesta manera, sabrem regular-nos per tal de respondre de manera adequada a les diferents situacions emocionalment intenses (estr\u00e8s, frustraci\u00f3, por, debilitat, alegria, il\u00b7lusi\u00f3&#8230;). Aix\u00ed guanyarem en autonomia emocional i tindrem confian\u00e7a en nosaltres mateixos tot prenent decisions i acceptant les nostres responsabilitats. En definitiva, us oferirem recursos que us ajudin a tenir una vida sana i equilibrada, superant els possibles obstacles que s&#8217;esdevindran.<\/td>\n<\/tr>\n<tr>\n<td style=\"width: 16.0594%; text-align: center;\"><strong>Rob\u00f2tica 1<\/strong><\/td>\n<td style=\"width: 82.996%;\">Dins el projecte <strong>STEAM<\/strong> (acr\u00f2nim angl\u00e8s que engloba les disciplines educatives; Science Technology, Engineering, Art i Mathematics) es fa \u00fas de robots com a fil conductor. Amb la seva construcci\u00f3 i programaci\u00f3, l&#8217;alumnat desenvolupa habilitats creatives i resolutives com \u00e9s la realitzaci\u00f3 d&#8217;hip\u00f2tesis i el pensament sistem\u00e0tic, l\u00f2gic i estructural. Si us agrada aquesta optativa podreu donar-li continu\u00eftat cursant-la tamb\u00e9 en els pr\u00f2xims anys.<\/td>\n<\/tr>\n<tr>\n<td style=\"width: 16.0594%; text-align: center;\"><strong>Segona llengua estrangera: alemany<\/strong><\/td>\n<td style=\"width: 82.996%;\">Aquesta mat\u00e8ria \u00e9s una introducci\u00f3 a la <strong>llengua alemanya<\/strong>. Es treballen les compet\u00e8ncies comunicatives fonamentals: comprensi\u00f3 lectora i expressi\u00f3 escrita i oral. Si fent aquest tastet us agrada la mat\u00e8ria, en cursos posteriors podreu donar-li continu\u00eftat per aprendre aquesta llengua i qui sap si fer un viatge per poder practicar-la!<\/td>\n<\/tr>\n<\/tbody>\n<\/table>\n<ul>\n<li><span style=\"color: #008080;\"><span style=\"color: #000000;\">Paral\u00b7lelament, tamb\u00e9 s&#8217;ofereixen les mat\u00e8ries anuals de: <\/span><strong>Religi\u00f3<\/strong> i <strong>A<\/strong><\/span><strong><span style=\"color: #008080;\">ctivitats c\u00edviques i culturals<\/span><\/strong><span style=\"color: #008080;\"><span style=\"color: #000000;\">.<\/span><\/span><\/li>\n<\/ul>\n","protected":false},"excerpt":{"rendered":"<p>L&#8217;institut Tiana ofereix a 1r d&#8217;ESO un total de quatre mat\u00e8ries optatives trimestrals: Expressi\u00f3 creativa, Educaci\u00f3 emocional, Rob\u00f2tica 1 i Segona llengua estrangera: alemany.\u00a0<\/p>\n<p>Optativa<br \/>\nObjectius<\/p>\n<p>Expressi\u00f3 creativa<br \/>\nSou molt creatius i us agradaria poder posar en pr\u00e0ctica la vostra part m\u00e9s art\u00edstica combinant diferents tipus d\u2019expressi\u00f3: oral, escrita,&hellip;  <a href=\"https:\/\/agora.xtec.cat\/instiana\/optatives-eso-1-2\/\" title=\"Read Optatives 1r d&#8217;ESO\">Llegeix m\u00e9s\u00bb<\/a><\/p>\n","protected":false},"author":3,"featured_media":0,"parent":0,"menu_order":0,"comment_status":"closed","ping_status":"closed","template":"page-templates\/side-menu.php","meta":{"_bbp_topic_count":0,"_bbp_reply_count":0,"_bbp_total_topic_count":0,"_bbp_total_reply_count":0,"_bbp_voice_count":0,"_bbp_anonymous_reply_count":0,"_bbp_topic_count_hidden":0,"_bbp_reply_count_hidden":0,"_bbp_forum_subforum_count":0,"footnotes":""},"class_list":["post-916","page","type-page","status-publish","hentry"],"post_mailing_queue_ids":[],"_links":{"self":[{"href":"https:\/\/agora.xtec.cat\/instiana\/wp-json\/wp\/v2\/pages\/916","targetHints":{"allow":["GET"]}}],"collection":[{"href":"https:\/\/agora.xtec.cat\/instiana\/wp-json\/wp\/v2\/pages"}],"about":[{"href":"https:\/\/agora.xtec.cat\/instiana\/wp-json\/wp\/v2\/types\/page"}],"author":[{"embeddable":true,"href":"https:\/\/agora.xtec.cat\/instiana\/wp-json\/wp\/v2\/users\/3"}],"replies":[{"embeddable":true,"href":"https:\/\/agora.xtec.cat\/instiana\/wp-json\/wp\/v2\/comments?post=916"}],"version-history":[{"count":8,"href":"https:\/\/agora.xtec.cat\/instiana\/wp-json\/wp\/v2\/pages\/916\/revisions"}],"predecessor-version":[{"id":3786,"href":"https:\/\/agora.xtec.cat\/instiana\/wp-json\/wp\/v2\/pages\/916\/revisions\/3786"}],"wp:attachment":[{"href":"https:\/\/agora.xtec.cat\/instiana\/wp-json\/wp\/v2\/media?parent=916"}],"curies":[{"name":"wp","href":"https:\/\/api.w.org\/{rel}","templated":true}]}}