{"id":835,"date":"2019-01-23T22:38:28","date_gmt":"2019-01-23T21:38:28","guid":{"rendered":"https:\/\/agora.xtec.cat\/instiana\/?page_id=835"},"modified":"2025-09-17T12:10:21","modified_gmt":"2025-09-17T10:10:21","slug":"pdc-2","status":"publish","type":"page","link":"https:\/\/agora.xtec.cat\/instiana\/estudis\/eso\/pdc-2\/","title":{"rendered":"PDC"},"content":{"rendered":"<p>El Projecte de Diversificaci\u00f3 Curricular (PDC) est\u00e0 dissenyat per a alumnes que necessiten un itinerari personalitzat per refor\u00e7ar els aprenentatges i avan\u00e7ar a ritme propi. Aquest programa combina l\u2019adquisici\u00f3 de compet\u00e8ncies b\u00e0siques amb activitats pr\u00e0ctiques i projectes que fomenten l\u2019autonomia, la creativitat i la confian\u00e7a personal. L\u2019objectiu \u00e9s oferir un suport intensiu i adaptat a les necessitats de cada alumne, preparant-los per afrontar amb \u00e8xit els reptes acad\u00e8mics i socials del seu futur.<\/p>\n<table style=\"height: 147px; width: 97.2611%; border-collapse: collapse; border-style: none; background-color: #a69f9f;\" border=\"1\">\n<tbody>\n<tr style=\"height: 147px;\">\n<td style=\"width: 16.5691%; border-style: none; background-color: #f5c271; height: 147px; text-align: center;\"><a href=\"https:\/\/agora.xtec.cat\/instiana\/wp-content\/uploads\/usu1968\/2025\/09\/ESO_LOEM304_15.pdf\"><span style=\"color: #000000;\"><code><strong>HORARI<\/strong><\/code><\/span><\/a><\/p>\n<p><a href=\"https:\/\/agora.xtec.cat\/instiana\/wp-content\/uploads\/usu1968\/2025\/09\/ESO_LOEM304_15.pdf\"><span style=\"color: #000000;\"><code><strong>3r PDC<\/strong><\/code><\/span><\/a><\/td>\n<td style=\"width: 16.5691%; border-style: none; background-color: #d1a9ce; height: 147px; text-align: center;\"><a href=\"https:\/\/agora.xtec.cat\/instiana\/wp-content\/uploads\/usu1968\/2025\/09\/ESO_LOEM405_20.pdf\"><span style=\"color: #000000;\"><code><strong>HORARI<\/strong><\/code><\/span><\/a><\/p>\n<p><a href=\"https:\/\/agora.xtec.cat\/instiana\/wp-content\/uploads\/usu1968\/2025\/09\/ESO_LOEM405_20.pdf\"><span style=\"color: #000000;\"><code><strong>4t PDC<\/strong><\/code><\/span><\/a><\/td>\n<\/tr>\n<\/tbody>\n<\/table>\n<table style=\"height: 169px; width: 96.9512%; border-collapse: collapse; background-color: #e0dcdc; border-color: #000000;\" border=\"1\">\n<tbody>\n<tr>\n<td style=\"width: 100%;\">\n<h5 style=\"text-align: center;\"><a href=\"https:\/\/agora.xtec.cat\/instiana\/wp-content\/uploads\/usu1968\/2025\/07\/PDC-25-26-Llibres-docx.docx-1.pdf\">Llibres PDC Curs 25-26<\/a><\/h5>\n<\/td>\n<\/tr>\n<tr style=\"height: 71px;\">\n<td style=\"width: 100%; height: 71px;\">\n<h5 style=\"text-align: center;\"><span style=\"color: #008080;\"><a href=\"https:\/\/agora.xtec.cat\/instiana\/treball-sintesi-eso-3\/\">Treball s\u00edntesi 3r d&#8217;ESO<\/a><\/span><\/h5>\n<\/td>\n<\/tr>\n<tr style=\"height: 49px;\">\n<td style=\"width: 100%; height: 49px;\">\n<h5 style=\"text-align: center;\"><span style=\"color: #008080;\">Pr\u00e0ctiques<\/span><\/h5>\n<\/td>\n<\/tr>\n<tr style=\"height: 49px;\">\n<td style=\"width: 100%; height: 49px;\">\n<h5 style=\"text-align: center;\"><a href=\"https:\/\/agora.xtec.cat\/instiana\/equip-docent-pdc\/\"><span style=\"color: #008080;\">Equip docent PDC<\/span><\/a><\/h5>\n<\/td>\n<\/tr>\n<\/tbody>\n<\/table>\n<p>&nbsp;<\/p>\n","protected":false},"excerpt":{"rendered":"<p>El Projecte de Diversificaci\u00f3 Curricular (PDC) est\u00e0 dissenyat per a alumnes que necessiten un itinerari personalitzat per refor\u00e7ar els aprenentatges i avan\u00e7ar a ritme propi. Aquest programa combina l\u2019adquisici\u00f3 de compet\u00e8ncies b\u00e0siques amb activitats pr\u00e0ctiques i projectes que fomenten l\u2019autonomia, la creativitat i la confian\u00e7a&hellip;  <a href=\"https:\/\/agora.xtec.cat\/instiana\/estudis\/eso\/pdc-2\/\" title=\"Read PDC\">Llegeix m\u00e9s\u00bb<\/a><\/p>\n","protected":false},"author":4,"featured_media":0,"parent":1674,"menu_order":4,"comment_status":"closed","ping_status":"closed","template":"page-templates\/side-menu.php","meta":{"_bbp_topic_count":0,"_bbp_reply_count":0,"_bbp_total_topic_count":0,"_bbp_total_reply_count":0,"_bbp_voice_count":0,"_bbp_anonymous_reply_count":0,"_bbp_topic_count_hidden":0,"_bbp_reply_count_hidden":0,"_bbp_forum_subforum_count":0,"footnotes":""},"class_list":["post-835","page","type-page","status-publish","hentry"],"post_mailing_queue_ids":[],"_links":{"self":[{"href":"https:\/\/agora.xtec.cat\/instiana\/wp-json\/wp\/v2\/pages\/835","targetHints":{"allow":["GET"]}}],"collection":[{"href":"https:\/\/agora.xtec.cat\/instiana\/wp-json\/wp\/v2\/pages"}],"about":[{"href":"https:\/\/agora.xtec.cat\/instiana\/wp-json\/wp\/v2\/types\/page"}],"author":[{"embeddable":true,"href":"https:\/\/agora.xtec.cat\/instiana\/wp-json\/wp\/v2\/users\/4"}],"replies":[{"embeddable":true,"href":"https:\/\/agora.xtec.cat\/instiana\/wp-json\/wp\/v2\/comments?post=835"}],"version-history":[{"count":6,"href":"https:\/\/agora.xtec.cat\/instiana\/wp-json\/wp\/v2\/pages\/835\/revisions"}],"predecessor-version":[{"id":3965,"href":"https:\/\/agora.xtec.cat\/instiana\/wp-json\/wp\/v2\/pages\/835\/revisions\/3965"}],"up":[{"embeddable":true,"href":"https:\/\/agora.xtec.cat\/instiana\/wp-json\/wp\/v2\/pages\/1674"}],"wp:attachment":[{"href":"https:\/\/agora.xtec.cat\/instiana\/wp-json\/wp\/v2\/media?parent=835"}],"curies":[{"name":"wp","href":"https:\/\/api.w.org\/{rel}","templated":true}]}}