{"id":81,"date":"2014-09-18T10:38:05","date_gmt":"2014-09-18T10:38:05","guid":{"rendered":"http:\/\/agora.xtec.cat\/instiana\/?page_id=81"},"modified":"2025-09-15T12:31:47","modified_gmt":"2025-09-15T10:31:47","slug":"secretaria","status":"publish","type":"page","link":"https:\/\/agora.xtec.cat\/instiana\/secretaria\/","title":{"rendered":"Secretaria"},"content":{"rendered":"<h4><a href=\"https:\/\/agora.xtec.cat\/instiana\/wp-content\/uploads\/usu1968\/2019\/01\/IMG_2018-10-18_14-26-8_50.jpg\"><img loading=\"lazy\" decoding=\"async\" class=\"wp-image-640 alignright\" src=\"https:\/\/agora.xtec.cat\/instiana\/wp-content\/uploads\/usu1968\/2019\/01\/IMG_2018-10-18_14-26-8_50-1024x768.jpg\" alt=\"\" width=\"312\" height=\"234\" srcset=\"https:\/\/agora.xtec.cat\/instiana\/wp-content\/uploads\/usu1968\/2019\/01\/IMG_2018-10-18_14-26-8_50-1024x768.jpg 1024w, https:\/\/agora.xtec.cat\/instiana\/wp-content\/uploads\/usu1968\/2019\/01\/IMG_2018-10-18_14-26-8_50-300x225.jpg 300w, https:\/\/agora.xtec.cat\/instiana\/wp-content\/uploads\/usu1968\/2019\/01\/IMG_2018-10-18_14-26-8_50-768x576.jpg 768w, https:\/\/agora.xtec.cat\/instiana\/wp-content\/uploads\/usu1968\/2019\/01\/IMG_2018-10-18_14-26-8_50-200x150.jpg 200w, https:\/\/agora.xtec.cat\/instiana\/wp-content\/uploads\/usu1968\/2019\/01\/IMG_2018-10-18_14-26-8_50.jpg 1662w\" sizes=\"auto, (max-width: 312px) 100vw, 312px\" \/><\/a><span style=\"color: #008080;\">Horari d&#8217;atenci\u00f3<\/span><\/h4>\n<p>Dilluns a divendres de 09:00 a 14:00h. Aquest horari d&#8217;atenci\u00f3 al p\u00fablic variar\u00e0 en els per\u00edodes de preinscripcions i matr\u00edcula del centre.<\/p>\n<pre><\/pre>\n<h4 style=\"text-align: left;\"><\/h4>\n<p>&nbsp;<\/p>\n","protected":false},"excerpt":{"rendered":"<p><a href=\"https:\/\/agora.xtec.cat\/instiana\/wp-content\/uploads\/usu1968\/2019\/01\/IMG_2018-10-18_14-26-8_50.jpg\"><\/a>Horari d&#8217;atenci\u00f3<br \/>\nDilluns a divendres de 09:00 a 14:00h. Aquest horari d&#8217;atenci\u00f3 al p\u00fablic variar\u00e0 en els per\u00edodes de preinscripcions i matr\u00edcula del centre.<\/p>\n<p>&nbsp;<\/p>\n","protected":false},"author":1,"featured_media":0,"parent":0,"menu_order":3,"comment_status":"closed","ping_status":"closed","template":"page-templates\/side-menu.php","meta":{"_bbp_topic_count":0,"_bbp_reply_count":0,"_bbp_total_topic_count":0,"_bbp_total_reply_count":0,"_bbp_voice_count":0,"_bbp_anonymous_reply_count":0,"_bbp_topic_count_hidden":0,"_bbp_reply_count_hidden":0,"_bbp_forum_subforum_count":0,"footnotes":""},"class_list":["post-81","page","type-page","status-publish","hentry"],"post_mailing_queue_ids":[],"_links":{"self":[{"href":"https:\/\/agora.xtec.cat\/instiana\/wp-json\/wp\/v2\/pages\/81","targetHints":{"allow":["GET"]}}],"collection":[{"href":"https:\/\/agora.xtec.cat\/instiana\/wp-json\/wp\/v2\/pages"}],"about":[{"href":"https:\/\/agora.xtec.cat\/instiana\/wp-json\/wp\/v2\/types\/page"}],"author":[{"embeddable":true,"href":"https:\/\/agora.xtec.cat\/instiana\/wp-json\/wp\/v2\/users\/1"}],"replies":[{"embeddable":true,"href":"https:\/\/agora.xtec.cat\/instiana\/wp-json\/wp\/v2\/comments?post=81"}],"version-history":[{"count":7,"href":"https:\/\/agora.xtec.cat\/instiana\/wp-json\/wp\/v2\/pages\/81\/revisions"}],"predecessor-version":[{"id":3896,"href":"https:\/\/agora.xtec.cat\/instiana\/wp-json\/wp\/v2\/pages\/81\/revisions\/3896"}],"wp:attachment":[{"href":"https:\/\/agora.xtec.cat\/instiana\/wp-json\/wp\/v2\/media?parent=81"}],"curies":[{"name":"wp","href":"https:\/\/api.w.org\/{rel}","templated":true}]}}