{"id":694,"date":"2019-01-16T22:34:13","date_gmt":"2019-01-16T21:34:13","guid":{"rendered":"https:\/\/agora.xtec.cat\/instiana\/?page_id=694"},"modified":"2025-09-17T12:05:11","modified_gmt":"2025-09-17T10:05:11","slug":"eso-4","status":"publish","type":"page","link":"https:\/\/agora.xtec.cat\/instiana\/estudis\/eso\/eso-4\/","title":{"rendered":"4t d&#8217;ESO"},"content":{"rendered":"<p>\u00c9s el quart i \u00faltim curs de l\u2019Educaci\u00f3 Secund\u00e0ria Obligat\u00f2ria. En aquesta etapa l\u2019alumnat consolida els coneixements i les compet\u00e8ncies adquirides durant l\u2019ESO, tot aprofundint en les diferents mat\u00e8ries \u2014llengua i literatura, matem\u00e0tiques, ci\u00e8ncies, lleng\u00fces estrangeres, educaci\u00f3 art\u00edstica i educaci\u00f3 f\u00edsica\u2014 i desenvolupant habilitats d\u2019autonomia, responsabilitat i pensament cr\u00edtic. Aquest curs t\u00e9 un paper clau en la preparaci\u00f3 dels alumnes per als estudis posteriors i per als reptes personals i acad\u00e8mics que vindran despr\u00e9s de l\u2019ESO.<\/p>\n<table style=\"height: 147px; width: 97.2611%; border-collapse: collapse; border-style: none; background-color: #a69f9f;\" border=\"1\">\n<tbody>\n<tr style=\"height: 147px;\">\n<td style=\"width: 16.5691%; border-style: none; background-color: #f5c271; height: 147px; text-align: center;\"><a href=\"https:\/\/agora.xtec.cat\/instiana\/wp-content\/uploads\/usu1968\/2025\/09\/ESO_LOEM401_16.pdf\"><span style=\"color: #000000;\"><strong>HORARI<\/strong><\/span><\/a><\/p>\n<p><a href=\"https:\/\/agora.xtec.cat\/instiana\/wp-content\/uploads\/usu1968\/2025\/09\/ESO_LOEM401_16.pdf\"><span style=\"color: #000000;\"><strong>4t d&#8217;ESO A<\/strong><\/span><\/a><\/td>\n<td style=\"width: 16.5691%; border-style: none; height: 147px; background-color: #dadbf2; text-align: center;\"><a href=\"https:\/\/agora.xtec.cat\/instiana\/wp-content\/uploads\/usu1968\/2025\/09\/ESO_LOEM402_17.pdf\"><span style=\"color: #000000;\"><strong>HORARI<\/strong><\/span><\/a><\/p>\n<p><a href=\"https:\/\/agora.xtec.cat\/instiana\/wp-content\/uploads\/usu1968\/2025\/09\/ESO_LOEM402_17.pdf\"><span style=\"color: #000000;\"><strong>4t d&#8217;ESO B<\/strong><\/span><\/a><\/td>\n<td style=\"width: 16.5691%; border-style: none; background-color: #d1a9ce; height: 147px; text-align: center;\"><a href=\"https:\/\/agora.xtec.cat\/instiana\/wp-content\/uploads\/usu1968\/2025\/09\/ESO_LOEM403_18.pdf\"><span style=\"color: #000000;\"><strong>HORARI<\/strong><\/span><\/a><\/p>\n<p><a href=\"https:\/\/agora.xtec.cat\/instiana\/wp-content\/uploads\/usu1968\/2025\/09\/ESO_LOEM403_18.pdf\"><span style=\"color: #000000;\"><strong>4t d&#8217;ESO C<\/strong><\/span><\/a><\/td>\n<td style=\"width: 16.5691%; border-style: none; background-color: #edf584; height: 147px; text-align: center;\"><a href=\"https:\/\/agora.xtec.cat\/instiana\/wp-content\/uploads\/usu1968\/2025\/09\/ESO_LOEM404_19.pdf\"><span style=\"color: #000000;\"><strong>HORARI<\/strong><\/span><\/a><\/p>\n<p><a href=\"https:\/\/agora.xtec.cat\/instiana\/wp-content\/uploads\/usu1968\/2025\/09\/ESO_LOEM404_19.pdf\"><span style=\"color: #000000;\"><strong>4t d&#8217;ESO<\/strong><strong> D<\/strong><\/span><\/a><\/td>\n<\/tr>\n<\/tbody>\n<\/table>\n<table style=\"height: 40px; width: 97.6124%; border-collapse: collapse; background-color: #e0dcdc; border-color: #000000;\" border=\"1\">\n<tbody>\n<tr style=\"height: 31px;\">\n<td style=\"width: 100%; height: 31px;\">\n<h5 style=\"text-align: center;\"><a href=\"https:\/\/agora.xtec.cat\/instiana\/wp-content\/uploads\/usu1968\/2025\/07\/Llibres-25-26-4t-ESO.docx.pdf\">Llibres 4t d&#8217;ESO &#8211; <\/a><a href=\"https:\/\/agora.xtec.cat\/instiana\/wp-content\/uploads\/usu1968\/2025\/07\/Llibres-25-26-4t-ESO.docx.pdf\">Curs 25-26<\/a><\/h5>\n<\/td>\n<\/tr>\n<tr>\n<td style=\"width: 100%;\">\n<h5 style=\"text-align: center;\"><a href=\"https:\/\/agora.xtec.cat\/instiana\/treball-de-recerca\/\"><span style=\"color: #008080;\">Projecte de recerca<\/span><\/a><\/h5>\n<\/td>\n<\/tr>\n<tr>\n<td style=\"width: 100%;\">\n<h5 style=\"text-align: center;\"><a href=\"https:\/\/agora.xtec.cat\/instiana\/optatives-eso-4\/\"><span style=\"color: #008080;\">Optatives 4t d&#8217;ESO<\/span><\/a><\/h5>\n<\/td>\n<\/tr>\n<tr>\n<td style=\"width: 100%;\">\n<h5 style=\"text-align: center;\"><a href=\"https:\/\/agora.xtec.cat\/instiana\/equip-docent-eso-4\/\"><span style=\"color: #008080;\">Equip docent 4t d&#8217;ESO<\/span><\/a><\/h5>\n<\/td>\n<\/tr>\n<\/tbody>\n<\/table>\n<p>&nbsp;<\/p>\n","protected":false},"excerpt":{"rendered":"<p>\u00c9s el quart i \u00faltim curs de l\u2019Educaci\u00f3 Secund\u00e0ria Obligat\u00f2ria. En aquesta etapa l\u2019alumnat consolida els coneixements i les compet\u00e8ncies adquirides durant l\u2019ESO, tot aprofundint en les diferents mat\u00e8ries \u2014llengua i literatura, matem\u00e0tiques, ci\u00e8ncies, lleng\u00fces estrangeres, educaci\u00f3 art\u00edstica i educaci\u00f3 f\u00edsica\u2014 i desenvolupant habilitats d\u2019autonomia,&hellip;  <a href=\"https:\/\/agora.xtec.cat\/instiana\/estudis\/eso\/eso-4\/\" title=\"Read 4t d&#8217;ESO\">Llegeix m\u00e9s\u00bb<\/a><\/p>\n","protected":false},"author":4,"featured_media":0,"parent":1674,"menu_order":4,"comment_status":"closed","ping_status":"closed","template":"page-templates\/side-menu.php","meta":{"_bbp_topic_count":0,"_bbp_reply_count":0,"_bbp_total_topic_count":0,"_bbp_total_reply_count":0,"_bbp_voice_count":0,"_bbp_anonymous_reply_count":0,"_bbp_topic_count_hidden":0,"_bbp_reply_count_hidden":0,"_bbp_forum_subforum_count":0,"footnotes":""},"class_list":["post-694","page","type-page","status-publish","hentry"],"post_mailing_queue_ids":[],"_links":{"self":[{"href":"https:\/\/agora.xtec.cat\/instiana\/wp-json\/wp\/v2\/pages\/694","targetHints":{"allow":["GET"]}}],"collection":[{"href":"https:\/\/agora.xtec.cat\/instiana\/wp-json\/wp\/v2\/pages"}],"about":[{"href":"https:\/\/agora.xtec.cat\/instiana\/wp-json\/wp\/v2\/types\/page"}],"author":[{"embeddable":true,"href":"https:\/\/agora.xtec.cat\/instiana\/wp-json\/wp\/v2\/users\/4"}],"replies":[{"embeddable":true,"href":"https:\/\/agora.xtec.cat\/instiana\/wp-json\/wp\/v2\/comments?post=694"}],"version-history":[{"count":7,"href":"https:\/\/agora.xtec.cat\/instiana\/wp-json\/wp\/v2\/pages\/694\/revisions"}],"predecessor-version":[{"id":3962,"href":"https:\/\/agora.xtec.cat\/instiana\/wp-json\/wp\/v2\/pages\/694\/revisions\/3962"}],"up":[{"embeddable":true,"href":"https:\/\/agora.xtec.cat\/instiana\/wp-json\/wp\/v2\/pages\/1674"}],"wp:attachment":[{"href":"https:\/\/agora.xtec.cat\/instiana\/wp-json\/wp\/v2\/media?parent=694"}],"curies":[{"name":"wp","href":"https:\/\/api.w.org\/{rel}","templated":true}]}}