{"id":692,"date":"2019-01-16T22:33:17","date_gmt":"2019-01-16T21:33:17","guid":{"rendered":"https:\/\/agora.xtec.cat\/instiana\/?page_id=692"},"modified":"2025-09-17T11:59:15","modified_gmt":"2025-09-17T09:59:15","slug":"eso-3","status":"publish","type":"page","link":"https:\/\/agora.xtec.cat\/instiana\/estudis\/eso\/eso-3\/","title":{"rendered":"3r d&#8217;ESO"},"content":{"rendered":"<p>\u00c9s el tercer curs de l\u2019Educaci\u00f3 Secund\u00e0ria Obligat\u00f2ria. En aquesta etapa l\u2019alumnat continua consolidant els coneixements adquirits i avan\u00e7a en el desenvolupament de l\u2019autonomia, l\u2019organitzaci\u00f3 i els h\u00e0bits d\u2019estudi. Es treballa de manera m\u00e9s aprofundida en totes les mat\u00e8ries \u2014llengua i literatura, matem\u00e0tiques, ci\u00e8ncies, lleng\u00fces estrangeres, educaci\u00f3 art\u00edstica i educaci\u00f3 f\u00edsica\u2014 i es promou el raonament cr\u00edtic, la creativitat i la capacitat de treball en equip. Aquest curs prepara l\u2019alumnat per afrontar amb \u00e8xit els reptes acad\u00e8mics i personals dels \u00faltims cursos de l\u2019ESO.<\/p>\n<table style=\"height: 147px; width: 97.2611%; border-collapse: collapse; border-style: none; background-color: #a69f9f;\" border=\"1\">\n<tbody>\n<tr style=\"height: 147px;\">\n<td style=\"width: 16.5691%; border-style: none; background-color: #f5c271; height: 147px; text-align: center;\"><a href=\"https:\/\/agora.xtec.cat\/instiana\/wp-content\/uploads\/usu1968\/2025\/09\/ESO_LOEM301_12.pdf\"><span style=\"color: #000000;\"><code><strong>HORARI<\/strong><\/code><\/span><\/a><\/p>\n<p><a href=\"https:\/\/agora.xtec.cat\/instiana\/wp-content\/uploads\/usu1968\/2025\/09\/ESO_LOEM301_12.pdf\"><span style=\"color: #000000;\"><code><strong>3r d'ESO A<\/strong><\/code><\/span><\/a><\/td>\n<td style=\"width: 16.5691%; border-style: none; background-color: #d1a9ce; height: 147px; text-align: center;\"><a href=\"https:\/\/agora.xtec.cat\/instiana\/wp-content\/uploads\/usu1968\/2025\/09\/ESO_LOEM301_12.pdf\"><span style=\"color: #000000;\"><code><strong>HORARI<\/strong><\/code><\/span><\/a><\/p>\n<p><a href=\"https:\/\/agora.xtec.cat\/instiana\/wp-content\/uploads\/usu1968\/2025\/09\/ESO_LOEM301_12.pdf\"><span style=\"color: #000000;\"><code><strong>3r d'ESO B<\/strong><\/code><\/span><\/a><\/td>\n<td style=\"width: 16.5691%; border-style: none; background-color: #edf584; height: 147px; text-align: center;\"><a href=\"https:\/\/agora.xtec.cat\/instiana\/wp-content\/uploads\/usu1968\/2025\/09\/ESO_LOEM301_12.pdf\"><span style=\"color: #000000;\"><code><strong>HORARI<\/strong><\/code><\/span><\/a><\/p>\n<p><a href=\"https:\/\/agora.xtec.cat\/instiana\/wp-content\/uploads\/usu1968\/2025\/09\/ESO_LOEM301_12.pdf\"><span style=\"color: #000000;\"><code><strong>3r d'ESO C<\/strong><\/code><\/span><\/a><\/td>\n<\/tr>\n<\/tbody>\n<\/table>\n<table style=\"height: 178px; width: 97.0466%; border-collapse: collapse; background-color: #e0dcdc; border-color: #000000;\" border=\"1\">\n<tbody>\n<tr style=\"height: 31px;\">\n<td style=\"width: 100%; height: 31px; text-align: center;\">\n<h5><a href=\"https:\/\/agora.xtec.cat\/instiana\/wp-content\/uploads\/usu1968\/2025\/07\/Llibres-25-26-3r-ESO.docx-1.pdf\">Llibres 3r d&#8217;ESO &#8211; <\/a><a href=\"https:\/\/agora.xtec.cat\/instiana\/wp-content\/uploads\/usu1968\/2025\/07\/Llibres-25-26-3r-ESO.docx-1.pdf\">Curs 25-26<\/a><\/h5>\n<\/td>\n<\/tr>\n<tr style=\"height: 49px;\">\n<td style=\"width: 100%; height: 49px;\">\n<h5 style=\"text-align: center;\"><a href=\"https:\/\/agora.xtec.cat\/instiana\/treball-sintesi-eso-3\/\"><span style=\"color: #008080;\">Treball de s\u00edntesi 3r d&#8217;ESO<\/span><\/a><\/h5>\n<\/td>\n<\/tr>\n<tr style=\"height: 49px;\">\n<td style=\"width: 100%; height: 49px;\">\n<h5 style=\"text-align: center;\"><a href=\"https:\/\/agora.xtec.cat\/instiana\/optatives-eso-3\/\"><span style=\"color: #008080;\">Optatives 3r d&#8217;ESO<\/span><\/a><\/h5>\n<\/td>\n<\/tr>\n<tr style=\"height: 49px;\">\n<td style=\"width: 100%; height: 49px;\">\n<h5 style=\"text-align: center;\"><a href=\"https:\/\/agora.xtec.cat\/instiana\/equip-docent-eso-3\/\"><span style=\"color: #008080;\">Equip docent 3r d&#8217;ESO<\/span><\/a><\/h5>\n<\/td>\n<\/tr>\n<\/tbody>\n<\/table>\n<p>&nbsp;<\/p>\n","protected":false},"excerpt":{"rendered":"<p>\u00c9s el tercer curs de l\u2019Educaci\u00f3 Secund\u00e0ria Obligat\u00f2ria. En aquesta etapa l\u2019alumnat continua consolidant els coneixements adquirits i avan\u00e7a en el desenvolupament de l\u2019autonomia, l\u2019organitzaci\u00f3 i els h\u00e0bits d\u2019estudi. Es treballa de manera m\u00e9s aprofundida en totes les mat\u00e8ries \u2014llengua i literatura, matem\u00e0tiques, ci\u00e8ncies, lleng\u00fces&hellip;  <a href=\"https:\/\/agora.xtec.cat\/instiana\/estudis\/eso\/eso-3\/\" title=\"Read 3r d&#8217;ESO\">Llegeix m\u00e9s\u00bb<\/a><\/p>\n","protected":false},"author":4,"featured_media":0,"parent":1674,"menu_order":3,"comment_status":"closed","ping_status":"closed","template":"page-templates\/side-menu.php","meta":{"_bbp_topic_count":0,"_bbp_reply_count":0,"_bbp_total_topic_count":0,"_bbp_total_reply_count":0,"_bbp_voice_count":0,"_bbp_anonymous_reply_count":0,"_bbp_topic_count_hidden":0,"_bbp_reply_count_hidden":0,"_bbp_forum_subforum_count":0,"footnotes":""},"class_list":["post-692","page","type-page","status-publish","hentry"],"post_mailing_queue_ids":[],"_links":{"self":[{"href":"https:\/\/agora.xtec.cat\/instiana\/wp-json\/wp\/v2\/pages\/692","targetHints":{"allow":["GET"]}}],"collection":[{"href":"https:\/\/agora.xtec.cat\/instiana\/wp-json\/wp\/v2\/pages"}],"about":[{"href":"https:\/\/agora.xtec.cat\/instiana\/wp-json\/wp\/v2\/types\/page"}],"author":[{"embeddable":true,"href":"https:\/\/agora.xtec.cat\/instiana\/wp-json\/wp\/v2\/users\/4"}],"replies":[{"embeddable":true,"href":"https:\/\/agora.xtec.cat\/instiana\/wp-json\/wp\/v2\/comments?post=692"}],"version-history":[{"count":7,"href":"https:\/\/agora.xtec.cat\/instiana\/wp-json\/wp\/v2\/pages\/692\/revisions"}],"predecessor-version":[{"id":3957,"href":"https:\/\/agora.xtec.cat\/instiana\/wp-json\/wp\/v2\/pages\/692\/revisions\/3957"}],"up":[{"embeddable":true,"href":"https:\/\/agora.xtec.cat\/instiana\/wp-json\/wp\/v2\/pages\/1674"}],"wp:attachment":[{"href":"https:\/\/agora.xtec.cat\/instiana\/wp-json\/wp\/v2\/media?parent=692"}],"curies":[{"name":"wp","href":"https:\/\/api.w.org\/{rel}","templated":true}]}}