{"id":594,"date":"2019-01-10T13:55:33","date_gmt":"2019-01-10T12:55:33","guid":{"rendered":"https:\/\/agora.xtec.cat\/instiana\/?page_id=594"},"modified":"2019-04-02T22:59:44","modified_gmt":"2019-04-02T20:59:44","slug":"steam","status":"publish","type":"page","link":"https:\/\/agora.xtec.cat\/instiana\/projectes\/steam\/","title":{"rendered":"STEAM"},"content":{"rendered":"<p style=\"text-align: justify;\"><a href=\"https:\/\/agora.xtec.cat\/instiana\/wp-content\/uploads\/usu1968\/2019\/02\/STEAM.png\"><img loading=\"lazy\" decoding=\"async\" class=\"alignright size-full wp-image-1088\" src=\"https:\/\/agora.xtec.cat\/instiana\/wp-content\/uploads\/usu1968\/2019\/02\/STEAM.png\" alt=\"\" width=\"264\" height=\"197\" srcset=\"https:\/\/agora.xtec.cat\/instiana\/wp-content\/uploads\/usu1968\/2019\/02\/STEAM.png 264w, https:\/\/agora.xtec.cat\/instiana\/wp-content\/uploads\/usu1968\/2019\/02\/STEAM-200x150.png 200w\" sizes=\"auto, (max-width: 264px) 100vw, 264px\" \/><\/a>El\u00a0projecte STEAM Tiana, dins del projecte d\u2019innovaci\u00f3 pedag\u00f2gica de la Generalitat STEAMcat, vol potenciar les compet\u00e8ncies cient\u00edfiques, tecnol\u00f2giques i matem\u00e0tiques per tal de promoure la ci\u00e8ncia, la tecnologia, l\u2019enginyeria i les matem\u00e0tiques a la societat, no sols des de les pr\u00f2pies \u00e0rees si no tamb\u00e9 amb el transversal i global de centre, \u00a0fent \u00e8mfasi especial en les activitats adre\u00e7ades a la comunitat educativa<\/p>\n","protected":false},"excerpt":{"rendered":"<p><a href=\"https:\/\/agora.xtec.cat\/instiana\/wp-content\/uploads\/usu1968\/2019\/02\/STEAM.png\"><\/a>El\u00a0projecte STEAM Tiana, dins del projecte d\u2019innovaci\u00f3 pedag\u00f2gica de la Generalitat STEAMcat, vol potenciar les compet\u00e8ncies cient\u00edfiques, tecnol\u00f2giques i matem\u00e0tiques per tal de promoure la ci\u00e8ncia, la tecnologia, l\u2019enginyeria i les matem\u00e0tiques a la societat, no sols des de les pr\u00f2pies \u00e0rees si no&hellip;  <a href=\"https:\/\/agora.xtec.cat\/instiana\/projectes\/steam\/\" title=\"Read STEAM\">Llegeix m\u00e9s\u00bb<\/a><\/p>\n","protected":false},"author":3,"featured_media":0,"parent":579,"menu_order":7,"comment_status":"closed","ping_status":"closed","template":"page-templates\/side-menu.php","meta":{"_bbp_topic_count":0,"_bbp_reply_count":0,"_bbp_total_topic_count":0,"_bbp_total_reply_count":0,"_bbp_voice_count":0,"_bbp_anonymous_reply_count":0,"_bbp_topic_count_hidden":0,"_bbp_reply_count_hidden":0,"_bbp_forum_subforum_count":0,"footnotes":""},"class_list":["post-594","page","type-page","status-publish","hentry"],"post_mailing_queue_ids":[],"_links":{"self":[{"href":"https:\/\/agora.xtec.cat\/instiana\/wp-json\/wp\/v2\/pages\/594","targetHints":{"allow":["GET"]}}],"collection":[{"href":"https:\/\/agora.xtec.cat\/instiana\/wp-json\/wp\/v2\/pages"}],"about":[{"href":"https:\/\/agora.xtec.cat\/instiana\/wp-json\/wp\/v2\/types\/page"}],"author":[{"embeddable":true,"href":"https:\/\/agora.xtec.cat\/instiana\/wp-json\/wp\/v2\/users\/3"}],"replies":[{"embeddable":true,"href":"https:\/\/agora.xtec.cat\/instiana\/wp-json\/wp\/v2\/comments?post=594"}],"version-history":[{"count":3,"href":"https:\/\/agora.xtec.cat\/instiana\/wp-json\/wp\/v2\/pages\/594\/revisions"}],"predecessor-version":[{"id":1139,"href":"https:\/\/agora.xtec.cat\/instiana\/wp-json\/wp\/v2\/pages\/594\/revisions\/1139"}],"up":[{"embeddable":true,"href":"https:\/\/agora.xtec.cat\/instiana\/wp-json\/wp\/v2\/pages\/579"}],"wp:attachment":[{"href":"https:\/\/agora.xtec.cat\/instiana\/wp-json\/wp\/v2\/media?parent=594"}],"curies":[{"name":"wp","href":"https:\/\/api.w.org\/{rel}","templated":true}]}}