{"id":592,"date":"2019-01-10T13:54:46","date_gmt":"2019-01-10T12:54:46","guid":{"rendered":"https:\/\/agora.xtec.cat\/instiana\/?page_id=592"},"modified":"2021-10-17T20:35:07","modified_gmt":"2021-10-17T18:35:07","slug":"tiana-lectora","status":"publish","type":"page","link":"https:\/\/agora.xtec.cat\/instiana\/projectes\/tiana-lectora\/","title":{"rendered":"Tiana Lectora"},"content":{"rendered":"<p><b><a href=\"https:\/\/agora.xtec.cat\/instiana\/wp-content\/uploads\/usu1968\/2020\/01\/CAADD319-D0B9-42CE-A2E6-F984592F23F1.jpeg\"><img loading=\"lazy\" decoding=\"async\" class=\"alignright size-medium wp-image-1475\" src=\"https:\/\/agora.xtec.cat\/instiana\/wp-content\/uploads\/usu1968\/2020\/01\/CAADD319-D0B9-42CE-A2E6-F984592F23F1-300x164.jpeg\" alt=\"\" width=\"300\" height=\"164\" srcset=\"https:\/\/agora.xtec.cat\/instiana\/wp-content\/uploads\/usu1968\/2020\/01\/CAADD319-D0B9-42CE-A2E6-F984592F23F1-300x164.jpeg 300w, https:\/\/agora.xtec.cat\/instiana\/wp-content\/uploads\/usu1968\/2020\/01\/CAADD319-D0B9-42CE-A2E6-F984592F23F1.jpeg 640w\" sizes=\"auto, (max-width: 300px) 100vw, 300px\" \/><\/a><\/b><\/p>\n<p>El projecte Tiana Lectora, que vam engegar el curs 2018-2019, vol ser una invitaci\u00f3 a llegir mitja hora cada dia, despr\u00e9s del pati. La lectura es tria lliurement: novel\u00b7les, contes, llibres de poesia, revistes i diaris, c\u00f2mics\u2026 Comprats, regalats, deixats pels amics, demanats en pr\u00e9stec a les biblioteques o a l\u2019institut\u2026\u00a0L\u2019objectiu principal \u00e9s <b>treballar la Compet\u00e8ncia Comunicativa de manera transversal<\/b> des de tots els \u00c0mbits, amb dues activitats diferenciades: un temps de lectura individual i en silenci (quatre dies a la setmana), i un temps per fer altres tipus d&#8217;activitats relacionades amb la lectura com llegir en veu alta, parlar del que han llegit, etc. un cop per setmana.<\/p>\n<p>Un altre objectiu que promou aquest projecte \u00e9s <b>fomentar la lectura entre la comunitat educativa.\u00a0<\/b>Incorporar la lectura per plaer dins l\u2019horari lectiu. Somniar la idea que m\u00e9s de quatre-cents nois i noies s\u2019endinsen en els seus llibres, concentrats en una experi\u00e8ncia individual per\u00f2 compartida alhora. Sempre guiats i encoratjats pel professorat, que des dels diferents \u00e0mbits, aniran fent les recomanacions i les propostes did\u00e0ctiques que considerin m\u00e9s adients creant aix\u00ed una xarxa de lectors, un espai on compartir lectures i experi\u00e8ncies.<\/p>\n<p>La Tiana Lectora t\u00e9 tamb\u00e9 com a objectiu <b>promoure activitats amb la biblioteca p\u00fablica de Tiana.\u00a0<\/b>A m\u00e9s dels suggeriments dels professors, la biblioteca\u00a0<a href=\"http:\/\/biblioteca.tianat.cat\/\" target=\"_blank\" rel=\"noopener\" data-saferedirecturl=\"https:\/\/www.google.com\/url?q=http:\/\/biblioteca.tianat.cat\/&amp;source=gmail&amp;ust=1634581904345000&amp;usg=AFQjCNGX4DBsOsPNd66ue0sXauI1LuApIg\">Can Baratau<\/a>\u00a0ens deixa en pr\u00e9stec una selecci\u00f3 de documents relacionats amb els diferents \u00e0mbits curriculars aix\u00ed com aquells t\u00edtols de m\u00e9s renom. Tamb\u00e9 organitzem diferents activitats: visites a la biblioteca per redescobrir els serveis que ofereixen; prescripcions lectores al centre; activitats per saber cercar una determinada informaci\u00f3 tot escollint una font de confian\u00e7a; per aprendre a citar les fonts d\u2019informaci\u00f3 consultades en fer un treball o a documentar-se per als Treballs de Recerca&#8230;<\/p>\n<p>Per tal de donar visibilitat a les activitats que s\u2019hi fan, i que aquestes arribin a tota la comunitat educativa el curs 2021-2022 s\u2019obre un compte d\u2019Instagram (<a href=\"https:\/\/www.instagram.com\/tianalectora\/\" target=\"_blank\" rel=\"noopener\" data-saferedirecturl=\"https:\/\/www.google.com\/url?q=https:\/\/www.instagram.com\/tianalectora\/&amp;source=gmail&amp;ust=1634581904345000&amp;usg=AFQjCNGlHHWWPBXRPpoIHdKITMqyE_Su9Q\">@tianalectora<\/a>) des d\u2019on podreu anar seguint totes les novetats del projecte. Seguiu-nos i sereu part d\u2019aquest m\u00f3n de lectures!<\/p>\n<p>&nbsp;<\/p>\n","protected":false},"excerpt":{"rendered":"<p><a href=\"https:\/\/agora.xtec.cat\/instiana\/wp-content\/uploads\/usu1968\/2020\/01\/CAADD319-D0B9-42CE-A2E6-F984592F23F1.jpeg\"><\/a><br \/>\nEl projecte Tiana Lectora, que vam engegar el curs 2018-2019, vol ser una invitaci\u00f3 a llegir mitja hora cada dia, despr\u00e9s del pati. La lectura es tria lliurement: novel\u00b7les, contes, llibres de poesia, revistes i diaris, c\u00f2mics\u2026 Comprats, regalats, deixats pels amics, demanats en&hellip;  <a href=\"https:\/\/agora.xtec.cat\/instiana\/projectes\/tiana-lectora\/\" title=\"Read Tiana Lectora\">Llegeix m\u00e9s\u00bb<\/a><\/p>\n","protected":false},"author":3,"featured_media":0,"parent":579,"menu_order":6,"comment_status":"closed","ping_status":"closed","template":"page-templates\/side-menu.php","meta":{"_bbp_topic_count":0,"_bbp_reply_count":0,"_bbp_total_topic_count":0,"_bbp_total_reply_count":0,"_bbp_voice_count":0,"_bbp_anonymous_reply_count":0,"_bbp_topic_count_hidden":0,"_bbp_reply_count_hidden":0,"_bbp_forum_subforum_count":0,"footnotes":""},"class_list":["post-592","page","type-page","status-publish","hentry"],"post_mailing_queue_ids":[],"_links":{"self":[{"href":"https:\/\/agora.xtec.cat\/instiana\/wp-json\/wp\/v2\/pages\/592","targetHints":{"allow":["GET"]}}],"collection":[{"href":"https:\/\/agora.xtec.cat\/instiana\/wp-json\/wp\/v2\/pages"}],"about":[{"href":"https:\/\/agora.xtec.cat\/instiana\/wp-json\/wp\/v2\/types\/page"}],"author":[{"embeddable":true,"href":"https:\/\/agora.xtec.cat\/instiana\/wp-json\/wp\/v2\/users\/3"}],"replies":[{"embeddable":true,"href":"https:\/\/agora.xtec.cat\/instiana\/wp-json\/wp\/v2\/comments?post=592"}],"version-history":[{"count":3,"href":"https:\/\/agora.xtec.cat\/instiana\/wp-json\/wp\/v2\/pages\/592\/revisions"}],"predecessor-version":[{"id":2495,"href":"https:\/\/agora.xtec.cat\/instiana\/wp-json\/wp\/v2\/pages\/592\/revisions\/2495"}],"up":[{"embeddable":true,"href":"https:\/\/agora.xtec.cat\/instiana\/wp-json\/wp\/v2\/pages\/579"}],"wp:attachment":[{"href":"https:\/\/agora.xtec.cat\/instiana\/wp-json\/wp\/v2\/media?parent=592"}],"curies":[{"name":"wp","href":"https:\/\/api.w.org\/{rel}","templated":true}]}}