{"id":587,"date":"2019-01-10T13:53:31","date_gmt":"2019-01-10T12:53:31","guid":{"rendered":"https:\/\/agora.xtec.cat\/instiana\/?page_id=587"},"modified":"2025-09-30T13:18:39","modified_gmt":"2025-09-30T11:18:39","slug":"estada-linguistica-berlin","status":"publish","type":"page","link":"https:\/\/agora.xtec.cat\/instiana\/projectes\/estada-linguistica-berlin\/","title":{"rendered":"Intercanvi ling\u00fc\u00edstic Tiana-Berl\u00edn"},"content":{"rendered":"<p><span style=\"font-weight: 400;\">El projecte d\u2019intercanvi <strong>Tiana-Berl\u00edn<\/strong> t\u00e9 com a objectiu oferir a l\u2019alumnat que cursa l\u2019optativa d\u2019alemany a 4t d&#8217;ESO l\u2019oportunitat de descobrir no nom\u00e9s la llengua alemanya, sin\u00f3 tamb\u00e9 la seva cultura, hist\u00f2ria, gastronomia i, a m\u00e9s, el seu sistema educatiu.<\/span><\/p>\n<p><span style=\"font-weight: 400;\">A trav\u00e9s d\u2019intercanvis telem\u00e0tics, estades a Tiana per part de l\u2019alumnat alemany i a Berl\u00edn per part de l\u2019alumnat tianenc l\u2019alumnat ampliar\u00e0 els seus coneixements de la llengua i la cultura de les ciutats participants.\u00a0<\/span><\/p>\n<p><span style=\"font-weight: 400;\">Al llarg de set dies, l\u2019alumnat de Tiana que participi en el viatge a Berl\u00edn visitar\u00e0 llocs emblem\u00e0tics de Berl\u00edn com el camp de concentraci\u00f3 de dones de Ravensbr\u00fcck, el memorial del Mur de Berl\u00edn, el Reichstag, la porta de Brandenburg i l\u2019Illa dels Museus, entre d\u2019altres.<\/span><\/p>\n<p><span style=\"font-weight: 400;\">Durant aquesta estada, l\u2019alumnat podr\u00e0 gaudir de la visita al centre <a href=\"https:\/\/www.docemus.de\/\"><strong>Docemus Privatschulen<\/strong><\/a> a Gr\u00fcnheide, als afores de Berlin i de l\u2019assist\u00e8ncia a les classes de les seves parelles d\u2019intercanvi.<\/span><\/p>\n<p><img loading=\"lazy\" decoding=\"async\" class=\"size-medium wp-image-4041 aligncenter\" src=\"https:\/\/agora.xtec.cat\/instiana\/wp-content\/uploads\/usu1968\/2025\/09\/BERLIN-300x180.jpeg\" alt=\"\" width=\"300\" height=\"180\" srcset=\"https:\/\/agora.xtec.cat\/instiana\/wp-content\/uploads\/usu1968\/2025\/09\/BERLIN-300x180.jpeg 300w, https:\/\/agora.xtec.cat\/instiana\/wp-content\/uploads\/usu1968\/2025\/09\/BERLIN.jpeg 584w\" sizes=\"auto, (max-width: 300px) 100vw, 300px\" \/><\/p>\n","protected":false},"excerpt":{"rendered":"<p>El projecte d\u2019intercanvi Tiana-Berl\u00edn t\u00e9 com a objectiu oferir a l\u2019alumnat que cursa l\u2019optativa d\u2019alemany a 4t d&#8217;ESO l\u2019oportunitat de descobrir no nom\u00e9s la llengua alemanya, sin\u00f3 tamb\u00e9 la seva cultura, hist\u00f2ria, gastronomia i, a m\u00e9s, el seu sistema educatiu.<br \/>\nA trav\u00e9s d\u2019intercanvis telem\u00e0tics, estades a&hellip;  <a href=\"https:\/\/agora.xtec.cat\/instiana\/projectes\/estada-linguistica-berlin\/\" title=\"Read Intercanvi ling\u00fc\u00edstic Tiana-Berl\u00edn\">Llegeix m\u00e9s\u00bb<\/a><\/p>\n","protected":false},"author":3,"featured_media":0,"parent":579,"menu_order":4,"comment_status":"closed","ping_status":"closed","template":"page-templates\/side-menu.php","meta":{"_bbp_topic_count":0,"_bbp_reply_count":0,"_bbp_total_topic_count":0,"_bbp_total_reply_count":0,"_bbp_voice_count":0,"_bbp_anonymous_reply_count":0,"_bbp_topic_count_hidden":0,"_bbp_reply_count_hidden":0,"_bbp_forum_subforum_count":0,"footnotes":""},"class_list":["post-587","page","type-page","status-publish","hentry"],"post_mailing_queue_ids":[],"_links":{"self":[{"href":"https:\/\/agora.xtec.cat\/instiana\/wp-json\/wp\/v2\/pages\/587","targetHints":{"allow":["GET"]}}],"collection":[{"href":"https:\/\/agora.xtec.cat\/instiana\/wp-json\/wp\/v2\/pages"}],"about":[{"href":"https:\/\/agora.xtec.cat\/instiana\/wp-json\/wp\/v2\/types\/page"}],"author":[{"embeddable":true,"href":"https:\/\/agora.xtec.cat\/instiana\/wp-json\/wp\/v2\/users\/3"}],"replies":[{"embeddable":true,"href":"https:\/\/agora.xtec.cat\/instiana\/wp-json\/wp\/v2\/comments?post=587"}],"version-history":[{"count":6,"href":"https:\/\/agora.xtec.cat\/instiana\/wp-json\/wp\/v2\/pages\/587\/revisions"}],"predecessor-version":[{"id":4042,"href":"https:\/\/agora.xtec.cat\/instiana\/wp-json\/wp\/v2\/pages\/587\/revisions\/4042"}],"up":[{"embeddable":true,"href":"https:\/\/agora.xtec.cat\/instiana\/wp-json\/wp\/v2\/pages\/579"}],"wp:attachment":[{"href":"https:\/\/agora.xtec.cat\/instiana\/wp-json\/wp\/v2\/media?parent=587"}],"curies":[{"name":"wp","href":"https:\/\/api.w.org\/{rel}","templated":true}]}}