{"id":585,"date":"2019-01-10T13:52:49","date_gmt":"2019-01-10T12:52:49","guid":{"rendered":"https:\/\/agora.xtec.cat\/instiana\/?page_id=585"},"modified":"2025-09-15T19:47:17","modified_gmt":"2025-09-15T17:47:17","slug":"tecnologia-toulouse","status":"publish","type":"page","link":"https:\/\/agora.xtec.cat\/instiana\/projectes\/tecnologia-toulouse\/","title":{"rendered":"Tecnologia &#8211; Toulouse"},"content":{"rendered":"<p><span style=\"font-family: inherit; font-size: 1em;\"><a href=\"https:\/\/agora.xtec.cat\/instiana\/wp-content\/uploads\/usu1968\/2019\/01\/fbricaairbus1.jpg\"><img loading=\"lazy\" decoding=\"async\" class=\"alignright size-medium wp-image-808\" src=\"https:\/\/agora.xtec.cat\/instiana\/wp-content\/uploads\/usu1968\/2019\/01\/fbricaairbus1-300x300.jpg\" alt=\"\" width=\"300\" height=\"300\" srcset=\"https:\/\/agora.xtec.cat\/instiana\/wp-content\/uploads\/usu1968\/2019\/01\/fbricaairbus1-300x300.jpg 300w, https:\/\/agora.xtec.cat\/instiana\/wp-content\/uploads\/usu1968\/2019\/01\/fbricaairbus1-150x150.jpg 150w, https:\/\/agora.xtec.cat\/instiana\/wp-content\/uploads\/usu1968\/2019\/01\/fbricaairbus1-768x768.jpg 768w, https:\/\/agora.xtec.cat\/instiana\/wp-content\/uploads\/usu1968\/2019\/01\/fbricaairbus1-1024x1024.jpg 1024w, https:\/\/agora.xtec.cat\/instiana\/wp-content\/uploads\/usu1968\/2019\/01\/fbricaairbus1.jpg 1134w\" sizes=\"auto, (max-width: 300px) 100vw, 300px\" \/><\/a>El professorat de Tecnologia de 4t d&#8217;ESO, van posar en marxa durant el curs 2015-2016 un nou projecte: Tiana-Toulouse-Burdeaux-Poitiers. Amb la intenci\u00f3 de visitar la f\u00e0brica on es construeix l&#8217;avi\u00f3 m\u00e9s gran del m\u00f3n, l&#8217;Airbus A380, els alumnes viuen una experi\u00e8ncia inoblidable, descobrint els secrets del museu aeron\u00e0utic per\u00f2 tamb\u00e9 endinsant-se en la cultura del nostre pa\u00eds ve\u00ed, gaudint dels seus paisatges i racons, visitant punts clau com la tomba de Machado. I \u00e9s que amb una bona organitzaci\u00f3 hi ha temps per a tot! Podeu accedir a la\u00a0<\/span><a style=\"font-family: inherit; font-size: 1em;\" href=\"https:\/\/tourbuilder.withgoogle.com\/builder#play\/ahJzfmd3ZWItdG91cmJ1aWxkZXJyEQsSBFRvdXIYgICAyfutqAkM\" target=\"_blank\" rel=\"noopener noreferrer\">ruta<\/a><span style=\"font-family: inherit; font-size: 1em;\">\u00a0que van fer el passat mes de desembre.\u00a0<\/span><\/p>\n","protected":false},"excerpt":{"rendered":"<p><a href=\"https:\/\/agora.xtec.cat\/instiana\/wp-content\/uploads\/usu1968\/2019\/01\/fbricaairbus1.jpg\"><\/a>El professorat de Tecnologia de 4t d&#8217;ESO, van posar en marxa durant el curs 2015-2016 un nou projecte: Tiana-Toulouse-Burdeaux-Poitiers. Amb la intenci\u00f3 de visitar la f\u00e0brica on es construeix l&#8217;avi\u00f3 m\u00e9s gran del m\u00f3n, l&#8217;Airbus A380, els alumnes viuen una experi\u00e8ncia inoblidable, descobrint els&hellip;  <a href=\"https:\/\/agora.xtec.cat\/instiana\/projectes\/tecnologia-toulouse\/\" title=\"Read Tecnologia &#8211; Toulouse\">Llegeix m\u00e9s\u00bb<\/a><\/p>\n","protected":false},"author":3,"featured_media":0,"parent":579,"menu_order":3,"comment_status":"closed","ping_status":"closed","template":"page-templates\/side-menu.php","meta":{"_bbp_topic_count":0,"_bbp_reply_count":0,"_bbp_total_topic_count":0,"_bbp_total_reply_count":0,"_bbp_voice_count":0,"_bbp_anonymous_reply_count":0,"_bbp_topic_count_hidden":0,"_bbp_reply_count_hidden":0,"_bbp_forum_subforum_count":0,"footnotes":""},"class_list":["post-585","page","type-page","status-publish","hentry"],"post_mailing_queue_ids":[],"_links":{"self":[{"href":"https:\/\/agora.xtec.cat\/instiana\/wp-json\/wp\/v2\/pages\/585","targetHints":{"allow":["GET"]}}],"collection":[{"href":"https:\/\/agora.xtec.cat\/instiana\/wp-json\/wp\/v2\/pages"}],"about":[{"href":"https:\/\/agora.xtec.cat\/instiana\/wp-json\/wp\/v2\/types\/page"}],"author":[{"embeddable":true,"href":"https:\/\/agora.xtec.cat\/instiana\/wp-json\/wp\/v2\/users\/3"}],"replies":[{"embeddable":true,"href":"https:\/\/agora.xtec.cat\/instiana\/wp-json\/wp\/v2\/comments?post=585"}],"version-history":[{"count":5,"href":"https:\/\/agora.xtec.cat\/instiana\/wp-json\/wp\/v2\/pages\/585\/revisions"}],"predecessor-version":[{"id":3941,"href":"https:\/\/agora.xtec.cat\/instiana\/wp-json\/wp\/v2\/pages\/585\/revisions\/3941"}],"up":[{"embeddable":true,"href":"https:\/\/agora.xtec.cat\/instiana\/wp-json\/wp\/v2\/pages\/579"}],"wp:attachment":[{"href":"https:\/\/agora.xtec.cat\/instiana\/wp-json\/wp\/v2\/media?parent=585"}],"curies":[{"name":"wp","href":"https:\/\/api.w.org\/{rel}","templated":true}]}}