{"id":581,"date":"2019-01-10T13:51:08","date_gmt":"2019-01-10T12:51:08","guid":{"rendered":"https:\/\/agora.xtec.cat\/instiana\/?page_id=581"},"modified":"2019-04-02T23:08:46","modified_gmt":"2019-04-02T21:08:46","slug":"projecte-home","status":"publish","type":"page","link":"https:\/\/agora.xtec.cat\/instiana\/projectes\/projecte-home\/","title":{"rendered":"Projecte Home"},"content":{"rendered":"<p style=\"text-align: justify;\"><strong><a href=\"https:\/\/agora.xtec.cat\/instiana\/wp-content\/uploads\/usu1968\/2019\/01\/projectehome.jpg\"><img loading=\"lazy\" decoding=\"async\" class=\"alignright size-full wp-image-884\" src=\"https:\/\/agora.xtec.cat\/instiana\/wp-content\/uploads\/usu1968\/2019\/01\/projectehome.jpg\" alt=\"\" width=\"286\" height=\"283\" \/><\/a>El Projecte Home<\/strong>\u00a0\u00e9s un programa de prevenci\u00f3 universal dirigit a alumnes de Secund\u00e0ria, pares, mares i professorat per promoure els factors de protecci\u00f3 davant el consum de drogues i altres addiccions. El programa s&#8217;aplica durant el curs escolar, s&#8217;acompanya de manuals i est\u00e0 reconegut com a acci\u00f3 formativa pel Departament d&#8217;Ensenyament de la Generalitat de Catalunya.<\/p>\n<p style=\"text-align: justify;\">Una de les activitats que es realitza al nostre centre \u00e9s la de formaci\u00f3 en tres sessions, els objectius de les quals s\u00f3n: desenvolupar les habilitats educatives en \u00e0mbits com l&#8217;educaci\u00f3 emocional, la comunicaci\u00f3 dins l&#8217;\u00e0mbit familiar, la modificaci\u00f3 de conductes inadequades i la promoci\u00f3 de factors de protecci\u00f3 davant h\u00e0bits addictius de consum. Tamb\u00e9 s&#8217;obre un espai grupal d&#8217;intercanvi d&#8217;experi\u00e8ncies entre els participants del curs.<\/p>\n","protected":false},"excerpt":{"rendered":"<p><a href=\"https:\/\/agora.xtec.cat\/instiana\/wp-content\/uploads\/usu1968\/2019\/01\/projectehome.jpg\"><\/a>El Projecte Home\u00a0\u00e9s un programa de prevenci\u00f3 universal dirigit a alumnes de Secund\u00e0ria, pares, mares i professorat per promoure els factors de protecci\u00f3 davant el consum de drogues i altres addiccions. El programa s&#8217;aplica durant el curs escolar, s&#8217;acompanya de manuals i est\u00e0 reconegut&hellip;  <a href=\"https:\/\/agora.xtec.cat\/instiana\/projectes\/projecte-home\/\" title=\"Read Projecte Home\">Llegeix m\u00e9s\u00bb<\/a><\/p>\n","protected":false},"author":3,"featured_media":0,"parent":579,"menu_order":1,"comment_status":"closed","ping_status":"closed","template":"page-templates\/side-menu.php","meta":{"_bbp_topic_count":0,"_bbp_reply_count":0,"_bbp_total_topic_count":0,"_bbp_total_reply_count":0,"_bbp_voice_count":0,"_bbp_anonymous_reply_count":0,"_bbp_topic_count_hidden":0,"_bbp_reply_count_hidden":0,"_bbp_forum_subforum_count":0,"footnotes":""},"class_list":["post-581","page","type-page","status-publish","hentry"],"post_mailing_queue_ids":[],"_links":{"self":[{"href":"https:\/\/agora.xtec.cat\/instiana\/wp-json\/wp\/v2\/pages\/581","targetHints":{"allow":["GET"]}}],"collection":[{"href":"https:\/\/agora.xtec.cat\/instiana\/wp-json\/wp\/v2\/pages"}],"about":[{"href":"https:\/\/agora.xtec.cat\/instiana\/wp-json\/wp\/v2\/types\/page"}],"author":[{"embeddable":true,"href":"https:\/\/agora.xtec.cat\/instiana\/wp-json\/wp\/v2\/users\/3"}],"replies":[{"embeddable":true,"href":"https:\/\/agora.xtec.cat\/instiana\/wp-json\/wp\/v2\/comments?post=581"}],"version-history":[{"count":3,"href":"https:\/\/agora.xtec.cat\/instiana\/wp-json\/wp\/v2\/pages\/581\/revisions"}],"predecessor-version":[{"id":1144,"href":"https:\/\/agora.xtec.cat\/instiana\/wp-json\/wp\/v2\/pages\/581\/revisions\/1144"}],"up":[{"embeddable":true,"href":"https:\/\/agora.xtec.cat\/instiana\/wp-json\/wp\/v2\/pages\/579"}],"wp:attachment":[{"href":"https:\/\/agora.xtec.cat\/instiana\/wp-json\/wp\/v2\/media?parent=581"}],"curies":[{"name":"wp","href":"https:\/\/api.w.org\/{rel}","templated":true}]}}