{"id":566,"date":"2019-01-10T09:20:09","date_gmt":"2019-01-10T08:20:09","guid":{"rendered":"https:\/\/agora.xtec.cat\/instiana\/?page_id=566"},"modified":"2025-09-15T10:31:42","modified_gmt":"2025-09-15T08:31:42","slug":"orientacio-academica","status":"publish","type":"page","link":"https:\/\/agora.xtec.cat\/instiana\/organitzacio-i-gestio\/ambits-curriculars\/orientacio-academica\/","title":{"rendered":"Orientaci\u00f3 acad\u00e8mica"},"content":{"rendered":"<table style=\"border-collapse: collapse; width: 100%;\" border=\"1\">\n<tbody>\n<tr style=\"height: 169px;\">\n<td style=\"width: 82.2424%; height: 169px;\"><strong>Orientaci\u00f3 acad\u00e8mica<\/strong><\/p>\n<p>L&#8217;orientaci\u00f3 educativa compr\u00e8n les accions que promouen l&#8217;acompanyament personalitzat en els aspectes personal, social, acad\u00e8mic i professional de l&#8217;alumne, promovent tres elements claus: creaci\u00f3 d&#8217;un vincle, consci\u00e8ncia del propi proc\u00e9s d&#8217;aprenentatge i projecci\u00f3 d&#8217;aquests \u00faltims a tots els \u00e0mbits.<\/p>\n<p>El Departament d\u2019Orientaci\u00f3 del centre t\u00e9 les seg\u00fcents funcions que recauen en la figura de l\u2019orientadora educativa:<\/p>\n<ul>\n<li><b>Atenci\u00f3 directa a alumnes<\/b>, acompanyant juntament amb els equips docents a aquells alumnes que requereixen mesures i suports addicionals i\/o intensius, una vegada aplicades les mesures universals.<\/li>\n<li><b>Coordinaci\u00f3<\/b>, si s\u2019escau, amb professionals de l\u2019Equip d\u2019Assessorament Psicopedag\u00f2gic (EAP), SSBB o altres professionals de la xarxa de suport a l\u2019educaci\u00f3 inclusiva. <span class=\"Apple-converted-space\">\u00a0<\/span><\/li>\n<li>Funcions espec\u00edfiques de <b>suport t\u00e8cnic<\/b> als equips docents i a l\u2019equip directiu.<\/li>\n<\/ul>\n<\/td>\n<td style=\"width: 17.7576%; height: 169px;\"><a href=\"https:\/\/agora.xtec.cat\/instiana\/wp-content\/uploads\/usu1968\/2019\/01\/9003D70C-E3E5-48BA-BC72-02C82647141F.jpeg\"><img loading=\"lazy\" decoding=\"async\" class=\"alignnone size-full wp-image-746\" src=\"https:\/\/agora.xtec.cat\/instiana\/wp-content\/uploads\/usu1968\/2019\/01\/9003D70C-E3E5-48BA-BC72-02C82647141F.jpeg\" alt=\"\" width=\"150\" height=\"150\" \/><\/a><\/td>\n<\/tr>\n<tr style=\"height: 32px;\">\n<td style=\"width: 100%; height: 32px;\" colspan=\"2\"><b>Ricard Soler<\/b><\/td>\n<\/tr>\n<tr style=\"height: 31px;\">\n<td style=\"width: 100%; height: 31px;\" colspan=\"2\"><b>Helenca Almir\u00f3n<\/b><\/td>\n<\/tr>\n<\/tbody>\n<\/table>\n<p>&nbsp;<\/p>\n","protected":false},"excerpt":{"rendered":"<p>Orientaci\u00f3 acad\u00e8mica<br \/>\nL&#8217;orientaci\u00f3 educativa compr\u00e8n les accions que promouen l&#8217;acompanyament personalitzat en els aspectes personal, social, acad\u00e8mic i professional de l&#8217;alumne, promovent tres elements claus: creaci\u00f3 d&#8217;un vincle, consci\u00e8ncia del propi proc\u00e9s d&#8217;aprenentatge i projecci\u00f3 d&#8217;aquests \u00faltims a tots els \u00e0mbits.<br \/>\nEl Departament d\u2019Orientaci\u00f3 del centre t\u00e9&hellip;  <a href=\"https:\/\/agora.xtec.cat\/instiana\/organitzacio-i-gestio\/ambits-curriculars\/orientacio-academica\/\" title=\"Read Orientaci\u00f3 acad\u00e8mica\">Llegeix m\u00e9s\u00bb<\/a><\/p>\n","protected":false},"author":3,"featured_media":0,"parent":547,"menu_order":8,"comment_status":"closed","ping_status":"closed","template":"page-templates\/side-menu.php","meta":{"_bbp_topic_count":0,"_bbp_reply_count":0,"_bbp_total_topic_count":0,"_bbp_total_reply_count":0,"_bbp_voice_count":0,"_bbp_anonymous_reply_count":0,"_bbp_topic_count_hidden":0,"_bbp_reply_count_hidden":0,"_bbp_forum_subforum_count":0,"footnotes":""},"class_list":["post-566","page","type-page","status-publish","hentry"],"post_mailing_queue_ids":[],"_links":{"self":[{"href":"https:\/\/agora.xtec.cat\/instiana\/wp-json\/wp\/v2\/pages\/566","targetHints":{"allow":["GET"]}}],"collection":[{"href":"https:\/\/agora.xtec.cat\/instiana\/wp-json\/wp\/v2\/pages"}],"about":[{"href":"https:\/\/agora.xtec.cat\/instiana\/wp-json\/wp\/v2\/types\/page"}],"author":[{"embeddable":true,"href":"https:\/\/agora.xtec.cat\/instiana\/wp-json\/wp\/v2\/users\/3"}],"replies":[{"embeddable":true,"href":"https:\/\/agora.xtec.cat\/instiana\/wp-json\/wp\/v2\/comments?post=566"}],"version-history":[{"count":5,"href":"https:\/\/agora.xtec.cat\/instiana\/wp-json\/wp\/v2\/pages\/566\/revisions"}],"predecessor-version":[{"id":3860,"href":"https:\/\/agora.xtec.cat\/instiana\/wp-json\/wp\/v2\/pages\/566\/revisions\/3860"}],"up":[{"embeddable":true,"href":"https:\/\/agora.xtec.cat\/instiana\/wp-json\/wp\/v2\/pages\/547"}],"wp:attachment":[{"href":"https:\/\/agora.xtec.cat\/instiana\/wp-json\/wp\/v2\/media?parent=566"}],"curies":[{"name":"wp","href":"https:\/\/api.w.org\/{rel}","templated":true}]}}