{"id":564,"date":"2019-01-10T09:19:28","date_gmt":"2019-01-10T08:19:28","guid":{"rendered":"https:\/\/agora.xtec.cat\/instiana\/?page_id=564"},"modified":"2025-09-15T10:25:30","modified_gmt":"2025-09-15T08:25:30","slug":"educacio-fisica","status":"publish","type":"page","link":"https:\/\/agora.xtec.cat\/instiana\/organitzacio-i-gestio\/ambits-curriculars\/educacio-fisica\/","title":{"rendered":"Educaci\u00f3 F\u00edsica"},"content":{"rendered":"<table style=\"border-collapse: collapse; width: 100%; height: 293px;\" border=\"1\">\n<tbody>\n<tr style=\"height: 169px;\">\n<td style=\"width: 80.6667%; height: 169px;\"><strong>Educaci\u00f3 F\u00edsica<\/strong><\/p>\n<p style=\"text-align: justify;\">El departament d\u2019Educaci\u00f3 F\u00edsica a l\u2019Institut Tiana centra els seus objectius en fomentar entre els nostres alumnes uns h\u00e0bits de vida saludables, per tal que incloguin l&#8217;activitat f\u00edsica en en el seu dia a dia i que la mantinguin al llarg de la seva vida. Aix\u00ed mateix es busca el desenvolupament de diferents valors que envolten l&#8217;activitat f\u00edsica i l&#8217;esport. Les sessions d&#8217;Educaci\u00f3 F\u00edsica suposen un laboratori d&#8217;emocions on es treballa el reconeixement i la posterior regulaci\u00f3 d&#8217;aquestes.<\/p>\n<\/td>\n<td style=\"width: 19.3333%; height: 169px;\"><a href=\"https:\/\/agora.xtec.cat\/instiana\/wp-content\/uploads\/usu1968\/2019\/01\/E4CE87E0-870D-4916-9AB6-4F431A47513D.jpeg\"><img loading=\"lazy\" decoding=\"async\" class=\"alignnone size-full wp-image-752\" src=\"https:\/\/agora.xtec.cat\/instiana\/wp-content\/uploads\/usu1968\/2019\/01\/E4CE87E0-870D-4916-9AB6-4F431A47513D.jpeg\" alt=\"\" width=\"150\" height=\"150\" \/><\/a><\/td>\n<\/tr>\n<tr style=\"height: 31px;\">\n<td style=\"height: 31px; text-align: justify;\" colspan=\"2\"><b>Carlos Alonso<\/b><\/td>\n<\/tr>\n<tr style=\"height: 31px;\">\n<td style=\"width: 100%; text-align: justify; height: 31px;\" colspan=\"2\"><strong>Jordi Rabassa<\/strong><\/td>\n<\/tr>\n<tr style=\"height: 62px;\">\n<td style=\"width: 100%; text-align: justify; height: 62px;\" colspan=\"2\"><strong>Maria Soria<\/strong><\/td>\n<\/tr>\n<\/tbody>\n<\/table>\n<p>&nbsp;<\/p>\n","protected":false},"excerpt":{"rendered":"<p>Educaci\u00f3 F\u00edsica<br \/>\nEl departament d\u2019Educaci\u00f3 F\u00edsica a l\u2019Institut Tiana centra els seus objectius en fomentar entre els nostres alumnes uns h\u00e0bits de vida saludables, per tal que incloguin l&#8217;activitat f\u00edsica en en el seu dia a dia i que la mantinguin al llarg de la seva&hellip;  <a href=\"https:\/\/agora.xtec.cat\/instiana\/organitzacio-i-gestio\/ambits-curriculars\/educacio-fisica\/\" title=\"Read Educaci\u00f3 F\u00edsica\">Llegeix m\u00e9s\u00bb<\/a><\/p>\n","protected":false},"author":3,"featured_media":0,"parent":547,"menu_order":6,"comment_status":"closed","ping_status":"closed","template":"page-templates\/side-menu.php","meta":{"_bbp_topic_count":0,"_bbp_reply_count":0,"_bbp_total_topic_count":0,"_bbp_total_reply_count":0,"_bbp_voice_count":0,"_bbp_anonymous_reply_count":0,"_bbp_topic_count_hidden":0,"_bbp_reply_count_hidden":0,"_bbp_forum_subforum_count":0,"footnotes":""},"class_list":["post-564","page","type-page","status-publish","hentry"],"post_mailing_queue_ids":[],"_links":{"self":[{"href":"https:\/\/agora.xtec.cat\/instiana\/wp-json\/wp\/v2\/pages\/564","targetHints":{"allow":["GET"]}}],"collection":[{"href":"https:\/\/agora.xtec.cat\/instiana\/wp-json\/wp\/v2\/pages"}],"about":[{"href":"https:\/\/agora.xtec.cat\/instiana\/wp-json\/wp\/v2\/types\/page"}],"author":[{"embeddable":true,"href":"https:\/\/agora.xtec.cat\/instiana\/wp-json\/wp\/v2\/users\/3"}],"replies":[{"embeddable":true,"href":"https:\/\/agora.xtec.cat\/instiana\/wp-json\/wp\/v2\/comments?post=564"}],"version-history":[{"count":6,"href":"https:\/\/agora.xtec.cat\/instiana\/wp-json\/wp\/v2\/pages\/564\/revisions"}],"predecessor-version":[{"id":3858,"href":"https:\/\/agora.xtec.cat\/instiana\/wp-json\/wp\/v2\/pages\/564\/revisions\/3858"}],"up":[{"embeddable":true,"href":"https:\/\/agora.xtec.cat\/instiana\/wp-json\/wp\/v2\/pages\/547"}],"wp:attachment":[{"href":"https:\/\/agora.xtec.cat\/instiana\/wp-json\/wp\/v2\/media?parent=564"}],"curies":[{"name":"wp","href":"https:\/\/api.w.org\/{rel}","templated":true}]}}