{"id":562,"date":"2019-01-10T09:18:55","date_gmt":"2019-01-10T08:18:55","guid":{"rendered":"https:\/\/agora.xtec.cat\/instiana\/?page_id=562"},"modified":"2025-10-07T10:44:29","modified_gmt":"2025-10-07T08:44:29","slug":"artistic","status":"publish","type":"page","link":"https:\/\/agora.xtec.cat\/instiana\/organitzacio-i-gestio\/ambits-curriculars\/artistic\/","title":{"rendered":"Art\u00edstic"},"content":{"rendered":"<table style=\"border-collapse: collapse; width: 100%; height: 232px;\" border=\"1\">\n<tbody>\n<tr style=\"height: 169px;\">\n<td style=\"width: 81.0303%; height: 169px;\"><strong>M\u00fasica i Visual i Pl\u00e0stica<\/strong><\/p>\n<p style=\"text-align: justify;\">El Departament Art\u00edstic del nostre institut uneix\u00a0<b>m\u00fasica i arts pl\u00e0stiques<\/b>\u00a0en un projecte com\u00fa present a tota l\u2019ESO. Impulsem\u00a0<b>ARTSTIANA<\/b>, oferim l\u2019optativa de\u00a0<b>Teatre Musical a 2n d\u2019ESO<\/b> i, a 4t d&#8217;ESO, un itinerari d\u2019<b>arts esc\u00e8niques i m\u00fasica<\/b>. A m\u00e9s a m\u00e9s, la nostra <b>orquestra<\/b>\u00a0en els\u00a0<b>patis actius<\/b> porten l\u2019art m\u00e9s enll\u00e0 de l\u2019aula, amb actuacions tant al centre com al poble. Un dels nostres eixos principals \u00e9s\u00a0<b>ARTSTIANA<\/b>, un projecte que impulsem des del departament per treballar les arts de manera transversal, oberta i participativa. A m\u00e9s a m\u00e9s, a 4t d\u2019ESO oferim un itinerari espec\u00edfic que permet aprofundir en <b>arts esc\u00e8niques i m\u00fasica<\/b>, pensat per a l\u2019alumnat que vol endinsar-se encara m\u00e9s en el m\u00f3n art\u00edstic.<\/p>\n<p>La nostra activitat no es limita a l\u2019aula: participem activament en els\u00a0<b>patis actius<\/b>\u00a0amb l\u2019<b>orquestra del centre<\/b>\u00a0\u00e9s un dels nostres punts forts, convertint l\u2019art en una eina de conviv\u00e8ncia, identitat i projecci\u00f3 cap a la comunitat.<\/p>\n<p>El Departament Art\u00edstic \u00e9s, en definitiva, un espai viu on les arts pl\u00e0stiques i la m\u00fasica es troben, es complementen i donen forma a experi\u00e8ncies educatives que acompanyen el creixement personal i col\u00b7lectiu dels nostres alumnes.<\/p>\n<\/td>\n<td style=\"width: 18.9697%; height: 169px;\"><a href=\"https:\/\/agora.xtec.cat\/instiana\/wp-content\/uploads\/usu1968\/2019\/01\/90CF8B79-4955-4C60-968A-2C47B0AF7488.jpeg\"><img loading=\"lazy\" decoding=\"async\" class=\"alignnone size-full wp-image-748\" src=\"https:\/\/agora.xtec.cat\/instiana\/wp-content\/uploads\/usu1968\/2019\/01\/90CF8B79-4955-4C60-968A-2C47B0AF7488.jpeg\" alt=\"\" width=\"150\" height=\"150\" \/><\/a><\/td>\n<\/tr>\n<tr>\n<td colspan=\"2\"><b>V\u00edctor Esbr\u00ed<\/b><strong><br \/>\n<\/strong><\/td>\n<\/tr>\n<tr>\n<td colspan=\"2\"><strong>Mari Carmen Garcia<\/strong><b><br \/>\n<\/b><\/td>\n<\/tr>\n<tr style=\"height: 31px;\">\n<td style=\"height: 31px;\" colspan=\"2\"><b>\u00cdngrid Ustrell\u00a0<\/b><\/td>\n<\/tr>\n<\/tbody>\n<\/table>\n<p>&nbsp;<\/p>\n","protected":false},"excerpt":{"rendered":"<p>M\u00fasica i Visual i Pl\u00e0stica<br \/>\nEl Departament Art\u00edstic del nostre institut uneix\u00a0m\u00fasica i arts pl\u00e0stiques\u00a0en un projecte com\u00fa present a tota l\u2019ESO. Impulsem\u00a0ARTSTIANA, oferim l\u2019optativa de\u00a0Teatre Musical a 2n d\u2019ESO i, a 4t d&#8217;ESO, un itinerari d\u2019arts esc\u00e8niques i m\u00fasica. A m\u00e9s a m\u00e9s, la nostra&hellip;  <a href=\"https:\/\/agora.xtec.cat\/instiana\/organitzacio-i-gestio\/ambits-curriculars\/artistic\/\" title=\"Read Art\u00edstic\">Llegeix m\u00e9s\u00bb<\/a><\/p>\n","protected":false},"author":3,"featured_media":0,"parent":547,"menu_order":5,"comment_status":"closed","ping_status":"closed","template":"page-templates\/side-menu.php","meta":{"_bbp_topic_count":0,"_bbp_reply_count":0,"_bbp_total_topic_count":0,"_bbp_total_reply_count":0,"_bbp_voice_count":0,"_bbp_anonymous_reply_count":0,"_bbp_topic_count_hidden":0,"_bbp_reply_count_hidden":0,"_bbp_forum_subforum_count":0,"footnotes":""},"class_list":["post-562","page","type-page","status-publish","hentry"],"post_mailing_queue_ids":[],"_links":{"self":[{"href":"https:\/\/agora.xtec.cat\/instiana\/wp-json\/wp\/v2\/pages\/562","targetHints":{"allow":["GET"]}}],"collection":[{"href":"https:\/\/agora.xtec.cat\/instiana\/wp-json\/wp\/v2\/pages"}],"about":[{"href":"https:\/\/agora.xtec.cat\/instiana\/wp-json\/wp\/v2\/types\/page"}],"author":[{"embeddable":true,"href":"https:\/\/agora.xtec.cat\/instiana\/wp-json\/wp\/v2\/users\/3"}],"replies":[{"embeddable":true,"href":"https:\/\/agora.xtec.cat\/instiana\/wp-json\/wp\/v2\/comments?post=562"}],"version-history":[{"count":6,"href":"https:\/\/agora.xtec.cat\/instiana\/wp-json\/wp\/v2\/pages\/562\/revisions"}],"predecessor-version":[{"id":4049,"href":"https:\/\/agora.xtec.cat\/instiana\/wp-json\/wp\/v2\/pages\/562\/revisions\/4049"}],"up":[{"embeddable":true,"href":"https:\/\/agora.xtec.cat\/instiana\/wp-json\/wp\/v2\/pages\/547"}],"wp:attachment":[{"href":"https:\/\/agora.xtec.cat\/instiana\/wp-json\/wp\/v2\/media?parent=562"}],"curies":[{"name":"wp","href":"https:\/\/api.w.org\/{rel}","templated":true}]}}