{"id":559,"date":"2019-01-10T09:18:24","date_gmt":"2019-01-10T08:18:24","guid":{"rendered":"https:\/\/agora.xtec.cat\/instiana\/?page_id=559"},"modified":"2025-09-15T10:18:32","modified_gmt":"2025-09-15T08:18:32","slug":"cientificotecnologic","status":"publish","type":"page","link":"https:\/\/agora.xtec.cat\/instiana\/organitzacio-i-gestio\/ambits-curriculars\/cientificotecnologic\/","title":{"rendered":"Social"},"content":{"rendered":"<table style=\"border-collapse: collapse; width: 100%;\" border=\"1\">\n<tbody>\n<tr style=\"height: 169px;\">\n<td style=\"width: 82.6061%; height: 169px;\"><strong>Ci\u00e8ncies socials: Geografia i Hist\u00f2ria<\/strong><\/p>\n<p data-start=\"153\" data-end=\"480\">Al departament de Ci\u00e8ncies socials de l\u2019Institut de Tiana, el nostre objectiu \u00e9s oferir a l\u2019alumnat els coneixements i les habilitats necess\u00e0ries per comprendre el m\u00f3n, analitzar els or\u00edgens i les causes dels problemes socials actuals i participar activament en la societat, tant com a individus com a membres de col\u00b7lectius.<\/p>\n<p data-start=\"482\" data-end=\"902\">En un m\u00f3n en constant canvi i cada vegada m\u00e9s divers, treballem de manera competencial, \u00e9s a dir, centrant-nos en qu\u00e8 els estudiants d\u2019ESO aprenguin de manera significativa i puguin aplicar els coneixements adquirits en situacions reals. Aix\u00ed, fomentem un aprenentatge cr\u00edtic, reflexiu i responsable que permet als alumnes utilitzar els continguts de la mat\u00e8ria per exercir la ciutadania de manera plena i conscient.<\/p>\n<\/td>\n<td style=\"width: 17.3939%; height: 169px;\"><a href=\"https:\/\/agora.xtec.cat\/instiana\/wp-content\/uploads\/usu1968\/2019\/01\/4CA461CD-64DE-4419-B14E-476A83FFA365.jpeg\"><img loading=\"lazy\" decoding=\"async\" class=\"alignnone size-full wp-image-751\" src=\"https:\/\/agora.xtec.cat\/instiana\/wp-content\/uploads\/usu1968\/2019\/01\/4CA461CD-64DE-4419-B14E-476A83FFA365.jpeg\" alt=\"\u00c0mbit Social\" width=\"150\" height=\"150\" \/><\/a><\/td>\n<\/tr>\n<tr style=\"height: 32px;\">\n<td style=\"width: 100%; height: 32px; text-align: justify;\" colspan=\"2\"><strong data-start=\"244\" data-end=\"258\">Maria Amat<\/strong><\/td>\n<\/tr>\n<tr style=\"height: 31px;\">\n<td style=\"height: 31px; text-align: justify;\" colspan=\"2\"><strong data-start=\"264\" data-end=\"279\">Maria Gelp\u00ed<\/strong><\/td>\n<\/tr>\n<tr style=\"height: 31px;\">\n<td style=\"height: 31px; text-align: justify;\" colspan=\"2\"><strong data-start=\"285\" data-end=\"303\">Maria Mart\u00ednez<\/strong><\/td>\n<\/tr>\n<tr>\n<td style=\"text-align: justify;\" colspan=\"2\"><strong data-start=\"309\" data-end=\"327\">Mireia M\u00e1rquez<\/strong><\/td>\n<\/tr>\n<tr>\n<td style=\"text-align: justify;\" colspan=\"2\"><strong data-start=\"333\" data-end=\"350\">Andrea Moreno<\/strong><\/td>\n<\/tr>\n<tr>\n<td style=\"text-align: justify;\" colspan=\"2\"><strong data-start=\"333\" data-end=\"350\">Maria Moro<\/strong><\/td>\n<\/tr>\n<tr>\n<td style=\"text-align: justify;\" colspan=\"2\"><strong data-start=\"333\" data-end=\"350\">Bel\u00e9n Pamplona<\/strong><\/td>\n<\/tr>\n<tr>\n<td style=\"text-align: justify;\" colspan=\"2\"><strong data-start=\"333\" data-end=\"350\">Nerea Plazaola<\/strong><\/td>\n<\/tr>\n<tr>\n<td style=\"text-align: justify;\" colspan=\"2\"><strong data-start=\"333\" data-end=\"350\">Meritxell Pou<\/strong><\/td>\n<\/tr>\n<tr>\n<td style=\"width: 100%; text-align: justify;\" colspan=\"2\"><strong data-start=\"333\" data-end=\"350\">Isaac Rubio<\/strong><\/td>\n<\/tr>\n<\/tbody>\n<\/table>\n<p data-start=\"448\" data-end=\"463\" data-is-last-node=\"\">\n","protected":false},"excerpt":{"rendered":"<p>Ci\u00e8ncies socials: Geografia i Hist\u00f2ria<br \/>\nAl departament de Ci\u00e8ncies socials de l\u2019Institut de Tiana, el nostre objectiu \u00e9s oferir a l\u2019alumnat els coneixements i les habilitats necess\u00e0ries per comprendre el m\u00f3n, analitzar els or\u00edgens i les causes dels problemes socials actuals i participar activament en la&hellip;  <a href=\"https:\/\/agora.xtec.cat\/instiana\/organitzacio-i-gestio\/ambits-curriculars\/cientificotecnologic\/\" title=\"Read Social\">Llegeix m\u00e9s\u00bb<\/a><\/p>\n","protected":false},"author":3,"featured_media":0,"parent":547,"menu_order":4,"comment_status":"closed","ping_status":"closed","template":"page-templates\/side-menu.php","meta":{"_bbp_topic_count":0,"_bbp_reply_count":0,"_bbp_total_topic_count":0,"_bbp_total_reply_count":0,"_bbp_voice_count":0,"_bbp_anonymous_reply_count":0,"_bbp_topic_count_hidden":0,"_bbp_reply_count_hidden":0,"_bbp_forum_subforum_count":0,"footnotes":""},"class_list":["post-559","page","type-page","status-publish","hentry"],"post_mailing_queue_ids":[],"_links":{"self":[{"href":"https:\/\/agora.xtec.cat\/instiana\/wp-json\/wp\/v2\/pages\/559","targetHints":{"allow":["GET"]}}],"collection":[{"href":"https:\/\/agora.xtec.cat\/instiana\/wp-json\/wp\/v2\/pages"}],"about":[{"href":"https:\/\/agora.xtec.cat\/instiana\/wp-json\/wp\/v2\/types\/page"}],"author":[{"embeddable":true,"href":"https:\/\/agora.xtec.cat\/instiana\/wp-json\/wp\/v2\/users\/3"}],"replies":[{"embeddable":true,"href":"https:\/\/agora.xtec.cat\/instiana\/wp-json\/wp\/v2\/comments?post=559"}],"version-history":[{"count":6,"href":"https:\/\/agora.xtec.cat\/instiana\/wp-json\/wp\/v2\/pages\/559\/revisions"}],"predecessor-version":[{"id":3856,"href":"https:\/\/agora.xtec.cat\/instiana\/wp-json\/wp\/v2\/pages\/559\/revisions\/3856"}],"up":[{"embeddable":true,"href":"https:\/\/agora.xtec.cat\/instiana\/wp-json\/wp\/v2\/pages\/547"}],"wp:attachment":[{"href":"https:\/\/agora.xtec.cat\/instiana\/wp-json\/wp\/v2\/media?parent=559"}],"curies":[{"name":"wp","href":"https:\/\/api.w.org\/{rel}","templated":true}]}}