{"id":557,"date":"2019-01-10T09:18:06","date_gmt":"2019-01-10T08:18:06","guid":{"rendered":"https:\/\/agora.xtec.cat\/instiana\/?page_id=557"},"modified":"2025-09-15T10:04:14","modified_gmt":"2025-09-15T08:04:14","slug":"matematic","status":"publish","type":"page","link":"https:\/\/agora.xtec.cat\/instiana\/organitzacio-i-gestio\/ambits-curriculars\/matematic\/","title":{"rendered":"Matem\u00e0tic"},"content":{"rendered":"<table style=\"border-collapse: collapse; width: 100%;\" border=\"1\">\n<tbody>\n<tr>\n<td style=\"width: 80.6667%;\"><strong>Matem\u00e0tiques<\/strong><\/p>\n<p style=\"text-align: justify;\">El departament de Matem\u00e0tiques de l&#8217;Institut Tiana concentra els seus esfor\u00e7os en qu\u00e8 els alumnes assoleixin el m\u00e0xim nivell en la compet\u00e8ncia matem\u00e0tica, considerada b\u00e0sica pel Departament d&#8217;Educaci\u00f3 en aquesta etapa, ja que ajuda a resoldre nombroses situacions de la vida quotidiana.<\/p>\n<\/td>\n<td style=\"width: 19.3333%;\"><a href=\"https:\/\/agora.xtec.cat\/instiana\/wp-content\/uploads\/usu1968\/2019\/01\/3EDCAD58-EF85-4E50-8728-AB6EF2D497F4.jpeg\"><img loading=\"lazy\" decoding=\"async\" class=\"alignnone size-full wp-image-749\" src=\"https:\/\/agora.xtec.cat\/instiana\/wp-content\/uploads\/usu1968\/2019\/01\/3EDCAD58-EF85-4E50-8728-AB6EF2D497F4.jpeg\" alt=\"\" width=\"150\" height=\"150\" \/><\/a><\/td>\n<\/tr>\n<tr>\n<td style=\"width: 100%;\" colspan=\"2\"><b>David \u00c1lamo<\/b><\/td>\n<\/tr>\n<tr>\n<td style=\"width: 100%;\" colspan=\"2\"><strong data-start=\"259\" data-end=\"275\">Marta Blasco<\/strong><\/td>\n<\/tr>\n<tr>\n<td colspan=\"2\">\n<p data-start=\"281\" data-end=\"300\"><strong data-start=\"281\" data-end=\"298\">Adri\u00e0 C\u00e1novas<\/strong><\/p>\n<\/td>\n<\/tr>\n<tr>\n<td colspan=\"2\">\n<p data-start=\"304\" data-end=\"323\"><strong data-start=\"304\" data-end=\"321\">Carles Macian<\/strong><\/p>\n<\/td>\n<\/tr>\n<tr>\n<td colspan=\"2\"><strong data-start=\"327\" data-end=\"340\">Enric Mas<\/strong><\/td>\n<\/tr>\n<\/tbody>\n<\/table>\n","protected":false},"excerpt":{"rendered":"<p>Matem\u00e0tiques<br \/>\nEl departament de Matem\u00e0tiques de l&#8217;Institut Tiana concentra els seus esfor\u00e7os en qu\u00e8 els alumnes assoleixin el m\u00e0xim nivell en la compet\u00e8ncia matem\u00e0tica, considerada b\u00e0sica pel Departament d&#8217;Educaci\u00f3 en aquesta etapa, ja que ajuda a resoldre nombroses situacions de la vida quotidiana.<\/p>\n<p><a href=\"https:\/\/agora.xtec.cat\/instiana\/wp-content\/uploads\/usu1968\/2019\/01\/3EDCAD58-EF85-4E50-8728-AB6EF2D497F4.jpeg\"><\/a><\/p>\n<p>David \u00c1lamo<\/p>\n<p>Marta Blasco<\/p>\n<p>Adri\u00e0&hellip;  <a href=\"https:\/\/agora.xtec.cat\/instiana\/organitzacio-i-gestio\/ambits-curriculars\/matematic\/\" title=\"Read Matem\u00e0tic\">Llegeix m\u00e9s\u00bb<\/a><\/p>\n","protected":false},"author":3,"featured_media":0,"parent":547,"menu_order":2,"comment_status":"closed","ping_status":"closed","template":"page-templates\/side-menu.php","meta":{"_bbp_topic_count":0,"_bbp_reply_count":0,"_bbp_total_topic_count":0,"_bbp_total_reply_count":0,"_bbp_voice_count":0,"_bbp_anonymous_reply_count":0,"_bbp_topic_count_hidden":0,"_bbp_reply_count_hidden":0,"_bbp_forum_subforum_count":0,"footnotes":""},"class_list":["post-557","page","type-page","status-publish","hentry"],"post_mailing_queue_ids":[],"_links":{"self":[{"href":"https:\/\/agora.xtec.cat\/instiana\/wp-json\/wp\/v2\/pages\/557","targetHints":{"allow":["GET"]}}],"collection":[{"href":"https:\/\/agora.xtec.cat\/instiana\/wp-json\/wp\/v2\/pages"}],"about":[{"href":"https:\/\/agora.xtec.cat\/instiana\/wp-json\/wp\/v2\/types\/page"}],"author":[{"embeddable":true,"href":"https:\/\/agora.xtec.cat\/instiana\/wp-json\/wp\/v2\/users\/3"}],"replies":[{"embeddable":true,"href":"https:\/\/agora.xtec.cat\/instiana\/wp-json\/wp\/v2\/comments?post=557"}],"version-history":[{"count":5,"href":"https:\/\/agora.xtec.cat\/instiana\/wp-json\/wp\/v2\/pages\/557\/revisions"}],"predecessor-version":[{"id":3853,"href":"https:\/\/agora.xtec.cat\/instiana\/wp-json\/wp\/v2\/pages\/557\/revisions\/3853"}],"up":[{"embeddable":true,"href":"https:\/\/agora.xtec.cat\/instiana\/wp-json\/wp\/v2\/pages\/547"}],"wp:attachment":[{"href":"https:\/\/agora.xtec.cat\/instiana\/wp-json\/wp\/v2\/media?parent=557"}],"curies":[{"name":"wp","href":"https:\/\/api.w.org\/{rel}","templated":true}]}}