{"id":555,"date":"2019-01-10T09:17:38","date_gmt":"2019-01-10T08:17:38","guid":{"rendered":"https:\/\/agora.xtec.cat\/instiana\/?page_id=555"},"modified":"2025-10-07T10:42:31","modified_gmt":"2025-10-07T08:42:31","slug":"ambit-linguistic","status":"publish","type":"page","link":"https:\/\/agora.xtec.cat\/instiana\/organitzacio-i-gestio\/ambits-curriculars\/ambit-linguistic\/","title":{"rendered":"Ling\u00fc\u00edstic"},"content":{"rendered":"<p>&nbsp;<\/p>\n<table style=\"border-collapse: collapse; width: 100%; height: 449px;\" border=\"1\">\n<tbody>\n<tr style=\"height: 289px;\">\n<td style=\"width: 558.969px; height: 289px;\"><strong>Llengua catalana i literatura<\/strong><\/p>\n<p style=\"text-align: justify;\">El catal\u00e0, llengua oficial a Catalunya, &#8220;<em>s&#8217;ha de tractar a l&#8217;escola amb especial atenci\u00f3, no nom\u00e9s pel seu estatus oficial, sin\u00f3 tamb\u00e9, i sobretot, pel desconeixement que en t\u00e9 una part de l&#8217;alumnat pel que fa als seus usos col\u00b7loquials i informals<\/em>&#8220;. Aix\u00ed, el departament de Llengua Catalana treballa les dimensions de comprensi\u00f3 lectora, expressi\u00f3 escrita, comunicaci\u00f3 oral, liter\u00e0ria i l&#8217;actitudinal i pluriling\u00fce, per tal que els nostres alumnes esdevinguin capa\u00e7os de fer servir el catal\u00e0 de la forma m\u00e9s correcta possible.<\/p>\n<p>Aquesta mat\u00e8ria promou la participaci\u00f3 de l\u2019alumnat a diferents cert\u00e0mens i concursos com el <a href=\"https:\/\/agora.xtec.cat\/instiana\/excellencia\/\" target=\"_blank\" rel=\"noopener noreferrer\">Certamen de Lectura en Veu Alta<\/a>, el concurs municipal per la <a href=\"https:\/\/agora.xtec.cat\/instiana\/excellencia\/\" target=\"_blank\" rel=\"noopener noreferrer\">Igualtat G\u00e8nere<\/a> i el concurs radiof\u00f2nic i televisiu <a href=\"https:\/\/agora.xtec.cat\/instiana\/excellencia\/\" target=\"_blank\" rel=\"noopener noreferrer\">Picalletres<\/a>.\u00a0A m\u00e9s a m\u00e9s, es promouen diferents iniciatives com la resoluci\u00f3 d\u2019enigmes, el concurs Mou la llengua, i la sortida amb tota la comunitat educativa al teatre.<\/td>\n<td style=\"width: 180.365px; height: 289px;\"><a href=\"https:\/\/agora.xtec.cat\/instiana\/wp-content\/uploads\/usu1968\/2019\/01\/DD546D82-FF7A-444D-A24E-744BA617F24E.jpeg\"><img loading=\"lazy\" decoding=\"async\" class=\"alignnone size-full wp-image-744\" src=\"https:\/\/agora.xtec.cat\/instiana\/wp-content\/uploads\/usu1968\/2019\/01\/DD546D82-FF7A-444D-A24E-744BA617F24E.jpeg\" alt=\"\" width=\"150\" height=\"150\" \/><\/a><\/td>\n<\/tr>\n<tr>\n<td style=\"text-align: justify; width: 739.333px;\" colspan=\"2\"><strong>Albert Bassas<\/strong><\/td>\n<\/tr>\n<tr style=\"height: 10px;\">\n<td style=\"text-align: justify; height: 10px;\" colspan=\"2\"><strong>Paula Cervera<\/strong><\/td>\n<\/tr>\n<tr style=\"height: 47px;\">\n<td style=\"text-align: justify; height: 10px; width: 739.333px;\" colspan=\"2\"><strong>Carol Mart\u00edn<\/strong><\/td>\n<\/tr>\n<tr style=\"height: 47px;\">\n<td style=\"text-align: justify; height: 47px; width: 739.333px;\" colspan=\"2\"><strong>Xaro Mariscal<\/strong><\/td>\n<\/tr>\n<tr style=\"height: 47px;\">\n<td style=\"width: 739.333px; text-align: justify; height: 47px;\" colspan=\"2\"><strong>Esther Sancho<\/strong><\/td>\n<\/tr>\n<\/tbody>\n<\/table>\n<table style=\"border-collapse: collapse; width: 100%; height: 305px;\" border=\"1\">\n<tbody>\n<tr style=\"height: 179px;\">\n<td style=\"width: 684.84375px; height: 179px;\"><strong>Lengua castellana y literatura<\/strong><\/p>\n<p style=\"text-align: justify;\">El departament de Llengua castellana del centre, en cooperaci\u00f3 i col\u00b7laboraci\u00f3 directa amb els altres departaments de l&#8217;\u00e0mbit de lleng\u00fces, treballa per aconseguir que els nostres alumnes incrementin les seves capacitats comunicatives, tant escrites com orals, en castell\u00e0.<\/p>\n<\/td>\n<td style=\"width: 215.171875px; height: 179px;\"><a href=\"https:\/\/agora.xtec.cat\/instiana\/wp-content\/uploads\/usu1968\/2019\/01\/84710239-C575-4ADF-BFA9-02FD48090844.jpeg\"><img loading=\"lazy\" decoding=\"async\" class=\"alignnone size-full wp-image-750\" src=\"https:\/\/agora.xtec.cat\/instiana\/wp-content\/uploads\/usu1968\/2019\/01\/84710239-C575-4ADF-BFA9-02FD48090844.jpeg\" alt=\"\" width=\"150\" height=\"150\" \/><\/a><\/td>\n<\/tr>\n<tr style=\"height: 47px;\">\n<td style=\"width: 900.015625px; text-align: justify; height: 47px;\" colspan=\"2\"><strong>Araceli Gonz\u00e1lez\u00a0<\/strong><\/td>\n<\/tr>\n<tr style=\"height: 47px;\">\n<td style=\"text-align: justify; height: 47px;\" colspan=\"2\"><strong>Susana L\u00f3pez<\/strong><\/td>\n<\/tr>\n<tr style=\"height: 32px;\">\n<td style=\"text-align: justify; height: 32px;\" colspan=\"2\"><b>Justi L\u00f3pez\u00a0<\/b><\/td>\n<\/tr>\n<tr>\n<td style=\"text-align: justify;\" colspan=\"2\"><b>Elena Mi\u00f1ambre\u00a0<\/b><\/td>\n<\/tr>\n<\/tbody>\n<\/table>\n<table style=\"border-collapse: collapse; width: 100%; height: 224px;\" border=\"1\">\n<tbody>\n<tr style=\"height: 169px;\">\n<td style=\"width: 76%; height: 40px;\"><strong>Lleng\u00fces estrangeres<\/strong><\/p>\n<p style=\"text-align: justify;\">A l&#8217;Institut de Tiana som conscients que, a la societat actual, \u00e9s fonamental l&#8217;adquisici\u00f3 de, com a m\u00ednim, una llengua estrangera. Per aix\u00f2, el departament de Lleng\u00fces estrangeres treballa des de primer d&#8217;ESO perqu\u00e8 els alumnes assoleixin un alt nivell d&#8217;angl\u00e8s i ofereix un tast d&#8217;alemany, ja al primer curs, per tal que aquell alumnat que vulgui esculli l&#8217;optativa d&#8217;alemany a partir de segon d&#8217;ESO.<\/p>\n<\/td>\n<td style=\"width: 23.8788%; height: 40px;\"><a href=\"https:\/\/agora.xtec.cat\/instiana\/wp-content\/uploads\/usu1968\/2019\/01\/23D2AD43-0BE2-409B-964B-217959C2A7EE.jpeg\"><img loading=\"lazy\" decoding=\"async\" class=\"alignnone size-full wp-image-745\" src=\"https:\/\/agora.xtec.cat\/instiana\/wp-content\/uploads\/usu1968\/2019\/01\/23D2AD43-0BE2-409B-964B-217959C2A7EE.jpeg\" alt=\"\" width=\"150\" height=\"150\" \/><\/a><\/td>\n<\/tr>\n<tr style=\"height: 32px;\">\n<td style=\"height: 32px; text-align: justify; width: 99.8788%;\" colspan=\"2\"><strong>Meritxell Bl\u00e1zquez\u00a0<\/strong><\/td>\n<\/tr>\n<tr style=\"height: 32px;\">\n<td style=\"width: 99.8788%; text-align: justify; height: 32px;\" colspan=\"2\"><strong>N\u00faria Brufau\u00a0<\/strong><\/td>\n<\/tr>\n<tr>\n<td style=\"text-align: justify; width: 99.8788%;\" colspan=\"2\"><strong data-start=\"166\" data-end=\"185\">Mariona Melgosa<\/strong><\/td>\n<\/tr>\n<tr style=\"height: 32px;\">\n<td style=\"text-align: justify; height: 32px;\" colspan=\"2\"><strong data-start=\"191\" data-end=\"205\">Aina Mateu<\/strong><\/td>\n<\/tr>\n<tr>\n<td style=\"text-align: justify;\" colspan=\"2\"><strong data-start=\"211\" data-end=\"225\">Rosa Mart\u00ed<\/strong><\/td>\n<\/tr>\n<tr>\n<td style=\"text-align: justify;\" colspan=\"2\">\n<p data-start=\"231\" data-end=\"247\"><strong data-start=\"231\" data-end=\"245\">Lidia Moya<\/strong><\/p>\n<\/td>\n<\/tr>\n<tr>\n<td style=\"text-align: justify;\" colspan=\"2\"><strong data-start=\"251\" data-end=\"277\">Mark Allan Sonnleitner<\/strong><\/td>\n<\/tr>\n<\/tbody>\n<\/table>\n<table style=\"border-collapse: collapse; width: 100%; height: 305px;\" border=\"1\">\n<tbody>\n<tr style=\"height: 179px;\">\n<td style=\"width: 684.84375px; height: 179px;\"><strong>Lleng\u00fces cl\u00e0ssiques<\/strong><\/p>\n<p>L\u2019estudi de les lleng\u00fces cl\u00e0ssiques, de la literatura, de la hist\u00f2ria i de les civilitzacions de Gr\u00e8cia i Roma permet a l&#8217;alumnat\u00a0 millorar la seva capacitat comunicativa i d&#8217;interpretaci\u00f3 de textos complexos, a m\u00e9s d&#8217;estructurar el seu pensament amb precisi\u00f3 i domini del llenguatge. L&#8217;ajuda a formar-se i a ser capa\u00e7 de comprendre contextos cr\u00edtics, amb an\u00e0lisi i visi\u00f3 \u00e8tica. Alhora, ofereix una mirada human\u00edstica que enriqueix la cultura personal, potencia el pensament cr\u00edtic i permet establir una vinculaci\u00f3 transversal entre el m\u00f3n antic i la societat actual.<\/td>\n<td style=\"width: 215.171875px; height: 179px;\"><a href=\"https:\/\/agora.xtec.cat\/instiana\/wp-content\/uploads\/usu1968\/2019\/01\/84710239-C575-4ADF-BFA9-02FD48090844.jpeg\"><img loading=\"lazy\" decoding=\"async\" class=\"alignnone size-full wp-image-750\" src=\"https:\/\/agora.xtec.cat\/instiana\/wp-content\/uploads\/usu1968\/2019\/01\/84710239-C575-4ADF-BFA9-02FD48090844.jpeg\" alt=\"\" width=\"150\" height=\"150\" \/><\/a><\/td>\n<\/tr>\n<tr style=\"height: 47px;\">\n<td style=\"text-align: justify; height: 47px;\" colspan=\"2\"><strong>Mireia Bravo<\/strong><\/td>\n<\/tr>\n<tr>\n<td style=\"text-align: justify;\" colspan=\"2\"><strong>Cl\u00e0udia Jim\u00e9nez<\/strong><\/td>\n<\/tr>\n<tr>\n<td style=\"width: 900.016px; text-align: justify;\" colspan=\"2\"><strong><b>Cec\u00edlia Vall\u00e8s<\/b><\/strong><\/td>\n<\/tr>\n<\/tbody>\n<\/table>\n<p>&nbsp;<\/p>\n","protected":false},"excerpt":{"rendered":"<p>&nbsp;<\/p>\n<p>Llengua catalana i literatura<br \/>\nEl catal\u00e0, llengua oficial a Catalunya, &#8220;s&#8217;ha de tractar a l&#8217;escola amb especial atenci\u00f3, no nom\u00e9s pel seu estatus oficial, sin\u00f3 tamb\u00e9, i sobretot, pel desconeixement que en t\u00e9 una part de l&#8217;alumnat pel que fa als seus usos col\u00b7loquials i informals&#8220;.&hellip;  <a href=\"https:\/\/agora.xtec.cat\/instiana\/organitzacio-i-gestio\/ambits-curriculars\/ambit-linguistic\/\" title=\"Read Ling\u00fc\u00edstic\">Llegeix m\u00e9s\u00bb<\/a><\/p>\n","protected":false},"author":3,"featured_media":0,"parent":547,"menu_order":1,"comment_status":"closed","ping_status":"closed","template":"page-templates\/side-menu.php","meta":{"_bbp_topic_count":0,"_bbp_reply_count":0,"_bbp_total_topic_count":0,"_bbp_total_reply_count":0,"_bbp_voice_count":0,"_bbp_anonymous_reply_count":0,"_bbp_topic_count_hidden":0,"_bbp_reply_count_hidden":0,"_bbp_forum_subforum_count":0,"footnotes":""},"class_list":["post-555","page","type-page","status-publish","hentry"],"post_mailing_queue_ids":[],"_links":{"self":[{"href":"https:\/\/agora.xtec.cat\/instiana\/wp-json\/wp\/v2\/pages\/555","targetHints":{"allow":["GET"]}}],"collection":[{"href":"https:\/\/agora.xtec.cat\/instiana\/wp-json\/wp\/v2\/pages"}],"about":[{"href":"https:\/\/agora.xtec.cat\/instiana\/wp-json\/wp\/v2\/types\/page"}],"author":[{"embeddable":true,"href":"https:\/\/agora.xtec.cat\/instiana\/wp-json\/wp\/v2\/users\/3"}],"replies":[{"embeddable":true,"href":"https:\/\/agora.xtec.cat\/instiana\/wp-json\/wp\/v2\/comments?post=555"}],"version-history":[{"count":8,"href":"https:\/\/agora.xtec.cat\/instiana\/wp-json\/wp\/v2\/pages\/555\/revisions"}],"predecessor-version":[{"id":4048,"href":"https:\/\/agora.xtec.cat\/instiana\/wp-json\/wp\/v2\/pages\/555\/revisions\/4048"}],"up":[{"embeddable":true,"href":"https:\/\/agora.xtec.cat\/instiana\/wp-json\/wp\/v2\/pages\/547"}],"wp:attachment":[{"href":"https:\/\/agora.xtec.cat\/instiana\/wp-json\/wp\/v2\/media?parent=555"}],"curies":[{"name":"wp","href":"https:\/\/api.w.org\/{rel}","templated":true}]}}