{"id":547,"date":"2019-01-10T09:11:12","date_gmt":"2019-01-10T08:11:12","guid":{"rendered":"https:\/\/agora.xtec.cat\/instiana\/?page_id=547"},"modified":"2019-01-29T16:13:19","modified_gmt":"2019-01-29T15:13:19","slug":"ambits-curriculars","status":"publish","type":"page","link":"https:\/\/agora.xtec.cat\/instiana\/organitzacio-i-gestio\/ambits-curriculars\/","title":{"rendered":"\u00c0mbits curriculars"},"content":{"rendered":"\r\n\t<div class=\"slideshow_container slideshow_container_style-light\" style=\"height: 200px; \" data-slideshow-id=\"754\" data-style-name=\"style-light\" data-style-version=\"2.3.1\" >\r\n\r\n\t\t\t\t\t<div class=\"slideshow_loading_icon\"><\/div>\r\n\t\t\r\n\t\t<div class=\"slideshow_content\" style=\"display: none;\">\r\n\r\n\t\t\t<div class=\"slideshow_view\">\r\n\t\t\t\t<div class=\"slideshow_slide slideshow_slide_image\">\r\n\t\t\t\t\t<a href=\"https:\/\/agora.xtec.cat\/instiana\/organitzacio-i-gestio\/ambits-curriculars\/ambit-linguistic\/\" target=\"_self\" >\t\t\t\t\t\t<img src=\"https:\/\/agora.xtec.cat\/instiana\/wp-content\/uploads\/usu1968\/2019\/01\/DD546D82-FF7A-444D-A24E-744BA617F24E.jpeg\" alt=\"\u00c0mbit Ling\u00fc\u00edstic\" width=\"150\" height=\"150\" \/>\r\n\t\t\t\t\t<\/a>\t\t\t\t\t<div class=\"slideshow_description_box slideshow_transparent\">\r\n\t\t\t\t\t\t<div class=\"slideshow_title\"><a href=\"https:\/\/agora.xtec.cat\/instiana\/organitzacio-i-gestio\/ambits-curriculars\/ambit-linguistic\/\" target=\"_self\" >\u00c0mbit Ling\u00fc\u00edstic<\/a><\/div>\t\t\t\t\t\t\t\t\t\t\t<\/div>\r\n\t\t\t\t<\/div>\r\n\r\n\t\t\t\t\t\t\r\n\t\t\t\t<div class=\"slideshow_slide slideshow_slide_image\">\r\n\t\t\t\t\t<a href=\"https:\/\/agora.xtec.cat\/instiana\/organitzacio-i-gestio\/ambits-curriculars\/matematic\/\" target=\"_self\" >\t\t\t\t\t\t<img src=\"https:\/\/agora.xtec.cat\/instiana\/wp-content\/uploads\/usu1968\/2019\/01\/3EDCAD58-EF85-4E50-8728-AB6EF2D497F4.jpeg\" alt=\"\u00c0mbit Matem\u00e0tic\" width=\"150\" height=\"150\" \/>\r\n\t\t\t\t\t<\/a>\t\t\t\t\t<div class=\"slideshow_description_box slideshow_transparent\">\r\n\t\t\t\t\t\t<div class=\"slideshow_title\"><a href=\"https:\/\/agora.xtec.cat\/instiana\/organitzacio-i-gestio\/ambits-curriculars\/matematic\/\" target=\"_self\" >\u00c0mbit Matem\u00e0tic<\/a><\/div>\t\t\t\t\t\t\t\t\t\t\t<\/div>\r\n\t\t\t\t<\/div>\r\n\r\n\t\t\t\t\t\t\r\n\t\t\t\t<div class=\"slideshow_slide slideshow_slide_image\">\r\n\t\t\t\t\t<a href=\"https:\/\/agora.xtec.cat\/instiana\/organitzacio-i-gestio\/ambits-curriculars\/cientificotecnologic-2\/\" target=\"_self\" >\t\t\t\t\t\t<img src=\"https:\/\/agora.xtec.cat\/instiana\/wp-content\/uploads\/usu1968\/2019\/01\/4A8A3D10-F17C-4EA5-B916-88BEBD209D8E.jpeg\" alt=\"\u00c0mbit Cientificotecnol\u00f2gic\" width=\"150\" height=\"150\" \/>\r\n\t\t\t\t\t<\/a>\t\t\t\t\t<div class=\"slideshow_description_box slideshow_transparent\">\r\n\t\t\t\t\t\t<div class=\"slideshow_title\"><a href=\"https:\/\/agora.xtec.cat\/instiana\/organitzacio-i-gestio\/ambits-curriculars\/cientificotecnologic-2\/\" target=\"_self\" >\u00c0mbit Cientificotecnol\u00f2gic<\/a><\/div>\t\t\t\t\t\t\t\t\t\t\t<\/div>\r\n\t\t\t\t<\/div>\r\n\r\n\t\t\t\t\t\t<div style=\"clear: both;\"><\/div><\/div><div class=\"slideshow_view\">\r\n\t\t\t\t<div class=\"slideshow_slide slideshow_slide_image\">\r\n\t\t\t\t\t<a href=\"https:\/\/agora.xtec.cat\/instiana\/organitzacio-i-gestio\/ambits-curriculars\/cientificotecnologic\/\" target=\"_self\" >\t\t\t\t\t\t<img src=\"https:\/\/agora.xtec.cat\/instiana\/wp-content\/uploads\/usu1968\/2019\/01\/4CA461CD-64DE-4419-B14E-476A83FFA365.jpeg\" alt=\"\u00c0mbit Social\" width=\"150\" height=\"150\" \/>\r\n\t\t\t\t\t<\/a>\t\t\t\t\t<div class=\"slideshow_description_box slideshow_transparent\">\r\n\t\t\t\t\t\t<div class=\"slideshow_title\"><a href=\"https:\/\/agora.xtec.cat\/instiana\/organitzacio-i-gestio\/ambits-curriculars\/cientificotecnologic\/\" target=\"_self\" >\u00c0mbit Social<\/a><\/div>\t\t\t\t\t\t\t\t\t\t\t<\/div>\r\n\t\t\t\t<\/div>\r\n\r\n\t\t\t\t\t\t\r\n\t\t\t\t<div class=\"slideshow_slide slideshow_slide_image\">\r\n\t\t\t\t\t<a href=\"https:\/\/agora.xtec.cat\/instiana\/organitzacio-i-gestio\/ambits-curriculars\/artistic\/\" target=\"_self\" >\t\t\t\t\t\t<img src=\"https:\/\/agora.xtec.cat\/instiana\/wp-content\/uploads\/usu1968\/2019\/01\/467FFA49-A50F-40BA-95A4-9F2D24027206.jpeg\" alt=\"\u00c0mbit Art\u00edstic\" width=\"150\" height=\"150\" \/>\r\n\t\t\t\t\t<\/a>\t\t\t\t\t<div class=\"slideshow_description_box slideshow_transparent\">\r\n\t\t\t\t\t\t<div class=\"slideshow_title\"><a href=\"https:\/\/agora.xtec.cat\/instiana\/organitzacio-i-gestio\/ambits-curriculars\/artistic\/\" target=\"_self\" >\u00c0mbit Art\u00edstic<\/a><\/div>\t\t\t\t\t\t\t\t\t\t\t<\/div>\r\n\t\t\t\t<\/div>\r\n\r\n\t\t\t\t\t\t\r\n\t\t\t\t<div class=\"slideshow_slide slideshow_slide_image\">\r\n\t\t\t\t\t<a href=\"https:\/\/agora.xtec.cat\/instiana\/organitzacio-i-gestio\/ambits-curriculars\/de-leducacio-fisica\/\" target=\"_self\" >\t\t\t\t\t\t<img src=\"https:\/\/agora.xtec.cat\/instiana\/wp-content\/uploads\/usu1968\/2019\/01\/E4CE87E0-870D-4916-9AB6-4F431A47513D.jpeg\" alt=\"\u00c0mbit de l\u2019Educaci\u00f3 F\u00edsica\" width=\"150\" height=\"150\" \/>\r\n\t\t\t\t\t<\/a>\t\t\t\t\t<div class=\"slideshow_description_box slideshow_transparent\">\r\n\t\t\t\t\t\t<div class=\"slideshow_title\"><a href=\"https:\/\/agora.xtec.cat\/instiana\/organitzacio-i-gestio\/ambits-curriculars\/de-leducacio-fisica\/\" target=\"_self\" >\u00c0mbit de l\u2019Educaci\u00f3 F\u00edsica<\/a><\/div>\t\t\t\t\t\t\t\t\t\t\t<\/div>\r\n\t\t\t\t<\/div>\r\n\r\n\t\t\t\t\t\t<div style=\"clear: both;\"><\/div><\/div><div class=\"slideshow_view\">\r\n\t\t\t\t<div class=\"slideshow_slide slideshow_slide_image\">\r\n\t\t\t\t\t<a href=\"https:\/\/agora.xtec.cat\/instiana\/organitzacio-i-gestio\/ambits-curriculars\/orientacio-academica\/\" target=\"_self\" >\t\t\t\t\t\t<img src=\"https:\/\/agora.xtec.cat\/instiana\/wp-content\/uploads\/usu1968\/2019\/01\/9003D70C-E3E5-48BA-BC72-02C82647141F.jpeg\" alt=\"\u00c0mbit Orientaci\u00f3 Acad\u00e8mica\" width=\"150\" height=\"150\" \/>\r\n\t\t\t\t\t<\/a>\t\t\t\t\t<div class=\"slideshow_description_box slideshow_transparent\">\r\n\t\t\t\t\t\t<div class=\"slideshow_title\"><a href=\"https:\/\/agora.xtec.cat\/instiana\/organitzacio-i-gestio\/ambits-curriculars\/orientacio-academica\/\" target=\"_self\" >\u00c0mbit Orientaci\u00f3 Acad\u00e8mica<\/a><\/div>\t\t\t\t\t\t\t\t\t\t\t<\/div>\r\n\t\t\t\t<\/div>\r\n\r\n\t\t\t\t\t\t<div style=\"clear: both;\"><\/div><\/div>\r\n\t\t<\/div>\r\n\r\n\t\t<div class=\"slideshow_controlPanel slideshow_transparent\" style=\"display: none;\"><ul><li class=\"slideshow_togglePlay\" data-play-text=\"Visualitza\" data-pause-text=\"Pausa\"><\/li><\/ul><\/div>\r\n\r\n\t\t<div class=\"slideshow_button slideshow_previous slideshow_transparent\" role=\"button\" data-previous-text=\"Anterior\" style=\"display: none;\"><\/div>\r\n\t\t<div class=\"slideshow_button slideshow_next slideshow_transparent\" role=\"button\" data-next-text=\"Seg\u00fcent\" style=\"display: none;\"><\/div>\r\n\r\n\t\t<div class=\"slideshow_pagination\" style=\"display: none;\" data-go-to-text=\"V\u00e9s a la diapositiva\"><div class=\"slideshow_pagination_center\"><\/div><\/div>\r\n\r\n\t\t<!-- WordPress Slideshow Version 2.3.1 -->\r\n\r\n\t\t\t<\/div>\r\n\r\n\n","protected":false},"excerpt":{"rendered":"<p>\t\t\t\t\t<a href=\"https:\/\/agora.xtec.cat\/instiana\/organitzacio-i-gestio\/ambits-curriculars\/ambit-linguistic\/\" target=\"_self\" ><br \/>\n\t\t\t\t\t<\/a><br \/>\n\t\t\t\t\t\t<a href=\"https:\/\/agora.xtec.cat\/instiana\/organitzacio-i-gestio\/ambits-curriculars\/ambit-linguistic\/\" target=\"_self\" >\u00c0mbit Ling\u00fc\u00edstic<\/a>\t\t\t\t\t\t\t\t\t\t\t<\/p>\n<p>\t\t\t\t\t<a href=\"https:\/\/agora.xtec.cat\/instiana\/organitzacio-i-gestio\/ambits-curriculars\/matematic\/\" target=\"_self\" ><br \/>\n\t\t\t\t\t<\/a><br \/>\n\t\t\t\t\t\t<a href=\"https:\/\/agora.xtec.cat\/instiana\/organitzacio-i-gestio\/ambits-curriculars\/matematic\/\" target=\"_self\" >\u00c0mbit Matem\u00e0tic<\/a>\t\t\t\t\t\t\t\t\t\t\t<\/p>\n<p>\t\t\t\t\t<a href=\"https:\/\/agora.xtec.cat\/instiana\/organitzacio-i-gestio\/ambits-curriculars\/cientificotecnologic-2\/\" target=\"_self\" ><br \/>\n\t\t\t\t\t<\/a><br \/>\n\t\t\t\t\t\t<a href=\"https:\/\/agora.xtec.cat\/instiana\/organitzacio-i-gestio\/ambits-curriculars\/cientificotecnologic-2\/\" target=\"_self\" >\u00c0mbit Cientificotecnol\u00f2gic<\/a>\t\t\t\t\t\t\t\t\t\t\t<\/p>\n<p>\t\t\t\t\t<a href=\"https:\/\/agora.xtec.cat\/instiana\/organitzacio-i-gestio\/ambits-curriculars\/cientificotecnologic\/\" target=\"_self\" ><br \/>\n\t\t\t\t\t<\/a><br \/>\n\t\t\t\t\t\t<a href=\"https:\/\/agora.xtec.cat\/instiana\/organitzacio-i-gestio\/ambits-curriculars\/cientificotecnologic\/\" target=\"_self\" >\u00c0mbit Social<\/a>\t\t\t\t\t\t\t\t\t\t\t<\/p>\n<p>\t\t\t\t\t<a href=\"https:\/\/agora.xtec.cat\/instiana\/organitzacio-i-gestio\/ambits-curriculars\/artistic\/\" target=\"_self\" ><br \/>\n\t\t\t\t\t<\/a><br \/>\n\t\t\t\t\t\t<a href=\"https:\/\/agora.xtec.cat\/instiana\/organitzacio-i-gestio\/ambits-curriculars\/artistic\/\" target=\"_self\" >\u00c0mbit Art\u00edstic<\/a>\t\t\t\t\t\t\t\t\t\t\t<\/p>\n<p>\t\t\t\t\t<a href=\"https:\/\/agora.xtec.cat\/instiana\/organitzacio-i-gestio\/ambits-curriculars\/de-leducacio-fisica\/\" target=\"_self\" ><br \/>\n\t\t\t\t\t<\/a><br \/>\n\t\t\t\t\t\t<a href=\"https:\/\/agora.xtec.cat\/instiana\/organitzacio-i-gestio\/ambits-curriculars\/de-leducacio-fisica\/\" target=\"_self\" >\u00c0mbit de l\u2019Educaci\u00f3 F\u00edsica<\/a>\t\t\t\t\t\t\t\t\t\t\t<\/p>\n<p>\t\t\t\t\t<a&hellip;  <a href=\"https:\/\/agora.xtec.cat\/instiana\/organitzacio-i-gestio\/ambits-curriculars\/\" title=\"Read \u00c0mbits curriculars\">Llegeix m\u00e9s\u00bb<\/a><\/p>\n","protected":false},"author":3,"featured_media":0,"parent":631,"menu_order":2,"comment_status":"closed","ping_status":"closed","template":"page-templates\/side-menu.php","meta":{"_bbp_topic_count":0,"_bbp_reply_count":0,"_bbp_total_topic_count":0,"_bbp_total_reply_count":0,"_bbp_voice_count":0,"_bbp_anonymous_reply_count":0,"_bbp_topic_count_hidden":0,"_bbp_reply_count_hidden":0,"_bbp_forum_subforum_count":0,"footnotes":""},"class_list":["post-547","page","type-page","status-publish","hentry"],"post_mailing_queue_ids":[],"_links":{"self":[{"href":"https:\/\/agora.xtec.cat\/instiana\/wp-json\/wp\/v2\/pages\/547","targetHints":{"allow":["GET"]}}],"collection":[{"href":"https:\/\/agora.xtec.cat\/instiana\/wp-json\/wp\/v2\/pages"}],"about":[{"href":"https:\/\/agora.xtec.cat\/instiana\/wp-json\/wp\/v2\/types\/page"}],"author":[{"embeddable":true,"href":"https:\/\/agora.xtec.cat\/instiana\/wp-json\/wp\/v2\/users\/3"}],"replies":[{"embeddable":true,"href":"https:\/\/agora.xtec.cat\/instiana\/wp-json\/wp\/v2\/comments?post=547"}],"version-history":[{"count":3,"href":"https:\/\/agora.xtec.cat\/instiana\/wp-json\/wp\/v2\/pages\/547\/revisions"}],"predecessor-version":[{"id":755,"href":"https:\/\/agora.xtec.cat\/instiana\/wp-json\/wp\/v2\/pages\/547\/revisions\/755"}],"up":[{"embeddable":true,"href":"https:\/\/agora.xtec.cat\/instiana\/wp-json\/wp\/v2\/pages\/631"}],"wp:attachment":[{"href":"https:\/\/agora.xtec.cat\/instiana\/wp-json\/wp\/v2\/media?parent=547"}],"curies":[{"name":"wp","href":"https:\/\/api.w.org\/{rel}","templated":true}]}}