{"id":496,"date":"2019-01-09T21:04:12","date_gmt":"2019-01-09T20:04:12","guid":{"rendered":"https:\/\/agora.xtec.cat\/instiana\/?page_id=496"},"modified":"2023-01-16T22:56:34","modified_gmt":"2023-01-16T21:56:34","slug":"ampa","status":"publish","type":"page","link":"https:\/\/agora.xtec.cat\/instiana\/linstitut\/ampa\/","title":{"rendered":"AFA"},"content":{"rendered":"<p>Benvolgudes fam\u00edlies,<img loading=\"lazy\" decoding=\"async\" class=\"wp-image-2791 alignright\" src=\"https:\/\/agora.xtec.cat\/instiana\/wp-content\/uploads\/usu1968\/2023\/01\/Captura.jpg\" alt=\"\" width=\"108\" height=\"103\" \/><br \/>\ndes de l&#8217;AFA de l&#8217;Institut de Tiana volem animar-vos a participar de les nostres activitats. \u00c9s molt important que els pares i les mares formem part de manera viva de la comunitat educativa per col\u00b7laborar amb l&#8217;institut en all\u00f2 que pugui ser benefici\u00f3s per als nostres fills i filles. Us preguntareu: Qu\u00e8 fa l&#8217;AFA?<\/p>\n<ul>\n<li>Portem la vostra opini\u00f3 al Consell Escolar del Centre (\u00f2rgan on s&#8217;aproven les directrius del centre) i al Consell Escolar Municipal de l&#8217;Ajuntament de Tiana.<\/li>\n<li>Contribu\u00efm a millorar la dotaci\u00f3 i les instal\u00b7lacions del centre, com ara ordinadors, pissarres digitals i t\u00e0ctils, material per a les mat\u00e8ries espec\u00edfiques, etc.<\/li>\n<li>Participem activament en la jornada de portes obertes.<\/li>\n<li>Oferim el servei d&#8217;aula d&#8217;estudi tutelada (amb acc\u00e9s a l&#8217;aula d&#8217;inform\u00e0tics), en horari extraescolar.<\/li>\n<li>Participem en les diferents fires de Tiana, amb l&#8217;objectiu de recaptar fons i fer visible la nostra pres\u00e8ncia.<\/li>\n<li>Col\u00b7laborem en la festa de graduaci\u00f3 dels alumnes en arribar a 4t d&#8217;ESO.<\/li>\n<\/ul>\n<p>Tot s\u00f3n avantatges per als nostres fills i filles. Entre tots farem que tinguin una educaci\u00f3 millor: Formeu-ne part!<\/p>\n<p>Ens podeu contactar per correu electr\u00f2nic (<a href=\"mailto:ampainstituttiana@gmail.com\">ampainstituttiana@gmail.com<\/a>) o per correu postal (AFA Institut Tiana, C\/ Eduard Fontser\u00e8, s\/n, 08391 Tiana).<\/p>\n<p align=\"right\"><strong>Animeu-vos a formar part de l\u2019AFA!<\/strong><\/p>\n<p align=\"right\"><a href=\"https:\/\/agora.xtec.cat\/instiana\/wp-content\/uploads\/usu1968\/2019\/01\/FAPAC.png\"><img loading=\"lazy\" decoding=\"async\" class=\"alignnone size-full wp-image-507\" src=\"https:\/\/agora.xtec.cat\/instiana\/wp-content\/uploads\/usu1968\/2019\/01\/FAPAC.png\" alt=\"\" width=\"214\" height=\"48\" \/><\/a><\/p>\n","protected":false},"excerpt":{"rendered":"<p>Benvolgudes fam\u00edlies,<br \/>\ndes de l&#8217;AFA de l&#8217;Institut de Tiana volem animar-vos a participar de les nostres activitats. \u00c9s molt important que els pares i les mares formem part de manera viva de la comunitat educativa per col\u00b7laborar amb l&#8217;institut en all\u00f2 que pugui ser benefici\u00f3s per&hellip;  <a href=\"https:\/\/agora.xtec.cat\/instiana\/linstitut\/ampa\/\" title=\"Read AFA\">Llegeix m\u00e9s\u00bb<\/a><\/p>\n","protected":false},"author":3,"featured_media":0,"parent":19,"menu_order":7,"comment_status":"closed","ping_status":"closed","template":"page-templates\/side-menu.php","meta":{"_bbp_topic_count":0,"_bbp_reply_count":0,"_bbp_total_topic_count":0,"_bbp_total_reply_count":0,"_bbp_voice_count":0,"_bbp_anonymous_reply_count":0,"_bbp_topic_count_hidden":0,"_bbp_reply_count_hidden":0,"_bbp_forum_subforum_count":0,"footnotes":""},"class_list":["post-496","page","type-page","status-publish","hentry"],"post_mailing_queue_ids":[],"_links":{"self":[{"href":"https:\/\/agora.xtec.cat\/instiana\/wp-json\/wp\/v2\/pages\/496","targetHints":{"allow":["GET"]}}],"collection":[{"href":"https:\/\/agora.xtec.cat\/instiana\/wp-json\/wp\/v2\/pages"}],"about":[{"href":"https:\/\/agora.xtec.cat\/instiana\/wp-json\/wp\/v2\/types\/page"}],"author":[{"embeddable":true,"href":"https:\/\/agora.xtec.cat\/instiana\/wp-json\/wp\/v2\/users\/3"}],"replies":[{"embeddable":true,"href":"https:\/\/agora.xtec.cat\/instiana\/wp-json\/wp\/v2\/comments?post=496"}],"version-history":[{"count":3,"href":"https:\/\/agora.xtec.cat\/instiana\/wp-json\/wp\/v2\/pages\/496\/revisions"}],"predecessor-version":[{"id":2793,"href":"https:\/\/agora.xtec.cat\/instiana\/wp-json\/wp\/v2\/pages\/496\/revisions\/2793"}],"up":[{"embeddable":true,"href":"https:\/\/agora.xtec.cat\/instiana\/wp-json\/wp\/v2\/pages\/19"}],"wp:attachment":[{"href":"https:\/\/agora.xtec.cat\/instiana\/wp-json\/wp\/v2\/media?parent=496"}],"curies":[{"name":"wp","href":"https:\/\/api.w.org\/{rel}","templated":true}]}}