{"id":4056,"date":"2025-10-14T10:51:47","date_gmt":"2025-10-14T08:51:47","guid":{"rendered":"https:\/\/agora.xtec.cat\/instiana\/?page_id=4056"},"modified":"2025-10-14T11:22:48","modified_gmt":"2025-10-14T09:22:48","slug":"apb-stop-bullying","status":"publish","type":"page","link":"https:\/\/agora.xtec.cat\/instiana\/projectes\/apb-stop-bullying\/","title":{"rendered":"#APB (Stop bullying)"},"content":{"rendered":"<p>L&#8217;Aquiproubullying \u00e9s un\u00a0<strong>projecte de centre<\/strong>\u00a0que forma part del\u00a0<strong>Pla de conviv\u00e8ncia de l\u2019Institut Tiana<\/strong>\u00a0i que treballa un dels v\u00e8rtexs m\u00e9s importants de la conviv\u00e8ncia al centre: l&#8217;<strong><a href=\"https:\/\/xtec.gencat.cat\/ca\/centres\/projeducatiu\/convivencia\/aquiproubullying\/\" target=\"_blank\" rel=\"noopener\" data-saferedirecturl=\"https:\/\/www.google.com\/url?q=https:\/\/xtec.gencat.cat\/ca\/centres\/projeducatiu\/convivencia\/aquiproubullying\/&amp;source=gmail&amp;ust=1760517683007000&amp;usg=AOvVaw0Jvw6Ogix5hvsA7KyT2n3i\">assetjament escolar<\/a><\/strong>.<\/p>\n<p>El Programa d\u2019innovaci\u00f3 pedag\u00f2gica\u00a0<a title=\"#aquiproubullying\" href=\"https:\/\/xtec.gencat.cat\/ca\/centres\/projeducatiu\/convivencia\/aquiproubullying\/\" target=\"_blank\" rel=\"noopener\" data-saferedirecturl=\"https:\/\/www.google.com\/url?q=https:\/\/xtec.gencat.cat\/ca\/centres\/projeducatiu\/convivencia\/aquiproubullying\/&amp;source=gmail&amp;ust=1760517683007000&amp;usg=AOvVaw0Jvw6Ogix5hvsA7KyT2n3i\">#aquiproubullying<\/a>\u00a0<wbr \/>promou el benestar emocional de l\u2019alumnat, la implicaci\u00f3 individual i col\u00b7lectiva en la millora de la conviv\u00e8ncia, i la sensibilitzaci\u00f3 envers l\u2019assetjament escolar com a factors clau en la prevenci\u00f3. A banda, promou estrat\u00e8gies de detecci\u00f3 preventiva continuada, estructures de tipificaci\u00f3 i pautes en el proc\u00e9s d\u2019abordatge de situacions d\u2019assetjament i ciberassetjament escolar. Per tant, el #APB neix el curs 2024-25 amb la idea de ser un projecte en qu\u00e8 tota la comunitat educativa (alumnat, professorat, personal PAS i fam\u00edlies) \u00a0col\u00b7labori per tal que\u00a0<b>tothom se senti a gust en el centre escolar\u00a0<\/b>i\u00a0que aquest esdevingui\u00a0<b>un\u00a0espai segur i de respecte<\/b>. Aix\u00ed en el primer curs d&#8217;implementaci\u00f3 s&#8217;ha format el professorat i un equip impulsor, que ja ha esdevingut\u00a0<b>equip de refer\u00e8ncia,<\/b>\u00a0i actualment s&#8217;est\u00e0 treballant en el desenvolupament del projecte amb la\u00a0necess\u00e0ria implicaci\u00f3 de l&#8217;alumnat i de les fam\u00edlies.<\/p>\n<p>Actualment\u00a0estem treballant per organitzar:<\/p>\n<ul>\n<li><strong>Tallers i xerrades<\/strong>\u00a0amb entitats i associacions del poble i del territori (Creu Roja, Ajuntament de Tiana, Consell Comarcal, Biblioteca, visites d\u2019antics alumnes\u2026).<\/li>\n<li><strong>Participaci\u00f3 en dates clau i efem\u00e8rides<\/strong>\u00a0com el 2 de maig (Dia Mundial contra el Bullying).<\/li>\n<li><strong>Espais de debat i reflexi\u00f3<\/strong>\u00a0sobre temes que preocupen l\u2019alumnat i la comunitat educativa.<\/li>\n<li><strong>Debats per elaborar\u00a0propostes de millora per al centre educatiu<\/strong>, com per exemple, saber gestionar els conflictes.<\/li>\n<li><strong>Col\u00b7laboracions en actes i projectes externs<\/strong>, com les Jornades d&#8217;intercanvi d&#8217;experi\u00e8ncies organitzades per la\u00a0Direcci\u00f3 General d&#8217;Atenci\u00f3 a la Fam\u00edlia i Comunitat Educativa.<\/li>\n<li><strong>Activitats en xarxa amb el poble<\/strong>, aprofitant les iniciatives de l\u2019Ajuntament i altres agents locals: obres de teatre, formacions, tallers i actes comunitaris.<\/li>\n<\/ul>\n<p><strong>Per qu\u00e8 un programa com #aquiproubullying?<\/strong><\/p>\n<p>&#8211; Per establir\u00a0estrat\u00e8gies emmarcades en l&#8217;\u00e0mbit de la prevenci\u00f3 de l&#8217;assetjament escolar i altres tipus\u00a0de viol\u00e8ncies, com la prevenci\u00f3 i la sensibilitzaci\u00f3 envers l&#8217;assetjament escolar.<br \/>\n&#8211; Per sensibilitzar i implicar tota la comunitat escolar en la millora de la conviv\u00e8ncia i el comprom\u00eds amb el benestar com a eina clau per a l&#8217;\u00e8xit escolar.<br \/>\n&#8211; Per empoderar i implicar l&#8217;alumnat en el treball per la millora del benestar emocional propi i dels companys i companyes.<br \/>\n&#8211; Per concretar les accions i els mecanismes que es duran a terme per a la millora de la detecci\u00f3 preventiva continuada.<br \/>\n&#8211; Per establir criteris i canals per a una bona detecci\u00f3 per la soluci\u00f3 aprofundint en la tipificaci\u00f3 de casos per a una millor resoluci\u00f3 i una r\u00e0pida resposta educativa.<br \/>\n&#8211; Per dotar d&#8217;estrat\u00e8gies per a l&#8217;abordatge davant de l&#8217;alumnat implicat, els grups classe i les fam\u00edlies.<\/p>\n<div><\/div>\n","protected":false},"excerpt":{"rendered":"<p>L&#8217;Aquiproubullying \u00e9s un\u00a0projecte de centre\u00a0que forma part del\u00a0Pla de conviv\u00e8ncia de l\u2019Institut Tiana\u00a0i que treballa un dels v\u00e8rtexs m\u00e9s importants de la conviv\u00e8ncia al centre: l&#8217;<a href=\"https:\/\/xtec.gencat.cat\/ca\/centres\/projeducatiu\/convivencia\/aquiproubullying\/\" target=\"_blank\" rel=\"noopener\" data-saferedirecturl=\"https:\/\/www.google.com\/url?q=https:\/\/xtec.gencat.cat\/ca\/centres\/projeducatiu\/convivencia\/aquiproubullying\/&amp;source=gmail&amp;ust=1760517683007000&amp;usg=AOvVaw0Jvw6Ogix5hvsA7KyT2n3i\">assetjament escolar<\/a>.<br \/>\nEl Programa d\u2019innovaci\u00f3 pedag\u00f2gica\u00a0<a title=\"#aquiproubullying\" href=\"https:\/\/xtec.gencat.cat\/ca\/centres\/projeducatiu\/convivencia\/aquiproubullying\/\" target=\"_blank\" rel=\"noopener\" data-saferedirecturl=\"https:\/\/www.google.com\/url?q=https:\/\/xtec.gencat.cat\/ca\/centres\/projeducatiu\/convivencia\/aquiproubullying\/&amp;source=gmail&amp;ust=1760517683007000&amp;usg=AOvVaw0Jvw6Ogix5hvsA7KyT2n3i\">#aquiproubullying<\/a>\u00a0promou el benestar emocional de l\u2019alumnat, la&hellip;  <a href=\"https:\/\/agora.xtec.cat\/instiana\/projectes\/apb-stop-bullying\/\" title=\"Read #APB (Stop bullying)\">Llegeix m\u00e9s\u00bb<\/a><\/p>\n","protected":false},"author":1,"featured_media":0,"parent":579,"menu_order":5,"comment_status":"closed","ping_status":"closed","template":"","meta":{"_bbp_topic_count":0,"_bbp_reply_count":0,"_bbp_total_topic_count":0,"_bbp_total_reply_count":0,"_bbp_voice_count":0,"_bbp_anonymous_reply_count":0,"_bbp_topic_count_hidden":0,"_bbp_reply_count_hidden":0,"_bbp_forum_subforum_count":0,"footnotes":""},"class_list":["post-4056","page","type-page","status-publish","hentry"],"post_mailing_queue_ids":[],"_links":{"self":[{"href":"https:\/\/agora.xtec.cat\/instiana\/wp-json\/wp\/v2\/pages\/4056","targetHints":{"allow":["GET"]}}],"collection":[{"href":"https:\/\/agora.xtec.cat\/instiana\/wp-json\/wp\/v2\/pages"}],"about":[{"href":"https:\/\/agora.xtec.cat\/instiana\/wp-json\/wp\/v2\/types\/page"}],"author":[{"embeddable":true,"href":"https:\/\/agora.xtec.cat\/instiana\/wp-json\/wp\/v2\/users\/1"}],"replies":[{"embeddable":true,"href":"https:\/\/agora.xtec.cat\/instiana\/wp-json\/wp\/v2\/comments?post=4056"}],"version-history":[{"count":3,"href":"https:\/\/agora.xtec.cat\/instiana\/wp-json\/wp\/v2\/pages\/4056\/revisions"}],"predecessor-version":[{"id":4071,"href":"https:\/\/agora.xtec.cat\/instiana\/wp-json\/wp\/v2\/pages\/4056\/revisions\/4071"}],"up":[{"embeddable":true,"href":"https:\/\/agora.xtec.cat\/instiana\/wp-json\/wp\/v2\/pages\/579"}],"wp:attachment":[{"href":"https:\/\/agora.xtec.cat\/instiana\/wp-json\/wp\/v2\/media?parent=4056"}],"curies":[{"name":"wp","href":"https:\/\/api.w.org\/{rel}","templated":true}]}}