{"id":4043,"date":"2025-09-30T13:24:37","date_gmt":"2025-09-30T11:24:37","guid":{"rendered":"https:\/\/agora.xtec.cat\/instiana\/?page_id=4043"},"modified":"2025-09-30T13:24:37","modified_gmt":"2025-09-30T11:24:37","slug":"intercanvi-linguistic-tiana-copenhagen","status":"publish","type":"page","link":"https:\/\/agora.xtec.cat\/instiana\/projectes\/intercanvi-linguistic-tiana-copenhagen\/","title":{"rendered":"Intercanvi ling\u00fc\u00edstic Tiana-Copenhagen"},"content":{"rendered":"<p><span style=\"font-weight: 400;\">Aquest projecte, organitzat pel departament de lleng\u00fces estrangeres, selecciona cada curs un grup redu\u00eft d\u2019alumnat de <strong>1r de Batxillerat<\/strong> que tindr\u00e0 l\u2019oportunitat de participar en el programa d\u2019intercanvi amb l\u2019escola danesa <a href=\"https:\/\/www.ordrup-gym.dk\/\"><strong>Ordrup Gymnasium<\/strong><\/a> de Copenhagen.<\/span><\/p>\n<p><span style=\"font-weight: 400;\">Aquest programa consisteix a tenir una parella danesa que cursa llengua castellana com a llengua estrangera i consta de tres fases: activitats virtuals, acollida de la parella danesa a Tiana per part del seu hoste que inclour\u00e0 classes, activitats i visites a l\u2019institut Tiana i Barcelona i, finalment, viatge a Copenhagen amb allotjament a casa de la seva parella d\u2019intercanvi.<\/span><\/p>\n<p><span style=\"font-weight: 400;\">Durant els sis dies d\u2019estada a <strong>Copenhagen<\/strong>, el nostre alumnat podr\u00e0 descobrir els racons m\u00e9s emblem\u00e0tics d\u2019aquesta ciutat, aix\u00ed com assistir i participar en classes amb els seus companys ling\u00fc\u00edstics, compartint la vida acad\u00e8mica del centre amfitri\u00f3.\u00a0<\/span><\/p>\n<p><img loading=\"lazy\" decoding=\"async\" class=\"size-medium wp-image-4044 aligncenter\" src=\"https:\/\/agora.xtec.cat\/instiana\/wp-content\/uploads\/usu1968\/2025\/09\/copenhagen-300x225.jpeg\" alt=\"\" width=\"300\" height=\"225\" srcset=\"https:\/\/agora.xtec.cat\/instiana\/wp-content\/uploads\/usu1968\/2025\/09\/copenhagen-300x225.jpeg 300w, https:\/\/agora.xtec.cat\/instiana\/wp-content\/uploads\/usu1968\/2025\/09\/copenhagen-200x150.jpeg 200w, https:\/\/agora.xtec.cat\/instiana\/wp-content\/uploads\/usu1968\/2025\/09\/copenhagen.jpeg 516w\" sizes=\"auto, (max-width: 300px) 100vw, 300px\" \/><\/p>\n<p>&nbsp;<\/p>\n","protected":false},"excerpt":{"rendered":"<p>Aquest projecte, organitzat pel departament de lleng\u00fces estrangeres, selecciona cada curs un grup redu\u00eft d\u2019alumnat de 1r de Batxillerat que tindr\u00e0 l\u2019oportunitat de participar en el programa d\u2019intercanvi amb l\u2019escola danesa <a href=\"https:\/\/www.ordrup-gym.dk\/\">Ordrup Gymnasium<\/a> de Copenhagen.<br \/>\nAquest programa consisteix a tenir una parella danesa que cursa&hellip;  <a href=\"https:\/\/agora.xtec.cat\/instiana\/projectes\/intercanvi-linguistic-tiana-copenhagen\/\" title=\"Read Intercanvi ling\u00fc\u00edstic Tiana-Copenhagen\">Llegeix m\u00e9s\u00bb<\/a><\/p>\n","protected":false},"author":1,"featured_media":0,"parent":579,"menu_order":5,"comment_status":"closed","ping_status":"closed","template":"","meta":{"_bbp_topic_count":0,"_bbp_reply_count":0,"_bbp_total_topic_count":0,"_bbp_total_reply_count":0,"_bbp_voice_count":0,"_bbp_anonymous_reply_count":0,"_bbp_topic_count_hidden":0,"_bbp_reply_count_hidden":0,"_bbp_forum_subforum_count":0,"footnotes":""},"class_list":["post-4043","page","type-page","status-publish","hentry"],"post_mailing_queue_ids":[],"_links":{"self":[{"href":"https:\/\/agora.xtec.cat\/instiana\/wp-json\/wp\/v2\/pages\/4043","targetHints":{"allow":["GET"]}}],"collection":[{"href":"https:\/\/agora.xtec.cat\/instiana\/wp-json\/wp\/v2\/pages"}],"about":[{"href":"https:\/\/agora.xtec.cat\/instiana\/wp-json\/wp\/v2\/types\/page"}],"author":[{"embeddable":true,"href":"https:\/\/agora.xtec.cat\/instiana\/wp-json\/wp\/v2\/users\/1"}],"replies":[{"embeddable":true,"href":"https:\/\/agora.xtec.cat\/instiana\/wp-json\/wp\/v2\/comments?post=4043"}],"version-history":[{"count":1,"href":"https:\/\/agora.xtec.cat\/instiana\/wp-json\/wp\/v2\/pages\/4043\/revisions"}],"predecessor-version":[{"id":4045,"href":"https:\/\/agora.xtec.cat\/instiana\/wp-json\/wp\/v2\/pages\/4043\/revisions\/4045"}],"up":[{"embeddable":true,"href":"https:\/\/agora.xtec.cat\/instiana\/wp-json\/wp\/v2\/pages\/579"}],"wp:attachment":[{"href":"https:\/\/agora.xtec.cat\/instiana\/wp-json\/wp\/v2\/media?parent=4043"}],"curies":[{"name":"wp","href":"https:\/\/api.w.org\/{rel}","templated":true}]}}