{"id":4022,"date":"2025-09-24T19:25:13","date_gmt":"2025-09-24T17:25:13","guid":{"rendered":"https:\/\/agora.xtec.cat\/instiana\/?page_id=4022"},"modified":"2025-09-24T19:25:54","modified_gmt":"2025-09-24T17:25:54","slug":"fem-un-canvi","status":"publish","type":"page","link":"https:\/\/agora.xtec.cat\/instiana\/projectes\/fem-un-canvi\/","title":{"rendered":"Fem un canvi"},"content":{"rendered":"<p>El projecte\u00a0<strong>Fem un canvi<\/strong>\u00a0\u00e9s el programa d\u2019enriquiment anual de l\u2019Institut Tiana adre\u00e7at a l\u2019alumnat amb\u00a0<strong>Altes Capacitats Intel\u00b7lectuals (ACI)<\/strong>\u00a0i\u00a0<strong>alt rendiment acad\u00e8mic<\/strong>. T\u00e9 com a objectiu oferir una\u00a0<strong>educaci\u00f3 inclusiva, equitativa i de qualitat<\/strong>, d\u2019acord amb la normativa educativa de Catalunya.<\/p>\n<p>El projecte busca\u00a0<strong>afavorir el desenvolupament integral<\/strong>\u00a0dels alumnes, treballant tant les seves capacitats cognitives com les necessitats emocionals i socials. Alhora, fomenta la motivaci\u00f3, la creativitat, el pensament cr\u00edtic i la metacognici\u00f3.<\/p>\n<p>Per adaptar-se a les diferents etapes educatives, el programa s\u2019organitza en\u00a0<strong>dues l\u00ednies de treball<\/strong>:<\/p>\n<ul>\n<li><strong>1r i 2n d\u2019ESO<\/strong><\/li>\n<li><strong>3r i 4t d\u2019ESO<\/strong><\/li>\n<\/ul>\n<p>Les sessions es realitzen\u00a0<strong>setmanalment dins de l\u2019horari lectiu<\/strong>\u00a0(55 minuts), substituint una classe ordin\u00e0ria per garantir una atenci\u00f3 personalitzada i enriquidora.<\/p>\n<p>La\u00a0<strong>coordinaci\u00f3 entre l\u2019orientadora i el professorat responsable<\/strong>\u00a0assegura una planificaci\u00f3 acurada, un seguiment constant i l\u2019\u00e8xit del projecte. Amb aquesta iniciativa, l\u2019Institut Tiana reafirma el seu comprom\u00eds amb una educaci\u00f3 que\u00a0<strong>valora la diversitat i promou l\u2019excel\u00b7l\u00e8ncia acad\u00e8mica i personal<\/strong>.<\/p>\n<p><img loading=\"lazy\" decoding=\"async\" class=\"size-medium wp-image-4024 aligncenter\" src=\"https:\/\/agora.xtec.cat\/instiana\/wp-content\/uploads\/usu1968\/2025\/09\/1000036304-297x300.jpg\" alt=\"\" width=\"297\" height=\"300\" srcset=\"https:\/\/agora.xtec.cat\/instiana\/wp-content\/uploads\/usu1968\/2025\/09\/1000036304-297x300.jpg 297w, https:\/\/agora.xtec.cat\/instiana\/wp-content\/uploads\/usu1968\/2025\/09\/1000036304-768x775.jpg 768w, https:\/\/agora.xtec.cat\/instiana\/wp-content\/uploads\/usu1968\/2025\/09\/1000036304.jpg 958w\" sizes=\"auto, (max-width: 297px) 100vw, 297px\" \/><\/p>\n","protected":false},"excerpt":{"rendered":"<p>El projecte\u00a0Fem un canvi\u00a0\u00e9s el programa d\u2019enriquiment anual de l\u2019Institut Tiana adre\u00e7at a l\u2019alumnat amb\u00a0Altes Capacitats Intel\u00b7lectuals (ACI)\u00a0i\u00a0alt rendiment acad\u00e8mic. T\u00e9 com a objectiu oferir una\u00a0educaci\u00f3 inclusiva, equitativa i de qualitat, d\u2019acord amb la normativa educativa de Catalunya.<br \/>\nEl projecte busca\u00a0afavorir el desenvolupament integral\u00a0dels alumnes, treballant&hellip;  <a href=\"https:\/\/agora.xtec.cat\/instiana\/projectes\/fem-un-canvi\/\" title=\"Read Fem un canvi\">Llegeix m\u00e9s\u00bb<\/a><\/p>\n","protected":false},"author":1,"featured_media":0,"parent":579,"menu_order":2,"comment_status":"closed","ping_status":"closed","template":"","meta":{"_bbp_topic_count":0,"_bbp_reply_count":0,"_bbp_total_topic_count":0,"_bbp_total_reply_count":0,"_bbp_voice_count":0,"_bbp_anonymous_reply_count":0,"_bbp_topic_count_hidden":0,"_bbp_reply_count_hidden":0,"_bbp_forum_subforum_count":0,"footnotes":""},"class_list":["post-4022","page","type-page","status-publish","hentry"],"post_mailing_queue_ids":[],"_links":{"self":[{"href":"https:\/\/agora.xtec.cat\/instiana\/wp-json\/wp\/v2\/pages\/4022","targetHints":{"allow":["GET"]}}],"collection":[{"href":"https:\/\/agora.xtec.cat\/instiana\/wp-json\/wp\/v2\/pages"}],"about":[{"href":"https:\/\/agora.xtec.cat\/instiana\/wp-json\/wp\/v2\/types\/page"}],"author":[{"embeddable":true,"href":"https:\/\/agora.xtec.cat\/instiana\/wp-json\/wp\/v2\/users\/1"}],"replies":[{"embeddable":true,"href":"https:\/\/agora.xtec.cat\/instiana\/wp-json\/wp\/v2\/comments?post=4022"}],"version-history":[{"count":2,"href":"https:\/\/agora.xtec.cat\/instiana\/wp-json\/wp\/v2\/pages\/4022\/revisions"}],"predecessor-version":[{"id":4025,"href":"https:\/\/agora.xtec.cat\/instiana\/wp-json\/wp\/v2\/pages\/4022\/revisions\/4025"}],"up":[{"embeddable":true,"href":"https:\/\/agora.xtec.cat\/instiana\/wp-json\/wp\/v2\/pages\/579"}],"wp:attachment":[{"href":"https:\/\/agora.xtec.cat\/instiana\/wp-json\/wp\/v2\/media?parent=4022"}],"curies":[{"name":"wp","href":"https:\/\/api.w.org\/{rel}","templated":true}]}}