{"id":3886,"date":"2025-09-15T12:23:01","date_gmt":"2025-09-15T10:23:01","guid":{"rendered":"https:\/\/agora.xtec.cat\/instiana\/?page_id=3886"},"modified":"2025-09-15T12:50:32","modified_gmt":"2025-09-15T10:50:32","slug":"ajuts-i-beques","status":"publish","type":"page","link":"https:\/\/agora.xtec.cat\/instiana\/secretaria\/ajuts-i-beques\/","title":{"rendered":"Ajuts i Beques"},"content":{"rendered":"<p>A l\u2019Institut Tiana posem a disposici\u00f3 de l\u2019alumnat tota la informaci\u00f3 necess\u00e0ria sobre <strong data-start=\"240\" data-end=\"268\">ajuts econ\u00f2mics i beques<\/strong> disponibles, tant per facilitar l\u2019acc\u00e9s a l\u2019educaci\u00f3, com per garantir la igualtat d\u2019oportunitats.<\/p>\n<table style=\"width: 100%; border-collapse: collapse; border-style: solid; border-color: #000000;\">\n<tbody>\n<tr>\n<td style=\"width: 100%;\">\n<ul>\n<li><a href=\"http:\/\/educacio.gencat.cat\/ca\/tramits\/tramits-temes\/358-ajuts-ministerio-NEE\"><span style=\"font-weight: 400;\">Ajuts per a alumnes amb NEE (Necessitat Espec\u00edfica de Suport Educatiu).<\/span><\/a><\/li>\n<\/ul>\n<\/td>\n<\/tr>\n<tr>\n<td style=\"width: 100%;\">\n<ul>\n<li><a href=\"http:\/\/educacio.gencat.cat\/ca\/tramits\/tramits-temes\/247-beques-ministerio-postobligatoris?category=7449fd1c-a82c-11e3-a972-000c29052e2c\"><span style=\"font-weight: 400;\">Beques per a Ensenyaments post-obligatoris no universitaris.<\/span><\/a><\/li>\n<\/ul>\n<\/td>\n<\/tr>\n<\/tbody>\n<\/table>\n","protected":false},"excerpt":{"rendered":"<p>A l\u2019Institut Tiana posem a disposici\u00f3 de l\u2019alumnat tota la informaci\u00f3 necess\u00e0ria sobre ajuts econ\u00f2mics i beques disponibles, tant per facilitar l\u2019acc\u00e9s a l\u2019educaci\u00f3, com per garantir la igualtat d\u2019oportunitats.<\/p>\n<ul>\n<li><a href=\"http:\/\/educacio.gencat.cat\/ca\/tramits\/tramits-temes\/358-ajuts-ministerio-NEE\">Ajuts per a alumnes amb NEE (Necessitat Espec\u00edfica de Suport Educatiu).<\/a><\/li>\n<\/ul>\n<ul>\n<li><a href=\"http:\/\/educacio.gencat.cat\/ca\/tramits\/tramits-temes\/247-beques-ministerio-postobligatoris?category=7449fd1c-a82c-11e3-a972-000c29052e2c\">Beques per a Ensenyaments&hellip;  <a href=\"https:\/\/agora.xtec.cat\/instiana\/secretaria\/ajuts-i-beques\/\" title=\"Read Ajuts i Beques\">Llegeix m\u00e9s\u00bb<\/a><br \/>\n","protected":false},"author":1,"featured_media":0,"parent":81,"menu_order":2,"comment_status":"closed","ping_status":"closed","template":"","meta":{"_bbp_topic_count":0,"_bbp_reply_count":0,"_bbp_total_topic_count":0,"_bbp_total_reply_count":0,"_bbp_voice_count":0,"_bbp_anonymous_reply_count":0,"_bbp_topic_count_hidden":0,"_bbp_reply_count_hidden":0,"_bbp_forum_subforum_count":0,"footnotes":""},"class_list":["post-3886","page","type-page","status-publish","hentry"],"post_mailing_queue_ids":[],"_links":{"self":[{"href":"https:\/\/agora.xtec.cat\/instiana\/wp-json\/wp\/v2\/pages\/3886","targetHints":{"allow":["GET"]}}],"collection":[{"href":"https:\/\/agora.xtec.cat\/instiana\/wp-json\/wp\/v2\/pages"}],"about":[{"href":"https:\/\/agora.xtec.cat\/instiana\/wp-json\/wp\/v2\/types\/page"}],"author":[{"embeddable":true,"href":"https:\/\/agora.xtec.cat\/instiana\/wp-json\/wp\/v2\/users\/1"}],"replies":[{"embeddable":true,"href":"https:\/\/agora.xtec.cat\/instiana\/wp-json\/wp\/v2\/comments?post=3886"}],"version-history":[{"count":2,"href":"https:\/\/agora.xtec.cat\/instiana\/wp-json\/wp\/v2\/pages\/3886\/revisions"}],"predecessor-version":[{"id":3893,"href":"https:\/\/agora.xtec.cat\/instiana\/wp-json\/wp\/v2\/pages\/3886\/revisions\/3893"}],"up":[{"embeddable":true,"href":"https:\/\/agora.xtec.cat\/instiana\/wp-json\/wp\/v2\/pages\/81"}],"wp:attachment":[{"href":"https:\/\/agora.xtec.cat\/instiana\/wp-json\/wp\/v2\/media?parent=3886"}],"curies":[{"name":"wp","href":"https:\/\/api.w.org\/{rel}","templated":true}]}}