{"id":3875,"date":"2025-09-15T11:15:24","date_gmt":"2025-09-15T09:15:24","guid":{"rendered":"https:\/\/agora.xtec.cat\/instiana\/?page_id=3875"},"modified":"2025-09-15T11:23:03","modified_gmt":"2025-09-15T09:23:03","slug":"sollicitud-de-titol-academic","status":"publish","type":"page","link":"https:\/\/agora.xtec.cat\/instiana\/secretaria\/tramits\/sollicitud-de-titol-academic\/","title":{"rendered":"Sol\u00b7licitud de t\u00edtol acad\u00e8mic"},"content":{"rendered":"<p style=\"text-align: left;\"><span style=\"text-decoration: underline;\"><strong>T\u00edtol de l&#8217;ESO<\/strong><\/span><\/p>\n<p><span style=\"font-weight: 400;\">Els t\u00edtols que se sol\u00b7liciten per primera vegada, els gestiona el centre d\u2019ofici.<\/span><\/p>\n<p>Un cop l\u2019alumne\/a hagi recollit el t\u00edtol, pot sol\u00b7licitar un <strong>duplicat<\/strong> o <strong>actualitzaci\u00f3<\/strong> del t\u00edtol que es trobi en estat \u201cLliurat a l\u2019alumne\u201d de manera <strong>telem\u00e0tica<\/strong>.<\/p>\n<ul>\n<li>Instruccions per sol\u00b7licitar un duplicat o actualitzaci\u00f3 del t\u00edtol de l&#8217;ESO:<\/li>\n<\/ul>\n<p style=\"text-align: center;\"><a href=\"https:\/\/agora.xtec.cat\/instiana\/wp-content\/uploads\/usu1968\/2025\/09\/Instruccions-aplicacio-GESO.pdf\">Guia: Instruccions-aplicacio\u0301 GESO<\/a><\/p>\n<p><strong>\u00a0<span style=\"text-decoration: underline;\">T\u00edtol de Batxillerat<\/span><\/strong><\/p>\n<p>At\u00e8s que aquests t\u00edtols corresponen a ensenyaments no obligatoris, la seva tramitaci\u00f3 no \u00e9s d\u2019ofici, sin\u00f3 que \u00e9s el propi alumne\/a qui ha de fer la sol\u00b7licitud de manera telem\u00e0tica.<\/p>\n<ul>\n<li>Instruccions per sol\u00b7licitar un t\u00edtol per primera vegada, un duplicat o una actualitzaci\u00f3 del t\u00edtol ja expedit:<\/li>\n<\/ul>\n<p style=\"text-align: center;\"><a href=\"https:\/\/agora.xtec.cat\/instiana\/wp-content\/uploads\/usu1968\/2025\/09\/Instruccions-aplicacio-BATX.pdf\">Guia: Instruccions-aplicacio\u0301 BATXILLERAT<\/a><\/p>\n<p>&nbsp;<\/p>\n","protected":false},"excerpt":{"rendered":"<p>T\u00edtol de l&#8217;ESO<br \/>\nEls t\u00edtols que se sol\u00b7liciten per primera vegada, els gestiona el centre d\u2019ofici.<br \/>\nUn cop l\u2019alumne\/a hagi recollit el t\u00edtol, pot sol\u00b7licitar un duplicat o actualitzaci\u00f3 del t\u00edtol que es trobi en estat \u201cLliurat a l\u2019alumne\u201d de manera telem\u00e0tica.<\/p>\n<ul>\n<li>Instruccions per sol\u00b7licitar un duplicat o&hellip;  <a href=\"https:\/\/agora.xtec.cat\/instiana\/secretaria\/tramits\/sollicitud-de-titol-academic\/\" title=\"Read Sol\u00b7licitud de t\u00edtol acad\u00e8mic\">Llegeix m\u00e9s\u00bb<\/a><br \/>\n","protected":false},"author":1,"featured_media":0,"parent":3867,"menu_order":0,"comment_status":"closed","ping_status":"closed","template":"","meta":{"_bbp_topic_count":0,"_bbp_reply_count":0,"_bbp_total_topic_count":0,"_bbp_total_reply_count":0,"_bbp_voice_count":0,"_bbp_anonymous_reply_count":0,"_bbp_topic_count_hidden":0,"_bbp_reply_count_hidden":0,"_bbp_forum_subforum_count":0,"footnotes":""},"class_list":["post-3875","page","type-page","status-publish","hentry"],"post_mailing_queue_ids":[],"_links":{"self":[{"href":"https:\/\/agora.xtec.cat\/instiana\/wp-json\/wp\/v2\/pages\/3875","targetHints":{"allow":["GET"]}}],"collection":[{"href":"https:\/\/agora.xtec.cat\/instiana\/wp-json\/wp\/v2\/pages"}],"about":[{"href":"https:\/\/agora.xtec.cat\/instiana\/wp-json\/wp\/v2\/types\/page"}],"author":[{"embeddable":true,"href":"https:\/\/agora.xtec.cat\/instiana\/wp-json\/wp\/v2\/users\/1"}],"replies":[{"embeddable":true,"href":"https:\/\/agora.xtec.cat\/instiana\/wp-json\/wp\/v2\/comments?post=3875"}],"version-history":[{"count":3,"href":"https:\/\/agora.xtec.cat\/instiana\/wp-json\/wp\/v2\/pages\/3875\/revisions"}],"predecessor-version":[{"id":3881,"href":"https:\/\/agora.xtec.cat\/instiana\/wp-json\/wp\/v2\/pages\/3875\/revisions\/3881"}],"up":[{"embeddable":true,"href":"https:\/\/agora.xtec.cat\/instiana\/wp-json\/wp\/v2\/pages\/3867"}],"wp:attachment":[{"href":"https:\/\/agora.xtec.cat\/instiana\/wp-json\/wp\/v2\/media?parent=3875"}],"curies":[{"name":"wp","href":"https:\/\/api.w.org\/{rel}","templated":true}]}}