{"id":3867,"date":"2025-09-15T11:00:45","date_gmt":"2025-09-15T09:00:45","guid":{"rendered":"https:\/\/agora.xtec.cat\/instiana\/?page_id=3867"},"modified":"2025-09-24T11:43:45","modified_gmt":"2025-09-24T09:43:45","slug":"tramits","status":"publish","type":"page","link":"https:\/\/agora.xtec.cat\/instiana\/secretaria\/tramits\/","title":{"rendered":"Tr\u00e0mits"},"content":{"rendered":"<p>A continuaci\u00f3 trobareu informaci\u00f3 sobre com sol\u00b7licitar t\u00edtols acad\u00e8mics i certificats, aix\u00ed com duplicats o actualitzacions. Hem organitzat els tr\u00e0mits per tipus per facilitar-ne la consulta.<\/p>\n<table style=\"height: 134px; width: 100%; border-collapse: collapse; border-color: #000000; border-style: solid;\">\n<tbody>\n<tr style=\"height: 38px;\">\n<td style=\"width: 100%; height: 38px;\">\n<ul>\n<li><span style=\"font-weight: 400;\"><a href=\"https:\/\/agora.xtec.cat\/instiana\/sollicitud-de-certificat-dequivalencia-de-catala-b2-c1-2\/\">Sol\u00b7licitud de certificat d\u2019equival\u00e8ncia de catal\u00e0 (B2-C1)<\/a>.<\/span><\/li>\n<\/ul>\n<\/td>\n<\/tr>\n<tr style=\"height: 32px;\">\n<td style=\"width: 100%; height: 32px;\">\n<ul>\n<li><span style=\"font-weight: 400;\"><a href=\"https:\/\/agora.xtec.cat\/instiana\/tramits\/sollicitud-de-titol-academic\/\">Sol\u00b7licitud de t\u00edtol acad\u00e8mic<\/a>.<\/span><\/li>\n<\/ul>\n<\/td>\n<\/tr>\n<tr style=\"height: 32px;\">\n<td style=\"width: 100%; height: 32px;\">\n<ul>\n<li><span style=\"font-weight: 400;\"><a href=\"https:\/\/agora.xtec.cat\/instiana\/wp-content\/uploads\/usu1968\/2025\/09\/Sollicitud-Baixa-oficial.pdf\">Sol\u00b7licitud de baixa o per trasllat.<\/a><\/span><\/li>\n<\/ul>\n<\/td>\n<\/tr>\n<tr style=\"height: 32px;\">\n<td style=\"width: 100%; height: 32px;\">\n<ul>\n<li><a href=\"https:\/\/agora.xtec.cat\/instiana\/wp-content\/uploads\/usu1968\/2025\/09\/Model-autoritzacio.pdf\">Model autoritzacio\u0301<\/a>.<\/li>\n<\/ul>\n<\/td>\n<\/tr>\n<\/tbody>\n<\/table>\n","protected":false},"excerpt":{"rendered":"<p>A continuaci\u00f3 trobareu informaci\u00f3 sobre com sol\u00b7licitar t\u00edtols acad\u00e8mics i certificats, aix\u00ed com duplicats o actualitzacions. Hem organitzat els tr\u00e0mits per tipus per facilitar-ne la consulta.<\/p>\n<ul>\n<li><a href=\"https:\/\/agora.xtec.cat\/instiana\/sollicitud-de-certificat-dequivalencia-de-catala-b2-c1-2\/\">Sol\u00b7licitud de certificat d\u2019equival\u00e8ncia de catal\u00e0 (B2-C1)<\/a>.<\/li>\n<\/ul>\n<ul>\n<li><a href=\"https:\/\/agora.xtec.cat\/instiana\/tramits\/sollicitud-de-titol-academic\/\">Sol\u00b7licitud de t\u00edtol acad\u00e8mic<\/a>.<\/li>\n<\/ul>\n<ul>\n<li><a href=\"https:\/\/agora.xtec.cat\/instiana\/wp-content\/uploads\/usu1968\/2025\/09\/Sollicitud-Baixa-oficial.pdf\">Sol\u00b7licitud de baixa o per trasllat.<\/a><\/li>\n<\/ul>\n<ul>\n<li><a href=\"https:\/\/agora.xtec.cat\/instiana\/wp-content\/uploads\/usu1968\/2025\/09\/Model-autoritzacio.pdf\">Model autoritzacio\u0301<\/a>.<\/li>\n<\/ul>\n","protected":false},"author":1,"featured_media":0,"parent":81,"menu_order":1,"comment_status":"closed","ping_status":"closed","template":"page-templates\/side-menu.php","meta":{"_bbp_topic_count":0,"_bbp_reply_count":0,"_bbp_total_topic_count":0,"_bbp_total_reply_count":0,"_bbp_voice_count":0,"_bbp_anonymous_reply_count":0,"_bbp_topic_count_hidden":0,"_bbp_reply_count_hidden":0,"_bbp_forum_subforum_count":0,"footnotes":""},"class_list":["post-3867","page","type-page","status-publish","hentry"],"post_mailing_queue_ids":[],"_links":{"self":[{"href":"https:\/\/agora.xtec.cat\/instiana\/wp-json\/wp\/v2\/pages\/3867","targetHints":{"allow":["GET"]}}],"collection":[{"href":"https:\/\/agora.xtec.cat\/instiana\/wp-json\/wp\/v2\/pages"}],"about":[{"href":"https:\/\/agora.xtec.cat\/instiana\/wp-json\/wp\/v2\/types\/page"}],"author":[{"embeddable":true,"href":"https:\/\/agora.xtec.cat\/instiana\/wp-json\/wp\/v2\/users\/1"}],"replies":[{"embeddable":true,"href":"https:\/\/agora.xtec.cat\/instiana\/wp-json\/wp\/v2\/comments?post=3867"}],"version-history":[{"count":6,"href":"https:\/\/agora.xtec.cat\/instiana\/wp-json\/wp\/v2\/pages\/3867\/revisions"}],"predecessor-version":[{"id":4010,"href":"https:\/\/agora.xtec.cat\/instiana\/wp-json\/wp\/v2\/pages\/3867\/revisions\/4010"}],"up":[{"embeddable":true,"href":"https:\/\/agora.xtec.cat\/instiana\/wp-json\/wp\/v2\/pages\/81"}],"wp:attachment":[{"href":"https:\/\/agora.xtec.cat\/instiana\/wp-json\/wp\/v2\/media?parent=3867"}],"curies":[{"name":"wp","href":"https:\/\/api.w.org\/{rel}","templated":true}]}}