{"id":3675,"date":"2024-10-25T18:41:33","date_gmt":"2024-10-25T16:41:33","guid":{"rendered":"https:\/\/agora.xtec.cat\/instiana\/?page_id=3675"},"modified":"2025-09-24T19:15:19","modified_gmt":"2025-09-24T17:15:19","slug":"bustia","status":"publish","type":"page","link":"https:\/\/agora.xtec.cat\/instiana\/projectes\/tiana-lectora\/bustia\/","title":{"rendered":"B\u00fastia de den\u00fancia i suport"},"content":{"rendered":"<p>Des del projecte\u00a0<em>#Aqu\u00edProuBullying<\/em>\u00a0i\u00a0<em>Punt Lila<\/em>, hem creat una b\u00fastia perqu\u00e8 l&#8217;alumnat pugui informar al professorat sobre situacions d&#8217;assetjament o altres q\u00fcestions. Aix\u00ed doncs, l&#8217;institut posa a disposici\u00f3 de l&#8217;alumnat i del personal la <strong>b\u00fastia de den\u00fancia i suport<\/strong>, una eina confidencial, per informar de qualsevol comportament inadequat dins del centre (discriminaci\u00f3, situacions d&#8217;assetjament, ab\u00fas, etc.).<\/p>\n<h5><span style=\"color: #800080;\"><strong>Com utilitzar-la?<\/strong><\/span><\/h5>\n<ol>\n<li><b>Escriu la teva den\u00fancia<\/b> o<b> preocupaci\u00f3 en aquest <\/b><span style=\"color: #800080;\"><strong><a style=\"color: #800080;\" href=\"https:\/\/docs.google.com\/forms\/d\/e\/1FAIpQLScLex6J24E-dzlmG0jDpUY8a7NwQ-i9fAgYgo5N1_t_QWcK6Q\/viewform\">formulari.<\/a><\/strong><\/span><\/li>\n<li>Indica si vols fer-la de\u00a0<b>forma an\u00f2nima <\/b>o<b> amb les teves dades<\/b>\u00a0per un seguiment personalitzat.<\/li>\n<\/ol>\n<p>L\u2019equip de suport revisar\u00e0 totes les comunicacions per ajudar a garantir un entorn segur per a tothom.<\/p>\n","protected":false},"excerpt":{"rendered":"<p>Des del projecte\u00a0#Aqu\u00edProuBullying\u00a0i\u00a0Punt Lila, hem creat una b\u00fastia perqu\u00e8 l&#8217;alumnat pugui informar al professorat sobre situacions d&#8217;assetjament o altres q\u00fcestions. Aix\u00ed doncs, l&#8217;institut posa a disposici\u00f3 de l&#8217;alumnat i del personal la b\u00fastia de den\u00fancia i suport, una eina confidencial, per informar de qualsevol comportament&hellip;  <a href=\"https:\/\/agora.xtec.cat\/instiana\/projectes\/tiana-lectora\/bustia\/\" title=\"Read B\u00fastia de den\u00fancia i suport\">Llegeix m\u00e9s\u00bb<\/a><\/p>\n","protected":false},"author":1,"featured_media":0,"parent":592,"menu_order":1,"comment_status":"closed","ping_status":"closed","template":"","meta":{"_bbp_topic_count":0,"_bbp_reply_count":0,"_bbp_total_topic_count":0,"_bbp_total_reply_count":0,"_bbp_voice_count":0,"_bbp_anonymous_reply_count":0,"_bbp_topic_count_hidden":0,"_bbp_reply_count_hidden":0,"_bbp_forum_subforum_count":0,"footnotes":""},"class_list":["post-3675","page","type-page","status-publish","hentry"],"post_mailing_queue_ids":[],"_links":{"self":[{"href":"https:\/\/agora.xtec.cat\/instiana\/wp-json\/wp\/v2\/pages\/3675","targetHints":{"allow":["GET"]}}],"collection":[{"href":"https:\/\/agora.xtec.cat\/instiana\/wp-json\/wp\/v2\/pages"}],"about":[{"href":"https:\/\/agora.xtec.cat\/instiana\/wp-json\/wp\/v2\/types\/page"}],"author":[{"embeddable":true,"href":"https:\/\/agora.xtec.cat\/instiana\/wp-json\/wp\/v2\/users\/1"}],"replies":[{"embeddable":true,"href":"https:\/\/agora.xtec.cat\/instiana\/wp-json\/wp\/v2\/comments?post=3675"}],"version-history":[{"count":3,"href":"https:\/\/agora.xtec.cat\/instiana\/wp-json\/wp\/v2\/pages\/3675\/revisions"}],"predecessor-version":[{"id":3681,"href":"https:\/\/agora.xtec.cat\/instiana\/wp-json\/wp\/v2\/pages\/3675\/revisions\/3681"}],"up":[{"embeddable":true,"href":"https:\/\/agora.xtec.cat\/instiana\/wp-json\/wp\/v2\/pages\/592"}],"wp:attachment":[{"href":"https:\/\/agora.xtec.cat\/instiana\/wp-json\/wp\/v2\/media?parent=3675"}],"curies":[{"name":"wp","href":"https:\/\/api.w.org\/{rel}","templated":true}]}}