{"id":3034,"date":"2023-09-22T10:45:57","date_gmt":"2023-09-22T08:45:57","guid":{"rendered":"https:\/\/agora.xtec.cat\/instiana\/?page_id=3034"},"modified":"2024-10-07T13:57:06","modified_gmt":"2024-10-07T11:57:06","slug":"dispositius-digitals","status":"publish","type":"page","link":"https:\/\/agora.xtec.cat\/instiana\/linstitut\/dispositius-digitals\/","title":{"rendered":"Dispositius digitals"},"content":{"rendered":"<p>Informaci\u00f3 relativa als dispositius que es fan servir en el centre educatiu.<\/p>\n<p>En cas de <strong>p\u00e8rdua, robatori, trencament o mal funcionament del dispositiu<\/strong>, cal posar-se en contacte amb coordinaci\u00f3 inform\u00e0tica\u00a0a trav\u00e9s del formulari\u00a0<a href=\"https:\/\/docs.google.com\/forms\/d\/1r_1WC6i72RwKr_W5hhVPJUL33-vgKI5-b2baQFovuD8\/edit?pli=1&amp;pli=1&amp;edit_requested=true#settings\" target=\"_blank\" rel=\"noopener\" data-saferedirecturl=\"https:\/\/www.google.com\/url?q=https:\/\/docs.google.com\/forms\/d\/1r_1WC6i72RwKr_W5hhVPJUL33-vgKI5-b2baQFovuD8\/edit?pli%3D1%26pli%3D1%26edit_requested%3Dtrue%23settings&amp;source=gmail&amp;ust=1728123924990000&amp;usg=AOvVaw24Mb12RV0ZZGT-aXoby3MS\">Notificaci\u00f3 d&#8217;incid\u00e8ncies amb els iPads<\/a>.<\/p>\n<p>Us recordem en cas de <strong>robatori<\/strong>, per tal de poder activar l&#8217;asseguran\u00e7a del dispositiu, \u00e9s imprescindible aportar la den\u00fancia policial corresponent.<\/p>\n<div>\n<ul>\n<li><a href=\"https:\/\/agora.xtec.cat\/instiana\/wp-content\/uploads\/usu1968\/2023\/09\/Iberent-SeguroMultiriesgo_CCGG.pdf\" target=\"_blank\" rel=\"noopener\" data-saferedirecturl=\"https:\/\/www.google.com\/url?q=https:\/\/agora.xtec.cat\/instiana\/wp-content\/uploads\/usu1968\/2023\/09\/Iberent-SeguroMultiriesgo_CCGG.pdf&amp;source=gmail&amp;ust=1728123924990000&amp;usg=AOvVaw1svI9K59zqa1DMsbhe0m-_\">Asseguran\u00e7a iPads<\/a><\/li>\n<li><a href=\"https:\/\/docs.google.com\/forms\/d\/1r_1WC6i72RwKr_W5hhVPJUL33-vgKI5-b2baQFovuD8\/edit?pli=1&amp;pli=1&amp;edit_requested=true#settings\" target=\"_blank\" rel=\"noopener\" data-saferedirecturl=\"https:\/\/www.google.com\/url?q=https:\/\/docs.google.com\/forms\/d\/1r_1WC6i72RwKr_W5hhVPJUL33-vgKI5-b2baQFovuD8\/edit?pli%3D1%26pli%3D1%26edit_requested%3Dtrue%23settings&amp;source=gmail&amp;ust=1728123924990000&amp;usg=AOvVaw24Mb12RV0ZZGT-aXoby3MS\">Notificaci\u00f3 d&#8217;incid\u00e8ncies amb els iPads<\/a><\/li>\n<\/ul>\n<\/div>\n","protected":false},"excerpt":{"rendered":"<p>Informaci\u00f3 relativa als dispositius que es fan servir en el centre educatiu.<br \/>\nEn cas de p\u00e8rdua, robatori, trencament o mal funcionament del dispositiu, cal posar-se en contacte amb coordinaci\u00f3 inform\u00e0tica\u00a0a trav\u00e9s del formulari\u00a0<a href=\"https:\/\/docs.google.com\/forms\/d\/1r_1WC6i72RwKr_W5hhVPJUL33-vgKI5-b2baQFovuD8\/edit?pli=1&amp;pli=1&amp;edit_requested=true#settings\" target=\"_blank\" rel=\"noopener\" data-saferedirecturl=\"https:\/\/www.google.com\/url?q=https:\/\/docs.google.com\/forms\/d\/1r_1WC6i72RwKr_W5hhVPJUL33-vgKI5-b2baQFovuD8\/edit?pli%3D1%26pli%3D1%26edit_requested%3Dtrue%23settings&amp;source=gmail&amp;ust=1728123924990000&amp;usg=AOvVaw24Mb12RV0ZZGT-aXoby3MS\">Notificaci\u00f3 d&#8217;incid\u00e8ncies amb els iPads<\/a>.<br \/>\nUs recordem en cas de robatori,&hellip;  <a href=\"https:\/\/agora.xtec.cat\/instiana\/linstitut\/dispositius-digitals\/\" title=\"Read Dispositius digitals\">Llegeix m\u00e9s\u00bb<\/a><\/p>\n","protected":false},"author":1,"featured_media":0,"parent":19,"menu_order":6,"comment_status":"closed","ping_status":"closed","template":"","meta":{"_bbp_topic_count":0,"_bbp_reply_count":0,"_bbp_total_topic_count":0,"_bbp_total_reply_count":0,"_bbp_voice_count":0,"_bbp_anonymous_reply_count":0,"_bbp_topic_count_hidden":0,"_bbp_reply_count_hidden":0,"_bbp_forum_subforum_count":0,"footnotes":""},"class_list":["post-3034","page","type-page","status-publish","hentry"],"post_mailing_queue_ids":[],"_links":{"self":[{"href":"https:\/\/agora.xtec.cat\/instiana\/wp-json\/wp\/v2\/pages\/3034","targetHints":{"allow":["GET"]}}],"collection":[{"href":"https:\/\/agora.xtec.cat\/instiana\/wp-json\/wp\/v2\/pages"}],"about":[{"href":"https:\/\/agora.xtec.cat\/instiana\/wp-json\/wp\/v2\/types\/page"}],"author":[{"embeddable":true,"href":"https:\/\/agora.xtec.cat\/instiana\/wp-json\/wp\/v2\/users\/1"}],"replies":[{"embeddable":true,"href":"https:\/\/agora.xtec.cat\/instiana\/wp-json\/wp\/v2\/comments?post=3034"}],"version-history":[{"count":4,"href":"https:\/\/agora.xtec.cat\/instiana\/wp-json\/wp\/v2\/pages\/3034\/revisions"}],"predecessor-version":[{"id":3674,"href":"https:\/\/agora.xtec.cat\/instiana\/wp-json\/wp\/v2\/pages\/3034\/revisions\/3674"}],"up":[{"embeddable":true,"href":"https:\/\/agora.xtec.cat\/instiana\/wp-json\/wp\/v2\/pages\/19"}],"wp:attachment":[{"href":"https:\/\/agora.xtec.cat\/instiana\/wp-json\/wp\/v2\/media?parent=3034"}],"curies":[{"name":"wp","href":"https:\/\/api.w.org\/{rel}","templated":true}]}}