{"id":2810,"date":"2023-01-26T10:44:14","date_gmt":"2023-01-26T09:44:14","guid":{"rendered":"https:\/\/agora.xtec.cat\/instiana\/?page_id=2810"},"modified":"2025-03-28T11:06:36","modified_gmt":"2025-03-28T10:06:36","slug":"2n-batxillerat-humanitats-i-ciencies-socials","status":"publish","type":"page","link":"https:\/\/agora.xtec.cat\/instiana\/estudis\/batxillerat\/batxillerat-dhumanitats-i-ciencies-socials\/2n-batxillerat-humanitats-i-ciencies-socials\/","title":{"rendered":"2n Batxillerat humanitats i ci\u00e8ncies socials"},"content":{"rendered":"<p>En la modalitat d&#8217;humanitats i ci\u00e8ncies socials, hi ha les <a href=\"https:\/\/agora.xtec.cat\/instiana\/estudis\/batxillerat\/\">mat\u00e8ries comunes<\/a> i les mat\u00e8ries comunes d&#8217;opci\u00f3 que s\u00f3n\u00a0 <strong>Matem\u00e0tiques aplicades a les Ci\u00e8ncies Socials o Llat\u00ed<\/strong>.<\/p>\n<p>En la part diversificada, l&#8217;alumnat ha de cursar tres o quatre mat\u00e8ries de modalitat, una d&#8217;aquestes la d&#8217;opci\u00f3 obligat\u00f2ria. Si n&#8217;ha cursat nom\u00e9s tres, per completar el curr\u00edculum, l&#8217;alumnat pot triar una mat\u00e8ria d&#8217;una altra modalitat o b\u00e9 dues mat\u00e8ries espec\u00edfiques.<\/p>\n<table style=\"width: 100.811%;\">\n<tbody>\n<tr>\n<td style=\"width: 14.1465%; text-align: center;\">Modalitat\/Mat\u00e8ria<\/td>\n<td style=\"width: 21.4761%; text-align: center;\">Comuna d&#8217;opci\u00f3<\/td>\n<td style=\"width: 18.9039%; text-align: center;\">Modalitat<\/td>\n<td style=\"width: 19.6186%; text-align: center;\">Modalitat<\/td>\n<td style=\"width: 18.4115%; text-align: center;\">Especialitat (o modalitat)<\/td>\n<\/tr>\n<tr>\n<td style=\"width: 14.1465%; text-align: center;\">Ci\u00e8ncies Socials<\/td>\n<td style=\"text-align: center; width: 21.4761%;\">Matem\u00e0tiques aplicades a les ci\u00e8ncies socials II<\/td>\n<td style=\"width: 18.9039%;\">\n<p style=\"text-align: center;\">Funcionament de l&#8217;empresa i disseny de models de negoci<\/p>\n<\/td>\n<td style=\"width: 19.6186%;\">\n<p style=\"text-align: center;\">Geografia<\/p>\n<\/td>\n<td style=\"width: 18.4115%;\">\n<p style=\"text-align: center;\">Hist\u00f2ria de l&#8217;Art<\/p>\n<\/td>\n<\/tr>\n<tr>\n<td style=\"width: 14.1465%; text-align: center;\">Humanitats<\/td>\n<td style=\"text-align: center; width: 21.4761%;\">Llengua i Cultura Llatines II<\/td>\n<td style=\"width: 18.9039%;\">\n<p style=\"text-align: center;\">Llengua i Cultura Gregues II<\/p>\n<\/td>\n<td style=\"width: 19.6186%;\">\n<p style=\"text-align: center;\">Literatura castellana<\/p>\n<\/td>\n<td style=\"width: 18.4115%;\">\n<p style=\"text-align: center;\">Literatura catalana<\/p>\n<\/td>\n<\/tr>\n<\/tbody>\n<\/table>\n<p>&nbsp;<\/p>\n","protected":false},"excerpt":{"rendered":"<p>En la modalitat d&#8217;humanitats i ci\u00e8ncies socials, hi ha les <a href=\"https:\/\/agora.xtec.cat\/instiana\/estudis\/batxillerat\/\">mat\u00e8ries comunes<\/a> i les mat\u00e8ries comunes d&#8217;opci\u00f3 que s\u00f3n\u00a0 Matem\u00e0tiques aplicades a les Ci\u00e8ncies Socials o Llat\u00ed.<br \/>\nEn la part diversificada, l&#8217;alumnat ha de cursar tres o quatre mat\u00e8ries de modalitat, una d&#8217;aquestes la d&#8217;opci\u00f3&hellip;  <a href=\"https:\/\/agora.xtec.cat\/instiana\/estudis\/batxillerat\/batxillerat-dhumanitats-i-ciencies-socials\/2n-batxillerat-humanitats-i-ciencies-socials\/\" title=\"Read 2n Batxillerat humanitats i ci\u00e8ncies socials\">Llegeix m\u00e9s\u00bb<\/a><\/p>\n","protected":false},"author":1,"featured_media":0,"parent":1697,"menu_order":0,"comment_status":"closed","ping_status":"closed","template":"","meta":{"_bbp_topic_count":0,"_bbp_reply_count":0,"_bbp_total_topic_count":0,"_bbp_total_reply_count":0,"_bbp_voice_count":0,"_bbp_anonymous_reply_count":0,"_bbp_topic_count_hidden":0,"_bbp_reply_count_hidden":0,"_bbp_forum_subforum_count":0,"footnotes":""},"class_list":["post-2810","page","type-page","status-publish","hentry"],"post_mailing_queue_ids":[],"_links":{"self":[{"href":"https:\/\/agora.xtec.cat\/instiana\/wp-json\/wp\/v2\/pages\/2810","targetHints":{"allow":["GET"]}}],"collection":[{"href":"https:\/\/agora.xtec.cat\/instiana\/wp-json\/wp\/v2\/pages"}],"about":[{"href":"https:\/\/agora.xtec.cat\/instiana\/wp-json\/wp\/v2\/types\/page"}],"author":[{"embeddable":true,"href":"https:\/\/agora.xtec.cat\/instiana\/wp-json\/wp\/v2\/users\/1"}],"replies":[{"embeddable":true,"href":"https:\/\/agora.xtec.cat\/instiana\/wp-json\/wp\/v2\/comments?post=2810"}],"version-history":[{"count":5,"href":"https:\/\/agora.xtec.cat\/instiana\/wp-json\/wp\/v2\/pages\/2810\/revisions"}],"predecessor-version":[{"id":3728,"href":"https:\/\/agora.xtec.cat\/instiana\/wp-json\/wp\/v2\/pages\/2810\/revisions\/3728"}],"up":[{"embeddable":true,"href":"https:\/\/agora.xtec.cat\/instiana\/wp-json\/wp\/v2\/pages\/1697"}],"wp:attachment":[{"href":"https:\/\/agora.xtec.cat\/instiana\/wp-json\/wp\/v2\/media?parent=2810"}],"curies":[{"name":"wp","href":"https:\/\/api.w.org\/{rel}","templated":true}]}}