{"id":2799,"date":"2023-01-26T10:12:09","date_gmt":"2023-01-26T09:12:09","guid":{"rendered":"https:\/\/agora.xtec.cat\/instiana\/?page_id=2799"},"modified":"2025-03-28T11:03:10","modified_gmt":"2025-03-28T10:03:10","slug":"2n-batxillerat-cientific-tecnologic","status":"publish","type":"page","link":"https:\/\/agora.xtec.cat\/instiana\/estudis\/batxillerat\/batxillerat-de-ciencies-i-tecnologia\/2n-batxillerat-cientific-tecnologic\/","title":{"rendered":"2n Batxillerat cient\u00edfic-tecnol\u00f2gic"},"content":{"rendered":"<p>En la modalitat de ci\u00e8ncies i tecnologia, hi ha les <a href=\"https:\/\/agora.xtec.cat\/instiana\/estudis\/batxillerat\/\">mat\u00e8ries comunes<\/a> i la mat\u00e8ria comuna d&#8217;opci\u00f3 que \u00e9s <strong>Matem\u00e0tiques<\/strong>.<\/p>\n<p>En la part diversificada, l&#8217;alumnat ha de cursar tres o quatre mat\u00e8ries de modalitat, una d&#8217;aquestes: la d&#8217;opci\u00f3 obligat\u00f2ria. Si n&#8217;ha cursat nom\u00e9s tres, per completar el curr\u00edculum, l&#8217;alumnat pot triar una mat\u00e8ria d&#8217;una altra modalitat o b\u00e9 dues mat\u00e8ries espec\u00edfiques.<\/p>\n<table>\n<tbody>\n<tr>\n<td style=\"width: 148.115px; text-align: center;\">Modalitat\/Mat\u00e8ria<\/td>\n<td style=\"width: 143.115px; text-align: center;\">Comuna d&#8217;opci\u00f3<\/td>\n<td style=\"width: 174.146px; text-align: center;\">Modalitat<\/td>\n<td style=\"width: 171.125px; text-align: center;\">Modalitat<\/td>\n<td style=\"width: 154.167px; text-align: center;\">Modalitat<\/td>\n<\/tr>\n<tr>\n<td style=\"width: 148.115px; text-align: center;\">Ci\u00e8ncies<\/td>\n<td style=\"width: 143.115px; text-align: center;\" rowspan=\"2\">Matem\u00e0tiques II<\/td>\n<td style=\"width: 174.146px;\">\n<p style=\"text-align: center;\">Biologia II<\/p>\n<\/td>\n<td style=\"width: 171.125px;\" rowspan=\"2\">\n<p style=\"text-align: center;\">Geologia i Ci\u00e8ncies Ambientals II<\/p>\n<p style=\"text-align: center;\">o<\/p>\n<p style=\"text-align: center;\">F\u00edsica II<\/p>\n<\/td>\n<td style=\"width: 154.167px;\" rowspan=\"2\">\n<p style=\"text-align: center;\">Qu\u00edmica II<\/p>\n<p style=\"text-align: center;\">o<\/p>\n<p style=\"text-align: center;\">Dibuix t\u00e8cnic II<\/p>\n<\/td>\n<\/tr>\n<tr>\n<td style=\"width: 148.115px; text-align: center;\">Tecnologia<\/td>\n<td style=\"width: 174.146px;\">\n<p style=\"text-align: center;\">Tecnologia industrial II<\/p>\n<\/td>\n<\/tr>\n<\/tbody>\n<\/table>\n<p>&nbsp;<\/p>\n","protected":false},"excerpt":{"rendered":"<p>En la modalitat de ci\u00e8ncies i tecnologia, hi ha les <a href=\"https:\/\/agora.xtec.cat\/instiana\/estudis\/batxillerat\/\">mat\u00e8ries comunes<\/a> i la mat\u00e8ria comuna d&#8217;opci\u00f3 que \u00e9s Matem\u00e0tiques.<br \/>\nEn la part diversificada, l&#8217;alumnat ha de cursar tres o quatre mat\u00e8ries de modalitat, una d&#8217;aquestes: la d&#8217;opci\u00f3 obligat\u00f2ria. Si n&#8217;ha cursat nom\u00e9s tres, per&hellip;  <a href=\"https:\/\/agora.xtec.cat\/instiana\/estudis\/batxillerat\/batxillerat-de-ciencies-i-tecnologia\/2n-batxillerat-cientific-tecnologic\/\" title=\"Read 2n Batxillerat cient\u00edfic-tecnol\u00f2gic\">Llegeix m\u00e9s\u00bb<\/a><\/p>\n","protected":false},"author":1,"featured_media":0,"parent":1686,"menu_order":0,"comment_status":"closed","ping_status":"closed","template":"","meta":{"_bbp_topic_count":0,"_bbp_reply_count":0,"_bbp_total_topic_count":0,"_bbp_total_reply_count":0,"_bbp_voice_count":0,"_bbp_anonymous_reply_count":0,"_bbp_topic_count_hidden":0,"_bbp_reply_count_hidden":0,"_bbp_forum_subforum_count":0,"footnotes":""},"class_list":["post-2799","page","type-page","status-publish","hentry"],"post_mailing_queue_ids":[],"_links":{"self":[{"href":"https:\/\/agora.xtec.cat\/instiana\/wp-json\/wp\/v2\/pages\/2799","targetHints":{"allow":["GET"]}}],"collection":[{"href":"https:\/\/agora.xtec.cat\/instiana\/wp-json\/wp\/v2\/pages"}],"about":[{"href":"https:\/\/agora.xtec.cat\/instiana\/wp-json\/wp\/v2\/types\/page"}],"author":[{"embeddable":true,"href":"https:\/\/agora.xtec.cat\/instiana\/wp-json\/wp\/v2\/users\/1"}],"replies":[{"embeddable":true,"href":"https:\/\/agora.xtec.cat\/instiana\/wp-json\/wp\/v2\/comments?post=2799"}],"version-history":[{"count":5,"href":"https:\/\/agora.xtec.cat\/instiana\/wp-json\/wp\/v2\/pages\/2799\/revisions"}],"predecessor-version":[{"id":3726,"href":"https:\/\/agora.xtec.cat\/instiana\/wp-json\/wp\/v2\/pages\/2799\/revisions\/3726"}],"up":[{"embeddable":true,"href":"https:\/\/agora.xtec.cat\/instiana\/wp-json\/wp\/v2\/pages\/1686"}],"wp:attachment":[{"href":"https:\/\/agora.xtec.cat\/instiana\/wp-json\/wp\/v2\/media?parent=2799"}],"curies":[{"name":"wp","href":"https:\/\/api.w.org\/{rel}","templated":true}]}}