{"id":27,"date":"2014-09-17T16:24:03","date_gmt":"2014-09-17T16:24:03","guid":{"rendered":"http:\/\/agora.xtec.cat\/instiana\/?page_id=27"},"modified":"2023-09-27T10:36:11","modified_gmt":"2023-09-27T08:36:11","slug":"historia","status":"publish","type":"page","link":"https:\/\/agora.xtec.cat\/instiana\/linstitut\/historia\/","title":{"rendered":"Hist\u00f2ria"},"content":{"rendered":"<p style=\"text-align: justify;\">L\u2019institut Tiana neix gr\u00e0cies a l\u2019empenta de les fam\u00edlies, de l\u2019Ajuntament i del projecte de l\u2019equip directiu, el 21 de gener de 2011.<\/p>\n<p style=\"text-align: justify;\">Durant el mes de mar\u00e7 del mateix any, es realitzen les primeres preinscripcions a la seu del futur edifici del centre, oferint dues l\u00ednies de 1r d\u2019ESO amb un total de 60 places. No ser\u00e0 fins al moment de la matr\u00edcula, al juny de 2011 i, gr\u00e0cies a assolir una matriculaci\u00f3 total de 53 alumnes, que neix un <strong>nou institut<\/strong>.<\/p>\n<p style=\"text-align: justify;\">Durant el mes de juliol de 2011, i compartint espais amb el Casal d\u2019estiu de l\u2019Ajuntament de Tiana, es procedeix a les obres d\u2019arranjament de l\u2019edifici vell i la posada en marxa de la log\u00edstica i gesti\u00f3 del centre per part del Departament d\u2019Ensenyament i la direcci\u00f3 de l\u2019Institut Tiana. Les obres v\u00e9nen marcades per una forta limitaci\u00f3 pressupost\u00e0ria per part de la Generalitat de Catalunya i per la gran quantitat de desperfectes i canvis estructurals que s\u2019han de fer en un edifici vell com el nostre.<\/p>\n<p style=\"text-align: justify;\">Tot i aquestes dificultats, el dia 12 de setembre de 2011, els alumnes i el professorat de l\u2019Institut Tiana van tallar la cinta simb\u00f2lica d\u2019inauguraci\u00f3 del Centre. Actualment, de nou l\u2019equip directiu i l\u2019Ajuntament, treballen plegats per fer cr\u00e9ixer l\u2019institut.<\/p>\n","protected":false},"excerpt":{"rendered":"<p>L\u2019institut Tiana neix gr\u00e0cies a l\u2019empenta de les fam\u00edlies, de l\u2019Ajuntament i del projecte de l\u2019equip directiu, el 21 de gener de 2011.<br \/>\nDurant el mes de mar\u00e7 del mateix any, es realitzen les primeres preinscripcions a la seu del futur edifici del centre, oferint dues&hellip;  <a href=\"https:\/\/agora.xtec.cat\/instiana\/linstitut\/historia\/\" title=\"Read Hist\u00f2ria\">Llegeix m\u00e9s\u00bb<\/a><\/p>\n","protected":false},"author":1,"featured_media":0,"parent":19,"menu_order":2,"comment_status":"closed","ping_status":"closed","template":"page-templates\/side-menu.php","meta":{"_bbp_topic_count":0,"_bbp_reply_count":0,"_bbp_total_topic_count":0,"_bbp_total_reply_count":0,"_bbp_voice_count":0,"_bbp_anonymous_reply_count":0,"_bbp_topic_count_hidden":0,"_bbp_reply_count_hidden":0,"_bbp_forum_subforum_count":0,"footnotes":""},"class_list":["post-27","page","type-page","status-publish","hentry"],"post_mailing_queue_ids":[],"_links":{"self":[{"href":"https:\/\/agora.xtec.cat\/instiana\/wp-json\/wp\/v2\/pages\/27","targetHints":{"allow":["GET"]}}],"collection":[{"href":"https:\/\/agora.xtec.cat\/instiana\/wp-json\/wp\/v2\/pages"}],"about":[{"href":"https:\/\/agora.xtec.cat\/instiana\/wp-json\/wp\/v2\/types\/page"}],"author":[{"embeddable":true,"href":"https:\/\/agora.xtec.cat\/instiana\/wp-json\/wp\/v2\/users\/1"}],"replies":[{"embeddable":true,"href":"https:\/\/agora.xtec.cat\/instiana\/wp-json\/wp\/v2\/comments?post=27"}],"version-history":[{"count":3,"href":"https:\/\/agora.xtec.cat\/instiana\/wp-json\/wp\/v2\/pages\/27\/revisions"}],"predecessor-version":[{"id":3046,"href":"https:\/\/agora.xtec.cat\/instiana\/wp-json\/wp\/v2\/pages\/27\/revisions\/3046"}],"up":[{"embeddable":true,"href":"https:\/\/agora.xtec.cat\/instiana\/wp-json\/wp\/v2\/pages\/19"}],"wp:attachment":[{"href":"https:\/\/agora.xtec.cat\/instiana\/wp-json\/wp\/v2\/media?parent=27"}],"curies":[{"name":"wp","href":"https:\/\/api.w.org\/{rel}","templated":true}]}}