{"id":195,"date":"2014-09-22T10:39:39","date_gmt":"2014-09-22T10:39:39","guid":{"rendered":"http:\/\/agora.xtec.cat\/instiana\/?page_id=195"},"modified":"2025-09-15T13:31:28","modified_gmt":"2025-09-15T11:31:28","slug":"estudis","status":"publish","type":"page","link":"https:\/\/agora.xtec.cat\/instiana\/estudis\/","title":{"rendered":"Estudis"},"content":{"rendered":"<p>L\u2019Institut Tiana ofereix estudis d\u2019<strong data-start=\"101\" data-end=\"142\">Educaci\u00f3 Secund\u00e0ria Obligat\u00f2ria (ESO)<\/strong> i <strong data-start=\"145\" data-end=\"160\">Batxillerat<\/strong>. El nostre centre disposa de quatre l\u00ednies a 1r i 4t d\u2019ESO, tres l\u00ednies a 2n i 3r d\u2019ESO i una l\u00ednia al PDC. Pel que fa a l\u2019etapa postobligat\u00f2ria, comptem amb dues l\u00ednies de Batxillerat, que inclouen el <strong data-start=\"363\" data-end=\"396\">Batxillerat cient\u00edfico-t\u00e8cnic<\/strong> i el <strong data-start=\"402\" data-end=\"435\">Batxillerat human\u00edstic-social<\/strong>, oferint aix\u00ed diverses opcions segons les prefer\u00e8ncies i interessos dels alumnes.<\/p>\n<p>Si voleu m\u00e9s informaci\u00f3 de cada nivell, la trobareu a cada secci\u00f3.<\/p>\n","protected":false},"excerpt":{"rendered":"<p>L\u2019Institut Tiana ofereix estudis d\u2019Educaci\u00f3 Secund\u00e0ria Obligat\u00f2ria (ESO) i Batxillerat. El nostre centre disposa de quatre l\u00ednies a 1r i 4t d\u2019ESO, tres l\u00ednies a 2n i 3r d\u2019ESO i una l\u00ednia al PDC. Pel que fa a l\u2019etapa postobligat\u00f2ria, comptem amb dues l\u00ednies de&hellip;  <a href=\"https:\/\/agora.xtec.cat\/instiana\/estudis\/\" title=\"Read Estudis\">Llegeix m\u00e9s\u00bb<\/a><\/p>\n","protected":false},"author":1,"featured_media":0,"parent":0,"menu_order":0,"comment_status":"closed","ping_status":"closed","template":"page-templates\/side-menu.php","meta":{"_bbp_topic_count":0,"_bbp_reply_count":0,"_bbp_total_topic_count":0,"_bbp_total_reply_count":0,"_bbp_voice_count":0,"_bbp_anonymous_reply_count":0,"_bbp_topic_count_hidden":0,"_bbp_reply_count_hidden":0,"_bbp_forum_subforum_count":0,"footnotes":""},"class_list":["post-195","page","type-page","status-publish","hentry"],"post_mailing_queue_ids":[],"_links":{"self":[{"href":"https:\/\/agora.xtec.cat\/instiana\/wp-json\/wp\/v2\/pages\/195","targetHints":{"allow":["GET"]}}],"collection":[{"href":"https:\/\/agora.xtec.cat\/instiana\/wp-json\/wp\/v2\/pages"}],"about":[{"href":"https:\/\/agora.xtec.cat\/instiana\/wp-json\/wp\/v2\/types\/page"}],"author":[{"embeddable":true,"href":"https:\/\/agora.xtec.cat\/instiana\/wp-json\/wp\/v2\/users\/1"}],"replies":[{"embeddable":true,"href":"https:\/\/agora.xtec.cat\/instiana\/wp-json\/wp\/v2\/comments?post=195"}],"version-history":[{"count":8,"href":"https:\/\/agora.xtec.cat\/instiana\/wp-json\/wp\/v2\/pages\/195\/revisions"}],"predecessor-version":[{"id":3906,"href":"https:\/\/agora.xtec.cat\/instiana\/wp-json\/wp\/v2\/pages\/195\/revisions\/3906"}],"wp:attachment":[{"href":"https:\/\/agora.xtec.cat\/instiana\/wp-json\/wp\/v2\/media?parent=195"}],"curies":[{"name":"wp","href":"https:\/\/api.w.org\/{rel}","templated":true}]}}