{"id":1944,"date":"2020-06-10T17:50:48","date_gmt":"2020-06-10T15:50:48","guid":{"rendered":"https:\/\/agora.xtec.cat\/instiana\/?page_id=1944"},"modified":"2025-09-15T12:52:52","modified_gmt":"2025-09-15T10:52:52","slug":"matricula-batxillerat","status":"publish","type":"page","link":"https:\/\/agora.xtec.cat\/instiana\/secretaria\/matricula-batxillerat\/","title":{"rendered":"Matr\u00edcula Batxillerat"},"content":{"rendered":"<h3 style=\"text-align: left;\"><strong>Matr\u00edcula Batxillerat del 20 al 30 de juny 2025<\/strong><\/h3>\n<h4><img loading=\"lazy\" decoding=\"async\" class=\"alignright\" src=\"https:\/\/govern.cat\/govern\/docs\/2020\/03\/18\/13\/14\/041c0a46-fec1-4fcf-965f-7f7049ea6bc0.jpg\" alt=\"Nota de premsa. Departament d'Educaci\u00f3\" width=\"244\" height=\"183\" \/><\/h4>\n<p>La preinscripci\u00f3 \u00e9s el tr\u00e0mit que cal fer per poder accedir a l&#8217;institut de Tiana si l&#8217;alumne\/a no est\u00e0 matriculat en el nostre centre. <strong>L&#8217;alumnat adm\u00e8s en el per\u00edode de preinscripci\u00f3 haur\u00e0 de formalitzar la matr\u00edcula<\/strong> <strong>de forma presencial del 20 al 30 de juny de 2025 en horari de dilluns a divendres de 9:00 a 14:00 h i el dilluns 30 de juny tamb\u00e9 en horari de tarda de 16:00 a 19:00h.<\/strong><\/p>\n<p><strong>Documentaci\u00f3<\/strong> <strong>que cal portar<\/strong> per formalitzar la matr\u00edcula:<\/p>\n<ul>\n<li><strong>Fitxa de dades personals i acad\u00e8miques emplenada a trav\u00e9s de TPV.<\/strong><\/li>\n<li><strong>Formulari de la tria de mat\u00e8ries de modalitat i optatives emplenada a trav\u00e9s de TPV. <\/strong><span style=\"color: #0000ff;\">M\u00e9s informaci\u00f3<\/span><\/li>\n<li><strong>Full d&#8217;autoritzacions signat a trav\u00e9s del TPV.<\/strong><\/li>\n<li><strong>Carta de comprom\u00eds educatiu signat a trav\u00e9s del TPV.<\/strong><\/li>\n<li><strong>Ingr\u00e9s de la quota de material a trav\u00e9s del TPV.<\/strong><\/li>\n<li><strong>Ingr\u00e9s de la quota digital i AFA\u00a0 a trav\u00e9s del TPV.\u00a0<\/strong><\/li>\n<li><strong><img loading=\"lazy\" decoding=\"async\" class=\" wp-image-2569 alignright\" src=\"https:\/\/agora.xtec.cat\/instiana\/wp-content\/uploads\/usu1968\/2022\/03\/MATRICULA-BATXILLERAT.jpg\" alt=\"\" width=\"251\" height=\"167\" \/><strong style=\"font-family: inherit; font-size: 1em;\"><strong style=\"font-family: inherit; font-size: 1em;\">Fotoc\u00f2pia del DNI de l&#8217;alumne\/a.\u00a0<\/strong><\/strong><\/strong><\/li>\n<li><strong>Fotoc\u00f2pia del llibre de fam\u00edlia.<\/strong><\/li>\n<li><strong>Fotoc\u00f2pia de la targeta sanit\u00e0ria individual TSI.<\/strong><\/li>\n<li><strong>Una fotografia tipus carnet amb el nom i els cognoms al darrere.<\/strong><\/li>\n<li><strong>Resguard del t\u00edtol de l\u2019ESO o butllet\u00ed de notes de l\u2019avaluaci\u00f3 final de 4t de l\u2019ESO.<\/strong><\/li>\n<li><strong>Fotoc\u00f2pia de la sent\u00e8ncia de divorci (si escau).<\/strong><\/li>\n<li><img loading=\"lazy\" decoding=\"async\" class=\"alignnone wp-image-1768\" style=\"font-family: inherit; font-size: 1em; text-align: center;\" src=\"https:\/\/agora.xtec.cat\/instiana\/wp-content\/uploads\/usu1968\/2020\/05\/PDF.jpg\" alt=\"\" width=\"43\" height=\"43\" srcset=\"https:\/\/agora.xtec.cat\/instiana\/wp-content\/uploads\/usu1968\/2020\/05\/PDF.jpg 600w, https:\/\/agora.xtec.cat\/instiana\/wp-content\/uploads\/usu1968\/2020\/05\/PDF-150x150.jpg 150w, https:\/\/agora.xtec.cat\/instiana\/wp-content\/uploads\/usu1968\/2020\/05\/PDF-300x300.jpg 300w\" sizes=\"auto, (max-width: 43px) 100vw, 43px\" \/><span style=\"font-family: inherit; font-size: 1em; text-align: center;\"> <a href=\"https:\/\/agora.xtec.cat\/instiana\/wp-content\/uploads\/usu1968\/2025\/03\/Quota-material-BTX-25-26.pdf\">Quota material BTX 25-26<\/a>\u00a0<\/span><\/li>\n<\/ul>\n<p><!--more--><\/p>\n<ul style=\"list-style-type: disc;\">\n<li><strong>Cal recordar que els alumnes que continuen escolaritzats en l&#8217;institut de Tiana no han de participar en el proc\u00e9s de preinscripci\u00f3. Nom\u00e9s cal fer la confirmaci\u00f3 de la pla\u00e7a i la tria de mat\u00e8ries de modalitat durant el mes de juny.<\/strong><\/li>\n<\/ul>\n<p><img loading=\"lazy\" decoding=\"async\" class=\"size-full wp-image-2564 alignleft\" src=\"https:\/\/agora.xtec.cat\/instiana\/wp-content\/uploads\/usu1968\/2022\/03\/Nou-INS-Tiana-1.png\" alt=\"\" width=\"132\" height=\"127\" \/>Si <strong>voleu matricular-vos a l&#8217;institut<\/strong> i no heu pogut participar en el proc\u00e9s de preinscripci\u00f3 d&#8217;enguany cal que us poseu en <strong>contacte<\/strong> amb nosaltres a l&#8217;adre\u00e7a electr\u00f2nica<a href=\"mailto:instiana@xtec.cat\"> instiana@xtec.cat<\/a> o b\u00e9 que ens truqueu al <strong>933 951 719<\/strong> de dilluns a divendres de 09 a 14 hores on us resoldrem qualsevol dubte o pregunta relacionada amb la possibilitat de matricular-vos al nostre centre.<\/p>\n<h5>Oferta de places Batxillerat curs 2025-2026 a l&#8217;institut de Tiana per l&#8217;alumnat de fora del centre:<\/h5>\n<table class=\" alignleft\" style=\"height: 200px; width: 281px; border-color: #000000; background-color: #daf0a8;\" width=\"281\">\n<tbody>\n<tr>\n<td style=\"width: 74px; text-align: center;\">\n<h6>Curs<\/h6>\n<\/td>\n<td style=\"width: 199px; text-align: center;\">\n<h6>INS Tiana<\/h6>\n<\/td>\n<\/tr>\n<tr>\n<td style=\"width: 74px; text-align: center;\">BTX<\/td>\n<td style=\"width: 199px; text-align: center;\"><strong>Oferta de places<\/strong><\/td>\n<\/tr>\n<tr>\n<td style=\"width: 74px; text-align: center;\">1r<\/td>\n<td style=\"width: 199px; text-align: center;\"><\/td>\n<\/tr>\n<tr>\n<td style=\"width: 74px; text-align: center;\">2n<\/td>\n<td style=\"width: 199px; text-align: center;\"><\/td>\n<\/tr>\n<\/tbody>\n<\/table>\n<p><a href=\"http:\/\/mapaescolar.gencat.cat\/\" target=\"_blank\" rel=\"noopener noreferrer\"><img loading=\"lazy\" decoding=\"async\" class=\"wp-image-1834 alignleft\" src=\"https:\/\/agora.xtec.cat\/instiana\/wp-content\/uploads\/usu1968\/2020\/05\/9bbf2494810bcd59128ed08509d4d4fc.png\" alt=\"\" width=\"143\" height=\"143\" srcset=\"https:\/\/agora.xtec.cat\/instiana\/wp-content\/uploads\/usu1968\/2020\/05\/9bbf2494810bcd59128ed08509d4d4fc.png 640w, https:\/\/agora.xtec.cat\/instiana\/wp-content\/uploads\/usu1968\/2020\/05\/9bbf2494810bcd59128ed08509d4d4fc-150x150.png 150w, https:\/\/agora.xtec.cat\/instiana\/wp-content\/uploads\/usu1968\/2020\/05\/9bbf2494810bcd59128ed08509d4d4fc-300x300.png 300w\" sizes=\"auto, (max-width: 143px) 100vw, 143px\" \/><\/a><\/p>\n<p>&nbsp;<\/p>\n<p>&nbsp;<\/p>\n<p>&nbsp;<\/p>\n<p>&nbsp;<\/p>\n<h3 style=\"text-align: left;\"><\/h3>\n<p>&nbsp;<\/p>\n<p><strong>App TPV<\/strong><\/p>\n<p style=\"font-weight: 400;\">Per poder fer els pagaments i firmar les autoritzacions heu d&#8217;accedir a <b><a href=\"https:\/\/tpvescola.com\/DirectLogin.aspx?eid=449\" target=\"_blank\" rel=\"noopener\" data-saferedirecturl=\"https:\/\/www.google.com\/url?q=https:\/\/tpvescola.com\/DirectLogin.aspx?eid%3D449&amp;source=gmail&amp;ust=1655452557321000&amp;usg=AOvVaw1IXwm9sXAbDFQZZ-KSgB6F\">TPV escola<\/a><\/b> o descarregar-vos l&#8217;app. Teniu les instruccions i v\u00eddeos explicatius al seg\u00fcent enlla\u00e7:<\/p>\n<p><a href=\"https:\/\/tpvescola.com\/webiframe\/Aterratge.html\" target=\"_blank\" rel=\"noopener\">https:\/\/tpvescola.com\/webiframe\/Aterratge.html<\/a><\/p>\n","protected":false},"excerpt":{"rendered":"<p>Matr\u00edcula Batxillerat del 20 al 30 de juny 2025<\/p>\n<p>La preinscripci\u00f3 \u00e9s el tr\u00e0mit que cal fer per poder accedir a l&#8217;institut de Tiana si l&#8217;alumne\/a no est\u00e0 matriculat en el nostre centre. L&#8217;alumnat adm\u00e8s en el per\u00edode de preinscripci\u00f3 haur\u00e0 de formalitzar la matr\u00edcula de&hellip;  <a href=\"https:\/\/agora.xtec.cat\/instiana\/secretaria\/matricula-batxillerat\/\" title=\"Read Matr\u00edcula Batxillerat\">Llegeix m\u00e9s\u00bb<\/a><\/p>\n","protected":false},"author":1,"featured_media":0,"parent":81,"menu_order":6,"comment_status":"closed","ping_status":"closed","template":"page-templates\/side-menu.php","meta":{"_bbp_topic_count":0,"_bbp_reply_count":0,"_bbp_total_topic_count":0,"_bbp_total_reply_count":0,"_bbp_voice_count":0,"_bbp_anonymous_reply_count":0,"_bbp_topic_count_hidden":0,"_bbp_reply_count_hidden":0,"_bbp_forum_subforum_count":0,"footnotes":""},"class_list":["post-1944","page","type-page","status-publish","hentry"],"post_mailing_queue_ids":[],"_links":{"self":[{"href":"https:\/\/agora.xtec.cat\/instiana\/wp-json\/wp\/v2\/pages\/1944","targetHints":{"allow":["GET"]}}],"collection":[{"href":"https:\/\/agora.xtec.cat\/instiana\/wp-json\/wp\/v2\/pages"}],"about":[{"href":"https:\/\/agora.xtec.cat\/instiana\/wp-json\/wp\/v2\/types\/page"}],"author":[{"embeddable":true,"href":"https:\/\/agora.xtec.cat\/instiana\/wp-json\/wp\/v2\/users\/1"}],"replies":[{"embeddable":true,"href":"https:\/\/agora.xtec.cat\/instiana\/wp-json\/wp\/v2\/comments?post=1944"}],"version-history":[{"count":6,"href":"https:\/\/agora.xtec.cat\/instiana\/wp-json\/wp\/v2\/pages\/1944\/revisions"}],"predecessor-version":[{"id":3898,"href":"https:\/\/agora.xtec.cat\/instiana\/wp-json\/wp\/v2\/pages\/1944\/revisions\/3898"}],"up":[{"embeddable":true,"href":"https:\/\/agora.xtec.cat\/instiana\/wp-json\/wp\/v2\/pages\/81"}],"wp:attachment":[{"href":"https:\/\/agora.xtec.cat\/instiana\/wp-json\/wp\/v2\/media?parent=1944"}],"curies":[{"name":"wp","href":"https:\/\/api.w.org\/{rel}","templated":true}]}}