{"id":19,"date":"2014-09-17T14:56:56","date_gmt":"2014-09-17T14:56:56","guid":{"rendered":"http:\/\/agora.xtec.cat\/instiana\/?page_id=19"},"modified":"2019-10-10T10:22:53","modified_gmt":"2019-10-10T08:22:53","slug":"linstitut","status":"publish","type":"page","link":"https:\/\/agora.xtec.cat\/instiana\/linstitut\/","title":{"rendered":"L&#8217;institut"},"content":{"rendered":"<p style=\"text-align: justify;\">L\u2019institut Tiana neix el curs 2011-2012, amb un primer d&#8217;ESO de dues l\u00ednies.\u00a0Actualment, el centre, en constant creixement, ja ofereix tots els nivells d&#8217;ESO i, en alguns d&#8217;ells, hi ha tres grups.\u00a0Es preveu que durant aquest curs, es faran els canvis necessaris per poder impartir tamb\u00e9 un Batxillerat, tal com demana la comunitat educativa des de fa temps. L&#8217;Ajuntament i la direcci\u00f3 del centre treballen plegats per aconseguir-ho.<\/p>\n<p style=\"text-align: justify;\">A l&#8217;institut Tiana cerquem l&#8217;<a href=\"https:\/\/agora.xtec.cat\/instiana\/excellencia\/\"><strong>excel\u00b7l\u00e8ncia<\/strong><\/a>. \u00c9s per aix\u00f2 que intentem, amb diferents propostes pedag\u00f2giques i el continu treball diari, apropar-nos al rendiment m\u00e0xim de tots els nostres alumnes.<\/p>\n<p style=\"text-align: justify;\">Un dels pilars sobre els quals s&#8217;articula la filosofia del nostre centre \u00e9s la <strong><a href=\"https:\/\/agora.xtec.cat\/instiana\/wp-content\/uploads\/usu1968\/2019\/02\/inclusio.pdf\"><strong>inclusi\u00f3<\/strong><\/a><\/strong>. El PEC de l&#8217;Institut Tiana estableix que s&#8217;aplicaran pr\u00e0ctiques inclusives per al tractament de la diversitat.<\/p>\n<p style=\"text-align: justify;\">El projecte de <strong><a href=\"https:\/\/agora.xtec.cat\/instiana\/acompanyam\/\"><strong>conviv\u00e8ncia<\/strong><\/a><\/strong> de l&#8217;Institut Tiana pret\u00e9n que les relacions que s&#8217;estableixen dins del centre entre alumnes, professors i personal d&#8217;administraci\u00f3 i serveis, es desenvolupin sempre en un marc de di\u00e0leg.<\/p>\n","protected":false},"excerpt":{"rendered":"<p>L\u2019institut Tiana neix el curs 2011-2012, amb un primer d&#8217;ESO de dues l\u00ednies.\u00a0Actualment, el centre, en constant creixement, ja ofereix tots els nivells d&#8217;ESO i, en alguns d&#8217;ells, hi ha tres grups.\u00a0Es preveu que durant aquest curs, es faran els canvis necessaris per poder impartir&hellip;  <a href=\"https:\/\/agora.xtec.cat\/instiana\/linstitut\/\" title=\"Read L&#8217;institut\">Llegeix m\u00e9s\u00bb<\/a><\/p>\n","protected":false},"author":1,"featured_media":0,"parent":0,"menu_order":0,"comment_status":"closed","ping_status":"closed","template":"page-templates\/side-menu.php","meta":{"_bbp_topic_count":0,"_bbp_reply_count":0,"_bbp_total_topic_count":0,"_bbp_total_reply_count":0,"_bbp_voice_count":0,"_bbp_anonymous_reply_count":0,"_bbp_topic_count_hidden":0,"_bbp_reply_count_hidden":0,"_bbp_forum_subforum_count":0,"footnotes":""},"class_list":["post-19","page","type-page","status-publish","hentry"],"post_mailing_queue_ids":[],"_links":{"self":[{"href":"https:\/\/agora.xtec.cat\/instiana\/wp-json\/wp\/v2\/pages\/19","targetHints":{"allow":["GET"]}}],"collection":[{"href":"https:\/\/agora.xtec.cat\/instiana\/wp-json\/wp\/v2\/pages"}],"about":[{"href":"https:\/\/agora.xtec.cat\/instiana\/wp-json\/wp\/v2\/types\/page"}],"author":[{"embeddable":true,"href":"https:\/\/agora.xtec.cat\/instiana\/wp-json\/wp\/v2\/users\/1"}],"replies":[{"embeddable":true,"href":"https:\/\/agora.xtec.cat\/instiana\/wp-json\/wp\/v2\/comments?post=19"}],"version-history":[{"count":3,"href":"https:\/\/agora.xtec.cat\/instiana\/wp-json\/wp\/v2\/pages\/19\/revisions"}],"predecessor-version":[{"id":1419,"href":"https:\/\/agora.xtec.cat\/instiana\/wp-json\/wp\/v2\/pages\/19\/revisions\/1419"}],"wp:attachment":[{"href":"https:\/\/agora.xtec.cat\/instiana\/wp-json\/wp\/v2\/media?parent=19"}],"curies":[{"name":"wp","href":"https:\/\/api.w.org\/{rel}","templated":true}]}}