{"id":1813,"date":"2022-03-14T14:00:02","date_gmt":"2022-03-14T13:00:02","guid":{"rendered":"https:\/\/agora.xtec.cat\/instiana\/?page_id=1813"},"modified":"2026-04-10T14:20:40","modified_gmt":"2026-04-10T12:20:40","slug":"preinscripcio-batxillerat","status":"publish","type":"page","link":"https:\/\/agora.xtec.cat\/instiana\/secretaria\/preinscripcio-batxillerat\/","title":{"rendered":"Preinscripci\u00f3 Batxillerat"},"content":{"rendered":"<h3 style=\"text-align: left;\"><strong>Preinscripci\u00f3 batxillerat curs 2026-2027<a href=\"https:\/\/agora.xtec.cat\/instiana\/wp-content\/uploads\/usu1968\/2020\/05\/DepEducacio.png\"><img loading=\"lazy\" decoding=\"async\" class=\"wp-image-1895 alignright\" src=\"https:\/\/agora.xtec.cat\/instiana\/wp-content\/uploads\/usu1968\/2020\/05\/DepEducacio.png\" alt=\"\" width=\"191\" height=\"114\" srcset=\"https:\/\/agora.xtec.cat\/instiana\/wp-content\/uploads\/usu1968\/2020\/05\/DepEducacio.png 1000w, https:\/\/agora.xtec.cat\/instiana\/wp-content\/uploads\/usu1968\/2020\/05\/DepEducacio-300x180.png 300w, https:\/\/agora.xtec.cat\/instiana\/wp-content\/uploads\/usu1968\/2020\/05\/DepEducacio-768x461.png 768w\" sizes=\"auto, (max-width: 191px) 100vw, 191px\" \/><\/a><\/strong><\/h3>\n<p><strong>Per presentar la sol\u00b7licitud<\/strong> de preinscripci\u00f3 a l&#8217;institut de Tiana <strong>cal<\/strong>, a trav\u00e9s d&#8217;Internet, <strong>omplir un formulari electr\u00f2nic o b\u00e9 un formulari de suport inform\u00e0tic<\/strong>.<\/p>\n<p>En el cas del formulari electr\u00f2nic cal identificar-se amb un certificat digital per\u00f2 si no \u00e9s possible pots presentar la sol\u00b7licitud en suport inform\u00e0tic.<\/p>\n<p>Al nostre institut <strong>impartim les modalitats<\/strong> de<strong> ci\u00e8ncies, tecnologia<\/strong>, <strong>humanitats i ci\u00e8ncies socials<\/strong> per\u00f2 no ser\u00e0 fins al per\u00edode de matr\u00edcula del 18 al 30 de juny quan cal comunicar-nos quina modalitat cursar\u00e0s.<\/p>\n<h5>Calendari<\/h5>\n<table class=\" alignleft\" style=\"height: 600px; width: 59.4581%;\" width=\"484\">\n<tbody>\n<tr style=\"height: 34px;\">\n<td style=\"width: 49.0835%; text-align: center; height: 51px;\"><span style=\"color: #808080;\">\u200bPublicaci\u00f3 de l&#8217;oferta inicial<\/span><\/td>\n<td style=\"width: 49.2872%; text-align: center; height: 51px;\"><strong>08 d&#8217;abril<\/strong><\/td>\n<\/tr>\n<tr style=\"height: 36px;\">\n<td style=\"width: 49.0835%; text-align: center; height: 52px;\"><a href=\"http:\/\/ensenyament.gencat.cat\/ca\/tramits\/tramits-temes\/9388-batxillerat?moda=1\"><span style=\"color: #808080;\">Presentaci\u00f3 de sol\u00b7licituds<\/span><\/a><\/td>\n<td style=\"width: 49.2872%; text-align: center; height: 52px;\"><strong>Del 09 al 16 d&#8217;abril<\/strong><\/td>\n<\/tr>\n<tr style=\"height: 36px;\">\n<td style=\"width: 49.0835%; text-align: center; height: 50px;\"><span style=\"color: #999999;\">Presentaci\u00f3 de documentaci\u00f3<\/span><\/td>\n<td style=\"width: 49.2872%; text-align: center; height: 50px;\">Fins al 17 d&#8217;abril<\/td>\n<\/tr>\n<tr style=\"height: 51px;\">\n<td style=\"width: 49.0835%; text-align: center; height: 56px;\"><span style=\"color: #999999;\">Publicaci\u00f3 de les llistes amb el barem provisional<\/span><\/td>\n<td style=\"width: 49.2872%; text-align: center; height: 56px;\">14 de maig<\/td>\n<\/tr>\n<tr style=\"height: 51px;\">\n<td style=\"width: 49.0835%; text-align: center; height: 56px;\"><span style=\"color: #999999;\">Presentaci\u00f3 de reclamacions al barem provisional<\/span><\/td>\n<td style=\"width: 49.2872%; text-align: center; height: 56px;\">Del 14 al 20 de maig<\/td>\n<\/tr>\n<tr style=\"height: 51px;\">\n<td style=\"width: 49.0835%; text-align: center; height: 57px;\"><span style=\"color: #999999;\">Publicaci\u00f3 de llistes amb el barem un cop resoltes les reclamacions<\/span><\/td>\n<td style=\"width: 49.2872%; text-align: center; height: 57px;\">26 de maig<\/td>\n<\/tr>\n<tr style=\"height: 36px;\">\n<td style=\"width: 49.0835%; text-align: center; height: 47px;\"><span style=\"color: #999999;\">Sorteig<\/span><\/td>\n<td style=\"width: 49.2872%; text-align: center; height: 47px;\">26 de maig<\/td>\n<\/tr>\n<tr style=\"height: 51px;\">\n<td style=\"width: 49.0835%; text-align: center; height: 59px;\"><span style=\"color: #999999;\"><strong>Publicaci\u00f3 de llistes ordenades definitives<\/strong><\/span><\/td>\n<td style=\"width: 49.2872%; text-align: center; height: 59px;\">29 de maig<\/td>\n<\/tr>\n<tr style=\"height: 36px;\">\n<td style=\"width: 49.0835%; text-align: center; height: 60px;\"><span style=\"color: #999999;\"><strong>Publicaci\u00f3 de l&#8217;oferta final<\/strong><\/span><\/td>\n<td style=\"width: 49.2872%; text-align: center; height: 60px;\"><span style=\"color: #999999;\"><strong>\u00a017 de juny<\/strong><\/span><\/td>\n<\/tr>\n<tr style=\"height: 51px;\">\n<td style=\"width: 49.0835%; text-align: center; height: 60px;\"><span style=\"color: #999999;\"><strong>Publicaci\u00f3 de les llistes d&#8217;assignaci\u00f3 i llista d&#8217;espera<\/strong><\/span><\/td>\n<td style=\"width: 49.2872%; text-align: center; height: 60px;\"><strong>17 de juny<\/strong><\/td>\n<\/tr>\n<tr style=\"height: 36px;\">\n<td style=\"width: 49.0835%; text-align: center; height: 52px;\"><strong>Matr\u00edcula<\/strong><\/td>\n<td style=\"width: 49.2872%; text-align: center; height: 52px;\"><strong>Del 18 al 30 de juny<\/strong><\/td>\n<\/tr>\n<\/tbody>\n<\/table>\n<h6>Informaci\u00f3:\u00a0 \u00a0 \u00a0 \u00a0 \u00a0 \u00a0 \u00a0 \u00a0 \u00a0 \u00a0 \u00a0 \u00a0 \u00a0Tria educativa:<\/h6>\n<h6 style=\"text-align: center;\">Accedeix a \u201c Batxillerat\u201d\u00a0<img loading=\"lazy\" decoding=\"async\" class=\"alignnone\" src=\"https:\/\/triaeducativa.gencat.cat\/web\/resources\/fwkResponsive\/fpca_capcalera\/img\/arrow-right-r.svg\" alt=\"\" width=\"16\" height=\"16\" \/><\/h6>\n<h5><a href=\"https:\/\/triaeducativa.gencat.cat\/ca\/inici\" target=\"_blank\" rel=\"noopener\"><img loading=\"lazy\" decoding=\"async\" class=\"wp-image-2871 alignnone\" src=\"https:\/\/agora.xtec.cat\/instiana\/wp-content\/uploads\/usu1968\/2023\/04\/Tria-educativa-300x169.jpg\" alt=\"\" width=\"291\" height=\"164\" srcset=\"https:\/\/agora.xtec.cat\/instiana\/wp-content\/uploads\/usu1968\/2023\/04\/Tria-educativa-300x169.jpg 300w, https:\/\/agora.xtec.cat\/instiana\/wp-content\/uploads\/usu1968\/2023\/04\/Tria-educativa.jpg 553w\" sizes=\"auto, (max-width: 291px) 100vw, 291px\" \/><\/a><\/h5>\n<h6 style=\"text-align: left;\">Es podran admetre sol\u00b7licituds presentades un cop finalitzat el per\u00edode de presentaci\u00f3 de sol\u00b7licituds, i es marcaran com a sol\u00b7licituds presentades fora de termini, sempre que no hagi finalitzat el per\u00edode de reclamacions al barem provisional, \u00e9s a dir fins al 20 de maig.<\/h6>\n<p><strong>Acc\u00e9s a la presentaci\u00f3 <\/strong><strong>de la sol\u00b7licitud:<\/strong><\/p>\n<p><a href=\"https:\/\/educacio.gencat.cat\/ca\/tramits\/tramits-temes\/9388-batxillerat?moda=1\" target=\"_blank\" rel=\"noopener\"><img loading=\"lazy\" decoding=\"async\" class=\"alignnone wp-image-2873\" src=\"https:\/\/agora.xtec.cat\/instiana\/wp-content\/uploads\/usu1968\/2023\/04\/Presentacio-300x100.png\" alt=\"\" width=\"348\" height=\"116\" srcset=\"https:\/\/agora.xtec.cat\/instiana\/wp-content\/uploads\/usu1968\/2023\/04\/Presentacio-300x100.png 300w, https:\/\/agora.xtec.cat\/instiana\/wp-content\/uploads\/usu1968\/2023\/04\/Presentacio.png 660w\" sizes=\"auto, (max-width: 348px) 100vw, 348px\" \/><\/a><\/p>\n<p>Per a qualsevol <strong>aclariment<\/strong> <strong>o pregunta<\/strong> no dubteu en <strong>posar-vos en contacte<\/strong> amb nosaltres a l&#8217;adre\u00e7a electr\u00f2nica <a href=\"mailto:preinscripcions@instiana.cat\">preinscripcions@instiana.cat <\/a>o b\u00e9 trucant-nos al <strong>93 395 17 19<\/strong> de dilluns a divendres de 09 a 14 hores.<\/p>\n<h5><\/h5>\n<h5>Oferta de places Batxillerat a l&#8217;institut de Tiana per l&#8217;alumnat de fora del centre:<\/h5>\n<table class=\" alignleft\" style=\"height: 187px; width: 281px; border-color: #000000; background-color: #daf0a8;\" width=\"281\">\n<tbody>\n<tr style=\"height: 56px;\">\n<td style=\"width: 74px; text-align: center; height: 56px;\">\n<h6>Curs<\/h6>\n<\/td>\n<td style=\"width: 199px; text-align: center; height: 56px;\">\n<h6>INS Tiana<\/h6>\n<\/td>\n<\/tr>\n<tr style=\"height: 43px;\">\n<td style=\"width: 74px; text-align: center; height: 43px;\">BTX<\/td>\n<td style=\"width: 199px; text-align: center; height: 43px;\"><strong>Oferta de places<\/strong><\/td>\n<\/tr>\n<tr style=\"height: 44px;\">\n<td style=\"width: 74px; text-align: center; height: 44px;\">1r<\/td>\n<td style=\"width: 199px; text-align: center; height: 44px;\">11<\/td>\n<\/tr>\n<tr style=\"height: 44px;\">\n<td style=\"width: 74px; text-align: center; height: 44px;\">2n<\/td>\n<td style=\"width: 199px; text-align: center; height: 44px;\">16<\/td>\n<\/tr>\n<\/tbody>\n<\/table>\n<p><a href=\"http:\/\/mapaescolar.gencat.cat\/\" target=\"_blank\" rel=\"noopener noreferrer\"><img loading=\"lazy\" decoding=\"async\" class=\"wp-image-1834 alignleft\" src=\"https:\/\/agora.xtec.cat\/instiana\/wp-content\/uploads\/usu1968\/2020\/05\/9bbf2494810bcd59128ed08509d4d4fc.png\" alt=\"\" width=\"143\" height=\"143\" srcset=\"https:\/\/agora.xtec.cat\/instiana\/wp-content\/uploads\/usu1968\/2020\/05\/9bbf2494810bcd59128ed08509d4d4fc.png 640w, https:\/\/agora.xtec.cat\/instiana\/wp-content\/uploads\/usu1968\/2020\/05\/9bbf2494810bcd59128ed08509d4d4fc-150x150.png 150w, https:\/\/agora.xtec.cat\/instiana\/wp-content\/uploads\/usu1968\/2020\/05\/9bbf2494810bcd59128ed08509d4d4fc-300x300.png 300w\" sizes=\"auto, (max-width: 143px) 100vw, 143px\" \/><\/a><\/p>\n<p>&nbsp;<\/p>\n<p>&nbsp;<\/p>\n<p>&nbsp;<\/p>\n<p>&nbsp;<\/p>\n<p>&nbsp;<\/p>\n<table style=\"height: 33px;\" width=\"756\">\n<tbody>\n<tr>\n<td style=\"width: 374px; text-align: center;\"><strong>Llistes Barem Provisional<\/strong><\/td>\n<td style=\"width: 374px; text-align: center;\"><\/td>\n<\/tr>\n<tr>\n<td style=\"width: 374px; text-align: center;\"><strong>Publicaci\u00f3 de llistes ordenades definitives<\/strong><\/td>\n<td style=\"width: 374px; text-align: center;\"><\/td>\n<\/tr>\n<tr>\n<td style=\"width: 374px; text-align: center;\"><strong>Llistes d&#8217;assignaci\u00f3<\/strong><\/td>\n<td style=\"width: 374px; text-align: center;\"><\/td>\n<\/tr>\n<tr>\n<td style=\"width: 374px; text-align: center;\"><strong>Llista d&#8217;espera<\/strong><\/td>\n<td style=\"width: 374px; text-align: center;\"><\/td>\n<\/tr>\n<\/tbody>\n<\/table>\n","protected":false},"excerpt":{"rendered":"<p>Preinscripci\u00f3 batxillerat curs 2026-2027<a href=\"https:\/\/agora.xtec.cat\/instiana\/wp-content\/uploads\/usu1968\/2020\/05\/DepEducacio.png\"><\/a><br \/>\nPer presentar la sol\u00b7licitud de preinscripci\u00f3 a l&#8217;institut de Tiana cal, a trav\u00e9s d&#8217;Internet, omplir un formulari electr\u00f2nic o b\u00e9 un formulari de suport inform\u00e0tic.<br \/>\nEn el cas del formulari electr\u00f2nic cal identificar-se amb un certificat digital per\u00f2 si no \u00e9s possible&hellip;  <a href=\"https:\/\/agora.xtec.cat\/instiana\/secretaria\/preinscripcio-batxillerat\/\" title=\"Read Preinscripci\u00f3 Batxillerat\">Llegeix m\u00e9s\u00bb<\/a><\/p>\n","protected":false},"author":1,"featured_media":0,"parent":81,"menu_order":5,"comment_status":"closed","ping_status":"closed","template":"page-templates\/side-menu.php","meta":{"_bbp_topic_count":0,"_bbp_reply_count":0,"_bbp_total_topic_count":0,"_bbp_total_reply_count":0,"_bbp_voice_count":0,"_bbp_anonymous_reply_count":0,"_bbp_topic_count_hidden":0,"_bbp_reply_count_hidden":0,"_bbp_forum_subforum_count":0,"footnotes":""},"class_list":["post-1813","page","type-page","status-publish","hentry"],"post_mailing_queue_ids":[],"_links":{"self":[{"href":"https:\/\/agora.xtec.cat\/instiana\/wp-json\/wp\/v2\/pages\/1813","targetHints":{"allow":["GET"]}}],"collection":[{"href":"https:\/\/agora.xtec.cat\/instiana\/wp-json\/wp\/v2\/pages"}],"about":[{"href":"https:\/\/agora.xtec.cat\/instiana\/wp-json\/wp\/v2\/types\/page"}],"author":[{"embeddable":true,"href":"https:\/\/agora.xtec.cat\/instiana\/wp-json\/wp\/v2\/users\/1"}],"replies":[{"embeddable":true,"href":"https:\/\/agora.xtec.cat\/instiana\/wp-json\/wp\/v2\/comments?post=1813"}],"version-history":[{"count":6,"href":"https:\/\/agora.xtec.cat\/instiana\/wp-json\/wp\/v2\/pages\/1813\/revisions"}],"predecessor-version":[{"id":4269,"href":"https:\/\/agora.xtec.cat\/instiana\/wp-json\/wp\/v2\/pages\/1813\/revisions\/4269"}],"up":[{"embeddable":true,"href":"https:\/\/agora.xtec.cat\/instiana\/wp-json\/wp\/v2\/pages\/81"}],"wp:attachment":[{"href":"https:\/\/agora.xtec.cat\/instiana\/wp-json\/wp\/v2\/media?parent=1813"}],"curies":[{"name":"wp","href":"https:\/\/api.w.org\/{rel}","templated":true}]}}