{"id":1809,"date":"2020-05-10T17:23:45","date_gmt":"2020-05-10T15:23:45","guid":{"rendered":"https:\/\/agora.xtec.cat\/instiana\/?page_id=1809"},"modified":"2026-04-15T12:08:12","modified_gmt":"2026-04-15T10:08:12","slug":"preinscripcio","status":"publish","type":"page","link":"https:\/\/agora.xtec.cat\/instiana\/secretaria\/preinscripcio\/","title":{"rendered":"Preinscripci\u00f3 ESO"},"content":{"rendered":"<h3 style=\"text-align: left;\"><strong>Preinscripci\u00f3 ESO curs 2026-2027<\/strong><\/h3>\n<h5>Presentaci\u00f3 de sol\u00b7licituds de preinscripci\u00f3 a l&#8217;institut de Tiana:<\/h5>\n<h5>Calendari<\/h5>\n<table class=\" alignleft\" style=\"height: 748px; width: 447px;\" width=\"484\">\n<tbody>\n<tr style=\"height: 34px;\">\n<td style=\"width: 218px; text-align: center; height: 34px;\"><strong><span style=\"color: #808080;\">\u200b<span style=\"color: #000000;\">Publicaci\u00f3 de l&#8217;oferta inicial<\/span><\/span><\/strong><\/td>\n<td style=\"width: 221px; text-align: center; height: 34px;\"><strong><span style=\"color: #000000;\">03 de mar\u00e7<\/span><\/strong><\/td>\n<\/tr>\n<tr style=\"height: 36px;\">\n<td style=\"width: 218px; text-align: center; height: 36px;\"><strong><span style=\"color: #000000;\">Presentaci\u00f3 de sol\u00b7licituds<\/span><\/strong><\/td>\n<td style=\"width: 221px; text-align: center; height: 36px;\"><strong><span style=\"color: #000000;\">del 06 al 18 de mar\u00e7<\/span><\/strong><\/td>\n<\/tr>\n<tr style=\"height: 36px;\">\n<td style=\"width: 218px; text-align: center; height: 36px;\"><span style=\"color: #000000;\">Presentaci\u00f3 de documentaci\u00f3<\/span><\/td>\n<td style=\"width: 221px; text-align: center; height: 36px;\"><span style=\"color: #000000;\">Fins al 19 de mar\u00e7<\/span><\/td>\n<\/tr>\n<tr style=\"height: 51px;\">\n<td style=\"width: 218px; text-align: center; height: 51px;\"><span style=\"color: #000000;\">Publicaci\u00f3 de les llistes amb el barem provisional<\/span><\/td>\n<td style=\"width: 221px; text-align: center; height: 51px;\"><span style=\"color: #000000;\">15 d&#8217;abril<\/span><\/td>\n<\/tr>\n<tr style=\"height: 51px;\">\n<td style=\"width: 218px; text-align: center; height: 51px;\"><span style=\"color: #000000;\">Presentaci\u00f3 de reclamacions al barem provisional<\/span><\/td>\n<td style=\"width: 221px; text-align: center; height: 51px;\"><span style=\"color: #000000;\">Del 15 al 20 d&#8217;abril<\/span><\/td>\n<\/tr>\n<tr style=\"height: 51px;\">\n<td style=\"width: 218px; text-align: center; height: 51px;\"><span style=\"color: #000000;\">Publicaci\u00f3 de llistes amb el barem un cop resoltes les reclamacions<\/span><\/td>\n<td style=\"width: 221px; text-align: center; height: 51px;\"><span style=\"color: #000000;\">23 d&#8217;abril<\/span><\/td>\n<\/tr>\n<tr style=\"height: 36px;\">\n<td style=\"width: 218px; text-align: center; height: 36px;\"><span style=\"color: #000000;\">Sorteig<\/span><\/td>\n<td style=\"width: 221px; text-align: center; height: 36px;\"><span style=\"color: #000000;\">28 d&#8217;abril<\/span><\/td>\n<\/tr>\n<tr style=\"height: 51px;\">\n<td style=\"width: 218px; text-align: center; height: 51px;\"><span style=\"color: #000000;\"><strong>Publicaci\u00f3 de llistes ordenades definitives<\/strong><\/span><\/td>\n<td style=\"width: 221px; text-align: center; height: 51px;\"><span style=\"color: #000000;\"><strong>29 d&#8217;abril<\/strong><\/span><\/td>\n<\/tr>\n<tr style=\"height: 36px;\">\n<td style=\"width: 218px; text-align: center; height: 36px;\"><span style=\"color: #000000;\">Publicaci\u00f3 de l&#8217;oferta final<\/span><\/td>\n<td style=\"width: 221px; text-align: center; height: 36px;\"><span style=\"color: #000000;\">10 de juny<\/span><\/td>\n<\/tr>\n<tr style=\"height: 51px;\">\n<td style=\"width: 218px; text-align: center; height: 51px;\"><span style=\"color: #000000;\"><strong>Publicaci\u00f3 de les llistes d&#8217;assignaci\u00f3 i llista d&#8217;espera<\/strong><\/span><\/td>\n<td style=\"width: 221px; text-align: center; height: 51px;\"><span style=\"color: #000000;\"><strong>10 de juny<\/strong><\/span><\/td>\n<\/tr>\n<tr style=\"height: 36px;\">\n<td style=\"width: 218px; text-align: center; height: 36px;\"><a href=\"https:\/\/agora.xtec.cat\/instiana\/organitzacio-i-gestio\/secretaria\/matricula-eso\/\"><strong>Matr\u00edcula ESO<\/strong><\/a><\/td>\n<td style=\"width: 221px; text-align: center; height: 36px;\"><strong>Del 22 al 30 de juny<\/strong><\/td>\n<\/tr>\n<\/tbody>\n<\/table>\n<h5><span style=\"font-size: 1em;\">El proc\u00e9s de preinscripci\u00f3 \u00e9s telem\u00e0tic:<\/span><\/h5>\n<div class=\"list-item-wrapper\">\n<div class=\"col content-col\">\n<h6 style=\"text-align: left;\">Per fer la sol\u00b7licitud de preinscripci\u00f3 al nostre centre cal presentar tant la documentaci\u00f3 que acredita la identitat de les fam\u00edlies sol\u00b7licitants com la documentaci\u00f3 que acredita el compliment dels criteris de prioritat d&#8217;assignaci\u00f3 de places. Al fer els tr\u00e0mits de manera telem\u00e0tica, <strong>cal escanejar o fotografiar tots els documents demanats per ambdues cares<\/strong> i tenir-los disponibles en el dispositiu utilitzat per emplenar el formulari de preinscripci\u00f3, ja sigui un ordinador, una tauleta o un tel\u00e8fon intel\u00b7ligent, per tal de poder-los adjuntar.<\/h6>\n<\/div>\n<\/div>\n<h5>Informaci\u00f3 i presentaci\u00f3 de sol\u00b7licituds a:\u00a0 <a href=\"https:\/\/preinscripcio.gencat.cat\/ca\/estudis\/eso\/inici\/\" target=\"_blank\" rel=\"noopener noreferrer\">Estudiar a Catalunya<\/a><\/h5>\n<h5><\/h5>\n<h6 style=\"text-align: left;\"><img loading=\"lazy\" decoding=\"async\" class=\"alignright wp-image-3701 size-medium\" src=\"https:\/\/agora.xtec.cat\/instiana\/wp-content\/uploads\/usu1968\/2024\/03\/cartell-preinscripcio-25-26-1448x2048.jpg-870x580-1-e1741781071782-300x188.jpg\" alt=\"\" width=\"300\" height=\"188\" srcset=\"https:\/\/agora.xtec.cat\/instiana\/wp-content\/uploads\/usu1968\/2024\/03\/cartell-preinscripcio-25-26-1448x2048.jpg-870x580-1-e1741781071782-300x188.jpg 300w, https:\/\/agora.xtec.cat\/instiana\/wp-content\/uploads\/usu1968\/2024\/03\/cartell-preinscripcio-25-26-1448x2048.jpg-870x580-1-e1741781071782-768x480.jpg 768w, https:\/\/agora.xtec.cat\/instiana\/wp-content\/uploads\/usu1968\/2024\/03\/cartell-preinscripcio-25-26-1448x2048.jpg-870x580-1-e1741781071782.jpg 800w\" sizes=\"auto, (max-width: 300px) 100vw, 300px\" \/>Cal tenir present que es podran admetre sol\u00b7licituds presentades un cop finalitzat el per\u00edode de presentaci\u00f3 de sol\u00b7licituds, i es marcaran com a sol\u00b7licituds presentades <span style=\"color: #993366;\">fora de termini<\/span>, sempre que no hagi finalitzat el per\u00edode de reclamacions al barem provisional, \u00e9s a dir <span style=\"color: #993366;\">fins al 20 d&#8217;abril<\/span>.<\/h6>\n<p><b>Si hi ha algun problema per presentar la documentaci\u00f3 acreditativa del <strong>sistema de puntuacions (barem) amb les <\/strong>prioritats de cada alumne o alumna cal accedir a l&#8217;adre\u00e7a electr\u00f2nica \u00a0<\/b><a href=\"mailto:preinscripcions@instiana.cat\">preinscripcions@instiana.cat<\/a> <strong>i lliurar la documentaci\u00f3<\/strong> acreditativa escanejada o fotografiada. Per a qualsevol <strong>aclariment<\/strong> <strong>o pregunta<\/strong> no dubteu en <strong>posar-vos en contacte<\/strong> amb nosaltres a la mateixa adre\u00e7a electr\u00f2nica\u00a0 <a href=\"mailto:preinscripcions@instiana.cat\">preinscripcions@instiana.cat <\/a>o\u00a0 b\u00e9 trucant-nos al <strong>93 395 17 19<\/strong> de 09 a 14 hores de dilluns a divendres.<\/p>\n<h5><\/h5>\n<h5>Oferta de places ESO a l&#8217;institut de Tiana:<\/h5>\n<table class=\" alignleft\" style=\"height: 200px; width: 33.5943%; border-color: #000000; background-color: #daf0a8;\" width=\"281\">\n<tbody>\n<tr>\n<td style=\"width: 15.7667%; text-align: center;\">ESO<\/td>\n<td style=\"width: 36.0691%; text-align: center;\"><strong>Ordin\u00e0ries<\/strong><\/td>\n<td style=\"width: 23.6502%; text-align: center;\"><strong>NEE-A<\/strong><\/td>\n<td style=\"width: 22.5702%; text-align: center;\"><strong>NEE-B<\/strong><\/td>\n<\/tr>\n<tr>\n<td style=\"width: 15.7667%; text-align: center;\">1r<\/td>\n<td style=\"width: 36.0691%; text-align: center;\">70<\/td>\n<td style=\"width: 23.6502%; text-align: center;\">3<\/td>\n<td style=\"width: 22.5702%; text-align: center;\">8<\/td>\n<\/tr>\n<tr>\n<td style=\"width: 15.7667%; text-align: center;\">2n<\/td>\n<td style=\"width: 36.0691%; text-align: center;\">0<\/td>\n<td style=\"width: 23.6502%; text-align: center;\">0<\/td>\n<td style=\"width: 22.5702%; text-align: center;\">0<\/td>\n<\/tr>\n<tr>\n<td style=\"width: 15.7667%; text-align: center;\">3r<\/td>\n<td style=\"width: 36.0691%; text-align: center;\">0<\/td>\n<td style=\"width: 23.6502%; text-align: center;\">0<\/td>\n<td style=\"width: 22.5702%; text-align: center;\">0<\/td>\n<\/tr>\n<tr>\n<td style=\"width: 15.7667%; text-align: center;\">4t<\/td>\n<td style=\"width: 36.0691%; text-align: center;\">2<\/td>\n<td style=\"width: 23.6502%; text-align: center;\">2<\/td>\n<td style=\"width: 22.5702%; text-align: center;\">0<\/td>\n<\/tr>\n<\/tbody>\n<\/table>\n<p><a href=\"http:\/\/mapaescolar.gencat.cat\/\" target=\"_blank\" rel=\"noopener noreferrer\"><img loading=\"lazy\" decoding=\"async\" class=\"wp-image-1834 alignleft\" src=\"https:\/\/agora.xtec.cat\/instiana\/wp-content\/uploads\/usu1968\/2020\/05\/9bbf2494810bcd59128ed08509d4d4fc.png\" alt=\"\" width=\"143\" height=\"143\" srcset=\"https:\/\/agora.xtec.cat\/instiana\/wp-content\/uploads\/usu1968\/2020\/05\/9bbf2494810bcd59128ed08509d4d4fc.png 640w, https:\/\/agora.xtec.cat\/instiana\/wp-content\/uploads\/usu1968\/2020\/05\/9bbf2494810bcd59128ed08509d4d4fc-150x150.png 150w, https:\/\/agora.xtec.cat\/instiana\/wp-content\/uploads\/usu1968\/2020\/05\/9bbf2494810bcd59128ed08509d4d4fc-300x300.png 300w\" sizes=\"auto, (max-width: 143px) 100vw, 143px\" \/><\/a><\/p>\n<p>&nbsp;<\/p>\n<p>&nbsp;<\/p>\n<p>&nbsp;<\/p>\n<p>&nbsp;<\/p>\n<p>&nbsp;<\/p>\n<h4>Publicacions:<\/h4>\n<table style=\"height: 258px; width: 109.216%;\" width=\"805\">\n<tbody>\n<tr style=\"height: 43px;\">\n<td style=\"width: 284px; text-align: center; height: 43px;\">\n<h6>Barem provisional<\/h6>\n<\/td>\n<td style=\"width: 513px; text-align: center; height: 43px;\"><a href=\"https:\/\/agora.xtec.cat\/instiana\/wp-content\/uploads\/usu1968\/2026\/04\/INFORME_BAREM_PROVISIONAL_BAREM-6.pdf\">INFORME_BAREM_PROVISIONAL_BAREM (6)<\/a><\/td>\n<\/tr>\n<tr style=\"height: 43px;\">\n<td style=\"width: 284px; text-align: center; height: 43px;\">\n<h6>Barem resoltes reclamacions<\/h6>\n<\/td>\n<td style=\"width: 513px; text-align: center; height: 43px;\">INFORME_BAREM_RESOLTES_BAREM (9)<\/td>\n<\/tr>\n<tr style=\"height: 43px;\">\n<td style=\"width: 284px; text-align: center; height: 43px;\">\n<h6>Barem definitiu ordenat<\/h6>\n<\/td>\n<td style=\"width: 513px; text-align: center; height: 43px;\">INFORME_BAREM_DEFINITIU_BAREM (6)<\/td>\n<\/tr>\n<tr style=\"height: 43px;\">\n<td style=\"width: 284px; text-align: center; height: 43px;\">\n<h6>Llistes alumnes preinscrits al centre<\/h6>\n<\/td>\n<td style=\"width: 513px; text-align: center; height: 43px;\">INFORME_PREINSCRITES_OME_INFORME_PREINSCRITES_OME (3)<\/td>\n<\/tr>\n<tr style=\"height: 43px;\">\n<td style=\"width: 284px; text-align: center; height: 43px;\">\n<h6><strong>Llistes d&#8217;assignaci\u00f3<\/strong><\/h6>\n<\/td>\n<td style=\"width: 513px; text-align: center; height: 43px;\">INFORME_ASSIGNADES_INFORME_ASSIGNADES (6)<\/td>\n<\/tr>\n<tr style=\"height: 43px;\">\n<td style=\"width: 284px; text-align: center; height: 43px;\">\n<h6><strong>Llistes d&#8217;espera<\/strong><\/h6>\n<\/td>\n<td style=\"width: 513px; text-align: center; height: 43px;\">INFORME_LLISTA_ESPERA_OME_LLISTA_ESPERA (4)<\/td>\n<\/tr>\n<\/tbody>\n<\/table>\n<p>&nbsp;<\/p>\n","protected":false},"excerpt":{"rendered":"<p>Preinscripci\u00f3 ESO curs 2026-2027<br \/>\nPresentaci\u00f3 de sol\u00b7licituds de preinscripci\u00f3 a l&#8217;institut de Tiana:<br \/>\nCalendari<\/p>\n<p>\u200bPublicaci\u00f3 de l&#8217;oferta inicial<br \/>\n03 de mar\u00e7<\/p>\n<p>Presentaci\u00f3 de sol\u00b7licituds<br \/>\ndel 06 al 18 de mar\u00e7<\/p>\n<p>Presentaci\u00f3 de documentaci\u00f3<br \/>\nFins al 19 de mar\u00e7<\/p>\n<p>Publicaci\u00f3 de les llistes amb el barem provisional<br \/>\n15 d&#8217;abril<\/p>\n<p>Presentaci\u00f3 de reclamacions al barem provisional<br \/>\nDel 15 al&hellip;  <a href=\"https:\/\/agora.xtec.cat\/instiana\/secretaria\/preinscripcio\/\" title=\"Read Preinscripci\u00f3 ESO\">Llegeix m\u00e9s\u00bb<\/a><\/p>\n","protected":false},"author":1,"featured_media":0,"parent":81,"menu_order":4,"comment_status":"closed","ping_status":"closed","template":"page-templates\/side-menu.php","meta":{"_bbp_topic_count":0,"_bbp_reply_count":0,"_bbp_total_topic_count":0,"_bbp_total_reply_count":0,"_bbp_voice_count":0,"_bbp_anonymous_reply_count":0,"_bbp_topic_count_hidden":0,"_bbp_reply_count_hidden":0,"_bbp_forum_subforum_count":0,"footnotes":""},"class_list":["post-1809","page","type-page","status-publish","hentry"],"post_mailing_queue_ids":[],"_links":{"self":[{"href":"https:\/\/agora.xtec.cat\/instiana\/wp-json\/wp\/v2\/pages\/1809","targetHints":{"allow":["GET"]}}],"collection":[{"href":"https:\/\/agora.xtec.cat\/instiana\/wp-json\/wp\/v2\/pages"}],"about":[{"href":"https:\/\/agora.xtec.cat\/instiana\/wp-json\/wp\/v2\/types\/page"}],"author":[{"embeddable":true,"href":"https:\/\/agora.xtec.cat\/instiana\/wp-json\/wp\/v2\/users\/1"}],"replies":[{"embeddable":true,"href":"https:\/\/agora.xtec.cat\/instiana\/wp-json\/wp\/v2\/comments?post=1809"}],"version-history":[{"count":6,"href":"https:\/\/agora.xtec.cat\/instiana\/wp-json\/wp\/v2\/pages\/1809\/revisions"}],"predecessor-version":[{"id":4271,"href":"https:\/\/agora.xtec.cat\/instiana\/wp-json\/wp\/v2\/pages\/1809\/revisions\/4271"}],"up":[{"embeddable":true,"href":"https:\/\/agora.xtec.cat\/instiana\/wp-json\/wp\/v2\/pages\/81"}],"wp:attachment":[{"href":"https:\/\/agora.xtec.cat\/instiana\/wp-json\/wp\/v2\/media?parent=1809"}],"curies":[{"name":"wp","href":"https:\/\/api.w.org\/{rel}","templated":true}]}}