{"id":1697,"date":"2020-04-26T23:32:22","date_gmt":"2020-04-26T21:32:22","guid":{"rendered":"https:\/\/agora.xtec.cat\/instiana\/?page_id=1697"},"modified":"2026-03-25T14:55:04","modified_gmt":"2026-03-25T13:55:04","slug":"batxillerat-dhumanitats-i-ciencies-socials","status":"publish","type":"page","link":"https:\/\/agora.xtec.cat\/instiana\/estudis\/batxillerat\/batxillerat-dhumanitats-i-ciencies-socials\/","title":{"rendered":"2n de Batxillerat"},"content":{"rendered":"<p style=\"text-align: justify;\" data-start=\"171\" data-end=\"398\">El segon curs de batxillerat \u00e9s una etapa clau en el recorregut acad\u00e8mic de l\u2019alumnat. A l\u2019Institut de Tiana, acompanyem l\u2019alumnat en aquest moment decisiu amb una formaci\u00f3 rigorosa, orientaci\u00f3 personalitzada i suport constant.<\/p>\n<p style=\"text-align: justify;\" data-start=\"400\" data-end=\"625\">Durant aquest curs, es consoliden els aprenentatges, es prepara la prova d&#8217;acc\u00e9s a la universitat (<a href=\"https:\/\/universitats.gencat.cat\/ca\/pau\/index.html\">PAU<\/a>) i es facilita l\u2019orientaci\u00f3 per a estudis posteriors, tant universitaris com de formaci\u00f3 professional o altres itineraris.<\/p>\n<p style=\"text-align: justify;\" data-start=\"400\" data-end=\"625\"><a href=\"https:\/\/agora.xtec.cat\/instiana\/batxillerat-dhumanitats-i-ciencies-socials\/2n-batxillerat-humanitats-i-ciencies-socials\/\"><strong>MODALITAT D&#8217;HUMANITATS I CI\u00c8NCIES SOCIALS<\/strong><\/a><\/p>\n<p style=\"text-align: justify;\">En la modalitat d&#8217;humanitats i ci\u00e8ncies socials, hi ha les <a href=\"https:\/\/agora.xtec.cat\/instiana\/estudis\/batxillerat\/\">mat\u00e8ries comunes<\/a> i les mat\u00e8ries comunes d&#8217;opci\u00f3 que s\u00f3n <strong>Matem\u00e0tiques aplicades a les ci\u00e8ncies socials <\/strong>o<strong> Llat\u00ed<\/strong>.<\/p>\n<p style=\"text-align: justify;\">En la part diversificada, l&#8217;alumnat ha de cursar tres o quatre mat\u00e8ries de modalitat, una d&#8217;aquestes la d&#8217;opci\u00f3 obligat\u00f2ria. Si n&#8217;ha cursat nom\u00e9s tres, per completar el curr\u00edculum, l&#8217;alumnat pot triar una mat\u00e8ria d&#8217;una altra modalitat o b\u00e9 dues mat\u00e8ries espec\u00edfiques.<\/p>\n<p style=\"text-align: center;\">Podeu descarregar <a href=\"https:\/\/agora.xtec.cat\/instiana\/wp-content\/uploads\/usu1968\/2025\/09\/BATXLOEM3000201_4-2.pdf\">l&#8217;horari del curs 25-26<\/a> aqu\u00ed!<\/p>\n<p style=\"text-align: justify;\"><a href=\"https:\/\/agora.xtec.cat\/instiana\/estudis\/batxillerat\/batxillerat-de-ciencies-i-tecnologia\/2n-batxillerat-cientific-tecnologic\/\"><strong>MODALITAT DE CI\u00c8NCIES I TECNOLOGIA<\/strong><\/a><\/p>\n<p style=\"text-align: justify;\">En aquesta modalitat, hi ha les <a href=\"https:\/\/agora.xtec.cat\/instiana\/estudis\/batxillerat\/\">mat\u00e8ries comunes generals<\/a> i la mat\u00e8ria comuna d\u2019opci\u00f3 que \u00e9s <strong>M<\/strong><strong>atem\u00e0tiques<\/strong>.<\/p>\n<p style=\"text-align: justify;\">En la part diversificada, l\u2019alumnat ha de cursar tres o quatre mat\u00e8ries de modalitat, una d\u2019aquestes: la d\u2019opci\u00f3 obligat\u00f2ria. Si n\u2019ha cursat nom\u00e9s tres, per completar el curr\u00edculum, l\u2019alumnat pot triar una mat\u00e8ria d\u2019una altra modalitat o b\u00e9 dues mat\u00e8ries espec\u00edfiques.<\/p>\n<p style=\"text-align: center;\">Podeu descarregar <a href=\"https:\/\/agora.xtec.cat\/instiana\/wp-content\/uploads\/usu1968\/2025\/09\/BATXLOEM2000201_2-1.pdf\">l&#8217;horari del curs 25-26<\/a> aqu\u00ed!<\/p>\n<p>Quadre resum de totes les assignatures comunes i de modalitat de 2n de Batxillerat:<\/p>\n<p><img loading=\"lazy\" decoding=\"async\" class=\" wp-image-4265 aligncenter\" src=\"https:\/\/agora.xtec.cat\/instiana\/wp-content\/uploads\/usu1968\/2026\/03\/materies-2n-de-batxillerat-300x224.jpg\" alt=\"\" width=\"491\" height=\"367\" srcset=\"https:\/\/agora.xtec.cat\/instiana\/wp-content\/uploads\/usu1968\/2026\/03\/materies-2n-de-batxillerat-300x224.jpg 300w, https:\/\/agora.xtec.cat\/instiana\/wp-content\/uploads\/usu1968\/2026\/03\/materies-2n-de-batxillerat-768x572.jpg 768w, https:\/\/agora.xtec.cat\/instiana\/wp-content\/uploads\/usu1968\/2026\/03\/materies-2n-de-batxillerat-200x150.jpg 200w, https:\/\/agora.xtec.cat\/instiana\/wp-content\/uploads\/usu1968\/2026\/03\/materies-2n-de-batxillerat.jpg 879w\" sizes=\"auto, (max-width: 491px) 100vw, 491px\" \/><\/p>\n","protected":false},"excerpt":{"rendered":"<p>El segon curs de batxillerat \u00e9s una etapa clau en el recorregut acad\u00e8mic de l\u2019alumnat. A l\u2019Institut de Tiana, acompanyem l\u2019alumnat en aquest moment decisiu amb una formaci\u00f3 rigorosa, orientaci\u00f3 personalitzada i suport constant.<br \/>\nDurant aquest curs, es consoliden els aprenentatges, es prepara la prova d&#8217;acc\u00e9s&hellip;  <a href=\"https:\/\/agora.xtec.cat\/instiana\/estudis\/batxillerat\/batxillerat-dhumanitats-i-ciencies-socials\/\" title=\"Read 2n de Batxillerat\">Llegeix m\u00e9s\u00bb<\/a><\/p>\n","protected":false},"author":1,"featured_media":0,"parent":1672,"menu_order":1,"comment_status":"closed","ping_status":"closed","template":"page-templates\/side-menu.php","meta":{"_bbp_topic_count":0,"_bbp_reply_count":0,"_bbp_total_topic_count":0,"_bbp_total_reply_count":0,"_bbp_voice_count":0,"_bbp_anonymous_reply_count":0,"_bbp_topic_count_hidden":0,"_bbp_reply_count_hidden":0,"_bbp_forum_subforum_count":0,"footnotes":""},"class_list":["post-1697","page","type-page","status-publish","hentry"],"post_mailing_queue_ids":[],"_links":{"self":[{"href":"https:\/\/agora.xtec.cat\/instiana\/wp-json\/wp\/v2\/pages\/1697","targetHints":{"allow":["GET"]}}],"collection":[{"href":"https:\/\/agora.xtec.cat\/instiana\/wp-json\/wp\/v2\/pages"}],"about":[{"href":"https:\/\/agora.xtec.cat\/instiana\/wp-json\/wp\/v2\/types\/page"}],"author":[{"embeddable":true,"href":"https:\/\/agora.xtec.cat\/instiana\/wp-json\/wp\/v2\/users\/1"}],"replies":[{"embeddable":true,"href":"https:\/\/agora.xtec.cat\/instiana\/wp-json\/wp\/v2\/comments?post=1697"}],"version-history":[{"count":6,"href":"https:\/\/agora.xtec.cat\/instiana\/wp-json\/wp\/v2\/pages\/1697\/revisions"}],"predecessor-version":[{"id":4267,"href":"https:\/\/agora.xtec.cat\/instiana\/wp-json\/wp\/v2\/pages\/1697\/revisions\/4267"}],"up":[{"embeddable":true,"href":"https:\/\/agora.xtec.cat\/instiana\/wp-json\/wp\/v2\/pages\/1672"}],"wp:attachment":[{"href":"https:\/\/agora.xtec.cat\/instiana\/wp-json\/wp\/v2\/media?parent=1697"}],"curies":[{"name":"wp","href":"https:\/\/api.w.org\/{rel}","templated":true}]}}